{"id":9770,"date":"2024-12-25T06:12:30","date_gmt":"2024-12-25T06:12:30","guid":{"rendered":"https:\/\/happinesslab.store\/?page_id=9770"},"modified":"2025-02-14T05:27:07","modified_gmt":"2025-02-14T05:27:07","slug":"levelling-up-leadership-and-communication","status":"publish","type":"page","link":"https:\/\/brillianaire.sg\/vi\/workshop-for-individuals\/levelling-up-leadership-and-communication\/","title":{"rendered":"N\u00e2ng cao tr\u00ecnh \u0111\u1ed9: L\u00e3nh \u0111\u1ea1o v\u00e0 Giao ti\u1ebfp"},"content":{"rendered":"<div data-elementor-type=\"wp-page\" data-elementor-id=\"9770\" class=\"elementor elementor-9770\">\n\t\t\t\t<div class=\"elementor-element elementor-element-b586c28 e-flex e-con-boxed e-con e-parent\" data-id=\"b586c28\" data-element_type=\"container\">\n\t\t\t\t\t<div class=\"e-con-inner\">\n\t\t<div class=\"elementor-element elementor-element-ef762e4 e-con-full e-flex e-con e-child\" data-id=\"ef762e4\" data-element_type=\"container\">\n\t\t<div class=\"elementor-element elementor-element-85c37bb e-con-full e-flex e-con e-child\" data-id=\"85c37bb\" data-element_type=\"container\">\n\t\t<div class=\"elementor-element elementor-element-14982af e-con-full e-flex e-con e-child\" data-id=\"14982af\" data-element_type=\"container\">\n\t\t\t\t<div class=\"elementor-element elementor-element-bb23d65 elementor-invisible elementor-widget elementor-widget-heading\" data-id=\"bb23d65\" data-element_type=\"widget\" data-settings=\"{&quot;_animation&quot;:&quot;fadeInUp&quot;}\" data-widget_type=\"heading.default\">\n\t\t\t\t<div class=\"elementor-widget-container\">\n\t\t\t\t\t<h2 class=\"elementor-heading-title elementor-size-default\">N\u00e2ng cao tr\u00ecnh \u0111\u1ed9: L\u00e3nh \u0111\u1ea1o v\u00e0 Giao ti\u1ebfp <\/h2>\t\t\t\t<\/div>\n\t\t\t\t<\/div>\n\t\t\t\t<div class=\"elementor-element elementor-element-f2ff82b elementor-widget elementor-widget-text-editor\" data-id=\"f2ff82b\" data-element_type=\"widget\" data-widget_type=\"text-editor.default\">\n\t\t\t\t<div class=\"elementor-widget-container\">\n\t\t\t\t\t\t\t\t\t<p>Trong b\u1ed1i c\u1ea3nh gi\u00e1o d\u1ee5c kh\u00f4ng ng\u1eebng ph\u00e1t tri\u1ec3n, c\u00e1c nh\u00e0 gi\u00e1o d\u1ee5c kh\u00f4ng ch\u1ec9 l\u00e0 ng\u01b0\u1eddi h\u01b0\u1edbng d\u1eabn. H\u1ecd \u0111\u00f3ng vai tr\u00f2 then ch\u1ed1t trong vi\u1ec7c nu\u00f4i d\u01b0\u1ee1ng t\u00e2m h\u1ed3n tr\u1ebb th\u01a1 v\u00e0 \u0111\u1ecbnh h\u00ecnh n\u00ean nh\u1eefng nh\u00e0 l\u00e3nh \u0111\u1ea1o t\u01b0\u01a1ng lai. D\u00f9 trong hay ngo\u00e0i l\u1edbp h\u1ecdc, nh\u1eefng nh\u00e0 gi\u00e1o d\u1ee5c gi\u1ecfi nh\u1ea5t kh\u00f4ng ch\u1ec9 d\u1ea1y h\u1ecdc, m\u00e0 c\u00f2n l\u00e0 ng\u01b0\u1eddi d\u1eabn d\u1eaft.<\/p><p>Th\u00f4ng qua h\u1ed9i th\u1ea3o k\u00e9o d\u00e0i 5 gi\u1edd n\u00e0y, c\u00e1c nh\u00e0 gi\u00e1o d\u1ee5c s\u1ebd c\u00f3 \u0111\u01b0\u1ee3c nh\u1eefng hi\u1ec3u bi\u1ebft v\u00f4 gi\u00e1 v\u1ec1 vi\u1ec7c th\u1ea5u hi\u1ec3u b\u1ea3n th\u00e2n v\u00e0 \u0111\u1ed3ng nghi\u1ec7p. H\u1ecd s\u1ebd kh\u00e1m ph\u00e1 c\u00e1c c\u00f4ng c\u1ee5 v\u00e0 k\u1ef9 thu\u1eadt \u0111\u1ec3 qu\u1ea3n l\u00fd b\u1ea5t \u0111\u1ed3ng v\u00e0 \u0111i\u1ec1u h\u01b0\u1edbng n\u01a1i l\u00e0m vi\u1ec7c m\u1ed9t c\u00e1ch t\u1ef1 tin v\u00e0 kh\u00e9o l\u00e9o, t\u1ea1o ra m\u1ed9t m\u00f4i tr\u01b0\u1eddng h\u1ecdc t\u1eadp v\u00e0 l\u00e0m vi\u1ec7c n\u0103ng \u0111\u1ed9ng v\u00e0 h\u00e0i h\u00f2a.<\/p>\t\t\t\t\t\t\t\t<\/div>\n\t\t\t\t<\/div>\n\t\t\t\t<\/div>\n\t\t<div class=\"elementor-element elementor-element-cc61e90 e-con-full e-flex e-con e-child\" data-id=\"cc61e90\" data-element_type=\"container\">\n\t\t\t\t<div class=\"elementor-element elementor-element-19b34a4 elementor-invisible elementor-widget elementor-widget-image\" data-id=\"19b34a4\" data-element_type=\"widget\" data-settings=\"{&quot;_animation&quot;:&quot;fadeInLeft&quot;}\" data-widget_type=\"image.default\">\n\t\t\t\t<div class=\"elementor-widget-container\">\n\t\t\t\t\t\t\t\t\t\t\t\t\t\t\t<img decoding=\"async\" src=\"https:\/\/brillianaire.sg\/wp-content\/uploads\/elementor\/thumbs\/raised-up-hands-of-large-group-in-seminar-class-ro-2023-11-27-04-49-25-utc-qwaomyg7kxe3qh1s9nlxbe3ujzab3i9kpzzl7zp0fk.jpg\" title=\"nh\u00f3m l\u1edbn gi\u01a1 tay trong l\u1edbp h\u1ed9i th\u1ea3o ro-2023-11-27-04-49-25-utc\" alt=\"raised-up-hands-of-large-group-in-seminar-class-ro-2023-11-27-04-49-25-utc\" loading=\"lazy\" \/>\t\t\t\t\t\t\t\t\t\t\t\t\t\t\t<\/div>\n\t\t\t\t<\/div>\n\t\t\t\t<\/div>\n\t\t\t\t<\/div>\n\t\t\t\t<div class=\"elementor-element elementor-element-3b0dedd elementor-widget elementor-widget-heading\" data-id=\"3b0dedd\" data-element_type=\"widget\" data-widget_type=\"heading.default\">\n\t\t\t\t<div class=\"elementor-widget-container\">\n\t\t\t\t\t<h3 class=\"elementor-heading-title elementor-size-default\">\u0110\u1ea1i c\u01b0\u01a1ng h\u1ed9i th\u1ea3o<\/h3>\t\t\t\t<\/div>\n\t\t\t\t<\/div>\n\t\t<div class=\"elementor-element elementor-element-abd0a11 e-grid e-con-full e-con e-child\" data-id=\"abd0a11\" data-element_type=\"container\">\n\t\t<div class=\"elementor-element elementor-element-756001c e-con-full e-flex e-con e-child\" data-id=\"756001c\" data-element_type=\"container\" data-settings=\"{&quot;background_background&quot;:&quot;classic&quot;}\">\n\t\t\t\t<div class=\"elementor-element elementor-element-d711fa1 elementor-widget elementor-widget-heading\" data-id=\"d711fa1\" data-element_type=\"widget\" data-widget_type=\"heading.default\">\n\t\t\t\t<div class=\"elementor-widget-container\">\n\t\t\t\t\t<h3 class=\"elementor-heading-title elementor-size-default\">Phi\u00ean 1: Ph\u00e2n t\u00edch tr\u01b0\u1edbc h\u1ed9i th\u1ea3o <\/h3>\t\t\t\t<\/div>\n\t\t\t\t<\/div>\n\t\t\t\t<div class=\"elementor-element elementor-element-ab25501 elementor-icon-list--layout-traditional elementor-list-item-link-full_width elementor-widget elementor-widget-icon-list\" data-id=\"ab25501\" data-element_type=\"widget\" data-widget_type=\"icon-list.default\">\n\t\t\t\t<div class=\"elementor-widget-container\">\n\t\t\t\t\t\t\t<ul class=\"elementor-icon-list-items\">\n\t\t\t\t\t\t\t<li class=\"elementor-icon-list-item\">\n\t\t\t\t\t\t\t\t\t\t\t<span class=\"elementor-icon-list-icon\">\n\t\t\t\t\t\t\t<i aria-hidden=\"true\" class=\"jki jki-check-solid\"><\/i>\t\t\t\t\t\t<\/span>\n\t\t\t\t\t\t\t\t\t\t<span class=\"elementor-icon-list-text\">Nh\u1eadn \u0111\u1ecbnh c\u00e1 nh\u00e2n: Kh\u00e1m ph\u00e1 b\u1ea3n th\u00e2n th\u00f4ng qua b\u00e0i \u0111\u00e1nh gi\u00e1 chuy\u00ean s\u00e2u c\u1ee7a ch\u00fang t\u00f4i. Hi\u1ec3u r\u00f5 h\u01a1n v\u1ec1 \u0111\u1eb7c \u0111i\u1ec3m t\u00ednh c\u00e1ch, phong c\u00e1ch giao ti\u1ebfp v\u00e0 nhi\u1ec1u h\u01a1n th\u1ebf n\u1eefa.<\/span>\n\t\t\t\t\t\t\t\t\t<\/li>\n\t\t\t\t\t\t<\/ul>\n\t\t\t\t\t\t<\/div>\n\t\t\t\t<\/div>\n\t\t\t\t<\/div>\n\t\t<div class=\"elementor-element elementor-element-ec9dbd2 e-con-full e-flex e-con e-child\" data-id=\"ec9dbd2\" data-element_type=\"container\" data-settings=\"{&quot;background_background&quot;:&quot;classic&quot;}\">\n\t\t\t\t<div class=\"elementor-element elementor-element-83595f8 elementor-widget elementor-widget-heading\" data-id=\"83595f8\" data-element_type=\"widget\" data-widget_type=\"heading.default\">\n\t\t\t\t<div class=\"elementor-widget-container\">\n\t\t\t\t\t<h3 class=\"elementor-heading-title elementor-size-default\">Bu\u1ed5i 2: Hi\u1ec3u m\u00ecnh, hi\u1ec3u \u0111\u1ed3ng \u0111\u1ed9i<\/h3>\t\t\t\t<\/div>\n\t\t\t\t<\/div>\n\t\t\t\t<div class=\"elementor-element elementor-element-415d5c5 elementor-icon-list--layout-traditional elementor-list-item-link-full_width elementor-widget elementor-widget-icon-list\" data-id=\"415d5c5\" data-element_type=\"widget\" data-widget_type=\"icon-list.default\">\n\t\t\t\t<div class=\"elementor-widget-container\">\n\t\t\t\t\t\t\t<ul class=\"elementor-icon-list-items\">\n\t\t\t\t\t\t\t<li class=\"elementor-icon-list-item\">\n\t\t\t\t\t\t\t\t\t\t\t<span class=\"elementor-icon-list-icon\">\n\t\t\t\t\t\t\t<i aria-hidden=\"true\" class=\"jki jki-check-line\"><\/i>\t\t\t\t\t\t<\/span>\n\t\t\t\t\t\t\t\t\t\t<span class=\"elementor-icon-list-text\">\u0110\u1ed9ng l\u1ef1c l\u00e0m vi\u1ec7c nh\u00f3m: T\u00ecm hi\u1ec3u c\u00e1ch x\u00e2y d\u1ef1ng \u0111\u1ed9i nh\u00f3m m\u1ea1nh m\u1ebd v\u00e0 c\u00f3 tinh th\u1ea7n h\u1ee3p t\u00e1c. <\/span>\n\t\t\t\t\t\t\t\t\t<\/li>\n\t\t\t\t\t\t\t\t<li class=\"elementor-icon-list-item\">\n\t\t\t\t\t\t\t\t\t\t\t<span class=\"elementor-icon-list-icon\">\n\t\t\t\t\t\t\t<i aria-hidden=\"true\" class=\"jki jki-check-line\"><\/i>\t\t\t\t\t\t<\/span>\n\t\t\t\t\t\t\t\t\t\t<span class=\"elementor-icon-list-text\">Giao ti\u1ebfp hi\u1ec7u qu\u1ea3: X\u00e2y d\u1ef1ng chi\u1ebfn l\u01b0\u1ee3c giao ti\u1ebfp r\u00f5 r\u00e0ng, s\u00fac t\u00edch v\u00e0 c\u00f3 t\u00e1c \u0111\u1ed9ng. <\/span>\n\t\t\t\t\t\t\t\t\t<\/li>\n\t\t\t\t\t\t\t\t<li class=\"elementor-icon-list-item\">\n\t\t\t\t\t\t\t\t\t\t\t<span class=\"elementor-icon-list-icon\">\n\t\t\t\t\t\t\t<i aria-hidden=\"true\" class=\"jki jki-check-line\"><\/i>\t\t\t\t\t\t<\/span>\n\t\t\t\t\t\t\t\t\t\t<span class=\"elementor-icon-list-text\">Tr\u00ed tu\u1ec7 c\u1ea3m x\u00fac: N\u00e2ng cao kh\u1ea3 n\u0103ng hi\u1ec3u v\u00e0 qu\u1ea3n l\u00fd c\u1ea3m x\u00fac c\u1ee7a b\u1ea3n th\u00e2n v\u00e0 ng\u01b0\u1eddi kh\u00e1c.<\/span>\n\t\t\t\t\t\t\t\t\t<\/li>\n\t\t\t\t\t\t<\/ul>\n\t\t\t\t\t\t<\/div>\n\t\t\t\t<\/div>\n\t\t\t\t<\/div>\n\t\t<div class=\"elementor-element elementor-element-836fe08 e-con-full e-flex e-con e-child\" data-id=\"836fe08\" data-element_type=\"container\" data-settings=\"{&quot;background_background&quot;:&quot;classic&quot;}\">\n\t\t\t\t<div class=\"elementor-element elementor-element-4abb531 elementor-widget elementor-widget-heading\" data-id=\"4abb531\" data-element_type=\"widget\" data-widget_type=\"heading.default\">\n\t\t\t\t<div class=\"elementor-widget-container\">\n\t\t\t\t\t<h3 class=\"elementor-heading-title elementor-size-default\">Phi\u00ean 3: N\u00e2ng cao k\u1ef9 n\u0103ng c\u1ee7a b\u1ea1n!<\/h3>\t\t\t\t<\/div>\n\t\t\t\t<\/div>\n\t\t\t\t<div class=\"elementor-element elementor-element-74ebeb7 elementor-icon-list--layout-traditional elementor-list-item-link-full_width elementor-widget elementor-widget-icon-list\" data-id=\"74ebeb7\" data-element_type=\"widget\" data-widget_type=\"icon-list.default\">\n\t\t\t\t<div class=\"elementor-widget-container\">\n\t\t\t\t\t\t\t<ul class=\"elementor-icon-list-items\">\n\t\t\t\t\t\t\t<li class=\"elementor-icon-list-item\">\n\t\t\t\t\t\t\t\t\t\t\t<span class=\"elementor-icon-list-icon\">\n\t\t\t\t\t\t\t<i aria-hidden=\"true\" class=\"jki jki-check-line\"><\/i>\t\t\t\t\t\t<\/span>\n\t\t\t\t\t\t\t\t\t\t<span class=\"elementor-icon-list-text\">Gi\u1ea3i quy\u1ebft xung \u0111\u1ed9t: H\u1ecdc c\u00e1ch gi\u1ea3i quy\u1ebft c\u00e1c cu\u1ed9c tr\u00f2 chuy\u1ec7n kh\u00f3 kh\u0103n v\u00e0 xung \u0111\u1ed9t m\u1ed9t c\u00e1ch hi\u1ec7u qu\u1ea3. <\/span>\n\t\t\t\t\t\t\t\t\t<\/li>\n\t\t\t\t\t\t\t\t<li class=\"elementor-icon-list-item\">\n\t\t\t\t\t\t\t\t\t\t\t<span class=\"elementor-icon-list-icon\">\n\t\t\t\t\t\t\t<i aria-hidden=\"true\" class=\"jki jki-check-line\"><\/i>\t\t\t\t\t\t<\/span>\n\t\t\t\t\t\t\t\t\t\t<span class=\"elementor-icon-list-text\">S\u1ef1 t\u1ef1 tin trong l\u00e3nh \u0111\u1ea1o: X\u00e2y d\u1ef1ng s\u1ef1 t\u1ef1 tin v\u00e0 quy\u1ebft \u0111o\u00e1n.<\/span>\n\t\t\t\t\t\t\t\t\t<\/li>\n\t\t\t\t\t\t\t\t<li class=\"elementor-icon-list-item\">\n\t\t\t\t\t\t\t\t\t\t\t<span class=\"elementor-icon-list-icon\">\n\t\t\t\t\t\t\t<i aria-hidden=\"true\" class=\"jki jki-check-line\"><\/i>\t\t\t\t\t\t<\/span>\n\t\t\t\t\t\t\t\t\t\t<span class=\"elementor-icon-list-text\">Ra quy\u1ebft \u0111\u1ecbnh: Ph\u00e1t tri\u1ec3n k\u1ef9 n\u0103ng ra quy\u1ebft \u0111\u1ecbnh m\u1ea1nh m\u1ebd v\u00e0 kh\u1ea3 n\u0103ng t\u01b0 duy ph\u1ea3n bi\u1ec7n.<\/span>\n\t\t\t\t\t\t\t\t\t<\/li>\n\t\t\t\t\t\t<\/ul>\n\t\t\t\t\t\t<\/div>\n\t\t\t\t<\/div>\n\t\t\t\t<\/div>\n\t\t<div class=\"elementor-element elementor-element-956dff5 e-con-full e-flex e-con e-child\" data-id=\"956dff5\" data-element_type=\"container\" data-settings=\"{&quot;background_background&quot;:&quot;classic&quot;}\">\n\t\t\t\t<div class=\"elementor-element elementor-element-30ed8da elementor-widget elementor-widget-heading\" data-id=\"30ed8da\" data-element_type=\"widget\" data-widget_type=\"heading.default\">\n\t\t\t\t<div class=\"elementor-widget-container\">\n\t\t\t\t\t<h3 class=\"elementor-heading-title elementor-size-default\">Phi\u00ean 4: Tham v\u1ea5n sau h\u1ed9i th\u1ea3o<\/h3>\t\t\t\t<\/div>\n\t\t\t\t<\/div>\n\t\t\t\t<div class=\"elementor-element elementor-element-c34faec elementor-icon-list--layout-traditional elementor-list-item-link-full_width elementor-widget elementor-widget-icon-list\" data-id=\"c34faec\" data-element_type=\"widget\" data-widget_type=\"icon-list.default\">\n\t\t\t\t<div class=\"elementor-widget-container\">\n\t\t\t\t\t\t\t<ul class=\"elementor-icon-list-items\">\n\t\t\t\t\t\t\t<li class=\"elementor-icon-list-item\">\n\t\t\t\t\t\t\t\t\t\t\t<span class=\"elementor-icon-list-icon\">\n\t\t\t\t\t\t\t<i aria-hidden=\"true\" class=\"jki jki-check-solid\"><\/i>\t\t\t\t\t\t<\/span>\n\t\t\t\t\t\t\t\t\t\t<span class=\"elementor-icon-list-text\">H\u01b0\u1edbng d\u1eabn c\u00e1 nh\u00e2n h\u00f3a: Nh\u1eadn h\u01b0\u1edbng d\u1eabn ph\u00f9 h\u1ee3p \u0111\u1ec3 gi\u1ea3i quy\u1ebft nh\u1eefng th\u00e1ch th\u1ee9c l\u00e3nh \u0111\u1ea1o c\u1ee5 th\u1ec3 c\u1ee7a b\u1ea1n. <\/span>\n\t\t\t\t\t\t\t\t\t<\/li>\n\t\t\t\t\t\t\t\t<li class=\"elementor-icon-list-item\">\n\t\t\t\t\t\t\t\t\t\t\t<span class=\"elementor-icon-list-icon\">\n\t\t\t\t\t\t\t<i aria-hidden=\"true\" class=\"jki jki-check-solid\"><\/i>\t\t\t\t\t\t<\/span>\n\t\t\t\t\t\t\t\t\t\t<span class=\"elementor-icon-list-text\">\u0110\u1eb7t m\u1ee5c ti\u00eau: \u0110\u1eb7t ra m\u1ee5c ti\u00eau r\u00f5 r\u00e0ng v\u00e0 ph\u00e1t tri\u1ec3n k\u1ebf ho\u1ea1ch th\u1ef1c hi\u1ec7n \u0111\u1ec3 \u0111\u1ea1t \u0111\u01b0\u1ee3c m\u1ee5c ti\u00eau \u0111\u00f3. <\/span>\n\t\t\t\t\t\t\t\t\t<\/li>\n\t\t\t\t\t\t\t\t<li class=\"elementor-icon-list-item\">\n\t\t\t\t\t\t\t\t\t\t\t<span class=\"elementor-icon-list-icon\">\n\t\t\t\t\t\t\t<i aria-hidden=\"true\" class=\"jki jki-check-solid\"><\/i>\t\t\t\t\t\t<\/span>\n\t\t\t\t\t\t\t\t\t\t<span class=\"elementor-icon-list-text\">C\u1ea3i ti\u1ebfn li\u00ean t\u1ee5c: T\u00ecm hi\u1ec3u c\u00e1ch duy tr\u00ec s\u1ef1 ph\u00e1t tri\u1ec3n v\u00e0 t\u0103ng tr\u01b0\u1edfng kh\u1ea3 n\u0103ng l\u00e3nh \u0111\u1ea1o c\u1ee7a b\u1ea1n. <\/span>\n\t\t\t\t\t\t\t\t\t<\/li>\n\t\t\t\t\t\t<\/ul>\n\t\t\t\t\t\t<\/div>\n\t\t\t\t<\/div>\n\t\t\t\t<\/div>\n\t\t\t\t<\/div>\n\t\t\t\t<\/div>\n\t\t\t\t\t<\/div>\n\t\t\t\t<\/div>\n\t\t\t\t<\/div>","protected":false},"excerpt":{"rendered":"<p>Levelling Up: Leadership and Communication In the ever-evolving educational landscape, educators are not just instructors. They play a pivotal role in nurturing young minds and shaping the leaders of tomorrow. Whether in or out of the classroom, the best educators do not just teach, they lead. Through this 5-hour workshop, educators will gain invaluable insights&#8230;<\/p>","protected":false},"author":1,"featured_media":0,"parent":706,"menu_order":0,"comment_status":"closed","ping_status":"closed","template":"elementor_header_footer","meta":{"_kad_post_transparent":"","_kad_post_title":"hide","_kad_post_layout":"fullwidth","_kad_post_sidebar_id":"","_kad_post_content_style":"unboxed","_kad_post_vertical_padding":"hide","_kad_post_feature":"hide","_kad_post_feature_position":"","_kad_post_header":false,"_kad_post_footer":false,"footnotes":""},"class_list":["post-9770","page","type-page","status-publish","hentry"],"aioseo_notices":[],"_links":{"self":[{"href":"https:\/\/brillianaire.sg\/vi\/wp-json\/wp\/v2\/pages\/9770","targetHints":{"allow":["GET"]}}],"collection":[{"href":"https:\/\/brillianaire.sg\/vi\/wp-json\/wp\/v2\/pages"}],"about":[{"href":"https:\/\/brillianaire.sg\/vi\/wp-json\/wp\/v2\/types\/page"}],"author":[{"embeddable":true,"href":"https:\/\/brillianaire.sg\/vi\/wp-json\/wp\/v2\/users\/1"}],"replies":[{"embeddable":true,"href":"https:\/\/brillianaire.sg\/vi\/wp-json\/wp\/v2\/comments?post=9770"}],"version-history":[{"count":13,"href":"https:\/\/brillianaire.sg\/vi\/wp-json\/wp\/v2\/pages\/9770\/revisions"}],"predecessor-version":[{"id":9966,"href":"https:\/\/brillianaire.sg\/vi\/wp-json\/wp\/v2\/pages\/9770\/revisions\/9966"}],"up":[{"embeddable":true,"href":"https:\/\/brillianaire.sg\/vi\/wp-json\/wp\/v2\/pages\/706"}],"wp:attachment":[{"href":"https:\/\/brillianaire.sg\/vi\/wp-json\/wp\/v2\/media?parent=9770"}],"curies":[{"name":"wp","href":"https:\/\/api.w.org\/{rel}","templated":true}]}}