{"id":9769,"date":"2024-12-25T06:11:56","date_gmt":"2024-12-25T06:11:56","guid":{"rendered":"https:\/\/happinesslab.store\/?page_id=9769"},"modified":"2025-02-14T05:26:54","modified_gmt":"2025-02-14T05:26:54","slug":"wealth-and-joy-simulation","status":"publish","type":"page","link":"https:\/\/brillianaire.sg\/vi\/workshop-for-individuals\/wealth-and-joy-simulation\/","title":{"rendered":"M\u00f4 ph\u1ecfng s\u1ef1 gi\u00e0u c\u00f3 v\u00e0 ni\u1ec1m vui"},"content":{"rendered":"<div data-elementor-type=\"wp-page\" data-elementor-id=\"9769\" class=\"elementor elementor-9769\">\n\t\t\t\t<div class=\"elementor-element elementor-element-50da705 e-flex e-con-boxed e-con e-parent\" data-id=\"50da705\" data-element_type=\"container\" data-settings=\"{&quot;background_background&quot;:&quot;classic&quot;}\">\n\t\t\t\t\t<div class=\"e-con-inner\">\n\t\t<div class=\"elementor-element elementor-element-0c622b1 e-flex e-con-boxed e-con e-child\" data-id=\"0c622b1\" data-element_type=\"container\">\n\t\t\t\t\t<div class=\"e-con-inner\">\n\t\t\t\t<div class=\"elementor-element elementor-element-5792961 elementor-widget elementor-widget-image\" data-id=\"5792961\" data-element_type=\"widget\" data-widget_type=\"image.default\">\n\t\t\t\t<div class=\"elementor-widget-container\">\n\t\t\t\t\t\t\t\t\t\t\t\t\t\t\t<img fetchpriority=\"high\" decoding=\"async\" width=\"1024\" height=\"683\" src=\"https:\/\/brillianaire.sg\/wp-content\/uploads\/2024\/12\/Picture-for-wealthflow-workshop-1024x683.jpg\" class=\"attachment-large size-large wp-image-9853\" alt=\"\" srcset=\"https:\/\/brillianaire.sg\/wp-content\/uploads\/2024\/12\/Picture-for-wealthflow-workshop-1024x683.jpg 1024w, https:\/\/brillianaire.sg\/wp-content\/uploads\/2024\/12\/Picture-for-wealthflow-workshop-300x200.jpg 300w, https:\/\/brillianaire.sg\/wp-content\/uploads\/2024\/12\/Picture-for-wealthflow-workshop-768x512.jpg 768w, https:\/\/brillianaire.sg\/wp-content\/uploads\/2024\/12\/Picture-for-wealthflow-workshop.jpg 1254w\" sizes=\"(max-width: 1024px) 100vw, 1024px\" \/>\t\t\t\t\t\t\t\t\t\t\t\t\t\t\t<\/div>\n\t\t\t\t<\/div>\n\t\t\t\t<div class=\"elementor-element elementor-element-bed569c elementor-widget elementor-widget-heading\" data-id=\"bed569c\" data-element_type=\"widget\" data-widget_type=\"heading.default\">\n\t\t\t\t<div class=\"elementor-widget-container\">\n\t\t\t\t\t<h2 class=\"elementor-heading-title elementor-size-default\">M\u00f4 ph\u1ecfng s\u1ef1 gi\u00e0u c\u00f3 v\u00e0 ni\u1ec1m vui<\/h2>\t\t\t\t<\/div>\n\t\t\t\t<\/div>\n\t\t\t\t<div class=\"elementor-element elementor-element-c200a85 elementor-widget elementor-widget-text-editor\" data-id=\"c200a85\" data-element_type=\"widget\" data-widget_type=\"text-editor.default\">\n\t\t\t\t<div class=\"elementor-widget-container\">\n\t\t\t\t\t\t\t\t\t<p>L\u00e0m th\u1ebf n\u00e0o \u0111\u1ec3 t\u00edch l\u0169y t\u00e0i s\u1ea3n? Quan tr\u1ecdng h\u01a1n, l\u00e0m th\u1ebf n\u00e0o \u0111\u1ec3 qu\u1ea3n l\u00fd h\u00e0nh tr\u00ecnh \u0111\u1ea1t \u0111\u01b0\u1ee3c \u0111i\u1ec1u \u0111\u00f3? D\u00f9 l\u00e0 \u0111\u1ed1i m\u1eb7t v\u1edbi nh\u1eefng kh\u00f3 kh\u0103n v\u1ec1 m\u1eb7t c\u1ea3m x\u00fac hay th\u1ec3 ch\u1ea5t trong qu\u00e1 tr\u00ecnh t\u00edch l\u0169y t\u00e0i s\u1ea3n, hay nh\u1eefng quy\u1ebft \u0111\u1ecbnh kh\u00f3 kh\u0103n c\u00f3 th\u1ec3 xu\u1ea5t hi\u1ec7n trong h\u00e0nh tr\u00ecnh \u0111\u00f3, ng\u01b0\u1eddi tham gia s\u1ebd c\u00f3 c\u00e1i nh\u00ecn s\u01a1 l\u01b0\u1ee3c v\u1ec1 h\u00e0nh tr\u00ecnh c\u1ee7a m\u00ecnh trong Wealthflow, m\u1ed9t tr\u00f2 ch\u01a1i m\u00f4 ph\u1ecfng cu\u1ed9c s\u1ed1ng k\u00e9o d\u00e0i 40 n\u0103m.<\/p><p>Trong su\u1ed1t 40 n\u0103m tham gia tr\u00f2 ch\u01a1i n\u00e0y, c\u00e1c th\u00e0nh vi\u00ean s\u1ebd:<\/p><ul><li>H\u1ecdc c\u00e1c thu\u1eadt ng\u1eef v\u00e0 k\u1ef9 n\u0103ng t\u00e0i ch\u00ednh quan tr\u1ecdng nh\u01b0 t\u1ea1o thu nh\u1eadp th\u1ee5 \u0111\u1ed9ng, qu\u1ea3n l\u00fd chi ph\u00ed v\u00e0 chi\u1ebfn l\u01b0\u1ee3c \u0111\u1ea7u t\u01b0.<\/li><li>H\u00e3y thu \u0111\u01b0\u1ee3c nh\u1eefng b\u00e0i h\u1ecdc qu\u00fd gi\u00e1 v\u1ec1 cu\u1ed9c s\u1ed1ng b\u1eb1ng c\u00e1ch \u0111\u1ed1i m\u1eb7t v\u00e0 v\u01b0\u1ee3t qua nh\u1eefng kh\u00f3 kh\u0103n v\u00e0 th\u00e1ch th\u1ee9c \u0111\u01b0\u1ee3c l\u1ed3ng gh\u00e9p v\u00e0o c\u1ed1t truy\u1ec7n c\u1ee7a tr\u00f2 ch\u01a1i.<\/li><li>H\u01b0\u1edbng d\u1eabn v\u01b0\u1ee3t qua nh\u1eefng th\u00e1ch th\u1ee9c c\u1ee7a tu\u1ed5i tr\u01b0\u1edfng th\u00e0nh, \u0111\u01b0a ra nh\u1eefng quy\u1ebft \u0111\u1ecbnh quan tr\u1ecdng \u1ea3nh h\u01b0\u1edfng \u0111\u1ebfn h\u00e0nh tr\u00ecnh t\u00e0i ch\u00ednh \u1ea3o c\u1ee7a h\u1ecd.<\/li><li>Kh\u00e1m ph\u00e1 c\u00e1c l\u1ef1a ch\u1ecdn cu\u1ed9c s\u1ed1ng v\u00e0 chi\u1ebfn l\u01b0\u1ee3c t\u00e0i ch\u00ednh \u0111a d\u1ea1ng, t\u1ea1o \u0111i\u1ec1u ki\u1ec7n cho nh\u1eefng tr\u1ea3i nghi\u1ec7m t\u00edch l\u0169y t\u00e0i s\u1ea3n \u0111\u1ed9c \u0111\u00e1o.<\/li><li>Ph\u00e1t tri\u1ec3n k\u1ef9 n\u0103ng ra quy\u1ebft \u0111\u1ecbnh th\u1ef1c ti\u1ec5n \u0111\u1ed3ng th\u1eddi n\u00e2ng cao hi\u1ec3u bi\u1ebft s\u00e2u s\u1eafc v\u1ec1 vi\u1ec7c t\u00edch l\u0169y t\u00e0i s\u1ea3n.<\/li><li>Tr\u1ea3i nghi\u1ec7m c\u1ea3m gi\u00e1c h\u1ed3i h\u1ed9p khi thi\u1ebft k\u1ebf con \u0111\u01b0\u1eddng d\u1eabn \u0111\u1ebfn th\u1ecbnh v\u01b0\u1ee3ng c\u1ee7a h\u1ecd trong m\u1ed9t m\u00f4i tr\u01b0\u1eddng \u1ea3o an to\u00e0n, kh\u00f4ng r\u1ee7i ro.<\/li><\/ul><p>Wealthflow kh\u00f4ng ch\u1ec9 l\u00e0 m\u1ed9t tr\u00f2 ch\u01a1i; \u0111\u00f3 l\u00e0 m\u1ed9t h\u00e0nh tr\u00ecnh bi\u1ebfn \u0111\u1ed5i, trang b\u1ecb cho b\u1ea1n nh\u1eefng c\u00f4ng c\u1ee5 v\u00e0 ki\u1ebfn th\u1ee9c c\u1ea7n thi\u1ebft \u0111\u1ec3 th\u00e0nh c\u00f4ng trong cu\u1ed9c s\u1ed1ng th\u1ef1c t\u1ebf.<\/p>\t\t\t\t\t\t\t\t<\/div>\n\t\t\t\t<\/div>\n\t\t\t\t\t<\/div>\n\t\t\t\t<\/div>\n\t\t\t\t\t<\/div>\n\t\t\t\t<\/div>\n\t\t\t\t<\/div>","protected":false},"excerpt":{"rendered":"<p>Wealth and Joy Simulation How can one build wealth? More importantly, how does one manage the journey of getting there? Whether it be facing the emotional or physical turmoil that comes with the journey of building wealth, or the difficult decisions that may present themselves during the journey, participants get a peek into what the&#8230;<\/p>","protected":false},"author":1,"featured_media":0,"parent":706,"menu_order":0,"comment_status":"closed","ping_status":"closed","template":"elementor_header_footer","meta":{"_kad_post_transparent":"","_kad_post_title":"hide","_kad_post_layout":"fullwidth","_kad_post_sidebar_id":"","_kad_post_content_style":"unboxed","_kad_post_vertical_padding":"hide","_kad_post_feature":"hide","_kad_post_feature_position":"","_kad_post_header":false,"_kad_post_footer":false,"footnotes":""},"class_list":["post-9769","page","type-page","status-publish","hentry"],"aioseo_notices":[],"_links":{"self":[{"href":"https:\/\/brillianaire.sg\/vi\/wp-json\/wp\/v2\/pages\/9769","targetHints":{"allow":["GET"]}}],"collection":[{"href":"https:\/\/brillianaire.sg\/vi\/wp-json\/wp\/v2\/pages"}],"about":[{"href":"https:\/\/brillianaire.sg\/vi\/wp-json\/wp\/v2\/types\/page"}],"author":[{"embeddable":true,"href":"https:\/\/brillianaire.sg\/vi\/wp-json\/wp\/v2\/users\/1"}],"replies":[{"embeddable":true,"href":"https:\/\/brillianaire.sg\/vi\/wp-json\/wp\/v2\/comments?post=9769"}],"version-history":[{"count":16,"href":"https:\/\/brillianaire.sg\/vi\/wp-json\/wp\/v2\/pages\/9769\/revisions"}],"predecessor-version":[{"id":9960,"href":"https:\/\/brillianaire.sg\/vi\/wp-json\/wp\/v2\/pages\/9769\/revisions\/9960"}],"up":[{"embeddable":true,"href":"https:\/\/brillianaire.sg\/vi\/wp-json\/wp\/v2\/pages\/706"}],"wp:attachment":[{"href":"https:\/\/brillianaire.sg\/vi\/wp-json\/wp\/v2\/media?parent=9769"}],"curies":[{"name":"wp","href":"https:\/\/api.w.org\/{rel}","templated":true}]}}