{"id":9655,"date":"2024-12-13T13:25:39","date_gmt":"2024-12-13T13:25:39","guid":{"rendered":"https:\/\/happinesslab.store\/?page_id=9655"},"modified":"2025-09-20T17:35:05","modified_gmt":"2025-09-20T17:35:05","slug":"befriend-your-emotions","status":"publish","type":"page","link":"https:\/\/brillianaire.sg\/vi\/workshops\/befriend-your-emotions\/","title":{"rendered":"L\u00e0m b\u1ea1n v\u1edbi c\u1ea3m x\u00fac c\u1ee7a b\u1ea1n"},"content":{"rendered":"<div data-elementor-type=\"wp-page\" data-elementor-id=\"9655\" class=\"elementor elementor-9655\">\n\t\t\t\t<div class=\"elementor-element elementor-element-21730c2 e-flex e-con-boxed e-con e-parent\" data-id=\"21730c2\" data-element_type=\"container\">\n\t\t\t\t\t<div class=\"e-con-inner\">\n\t\t<div class=\"elementor-element elementor-element-1e470c1f e-con-full e-flex e-con e-child\" data-id=\"1e470c1f\" data-element_type=\"container\">\n\t\t<div class=\"elementor-element elementor-element-59744abb e-con-full animated-slow e-flex elementor-invisible e-con e-child\" data-id=\"59744abb\" data-element_type=\"container\" data-settings=\"{&quot;animation&quot;:&quot;fadeIn&quot;,&quot;animation_delay&quot;:200}\">\n\t\t\t\t<div class=\"elementor-element elementor-element-6984541d elementor-widget__width-initial elementor-widget elementor-widget-heading\" data-id=\"6984541d\" data-element_type=\"widget\" data-widget_type=\"heading.default\">\n\t\t\t\t<div class=\"elementor-widget-container\">\n\t\t\t\t\t<h1 class=\"elementor-heading-title elementor-size-default\">L\u00e0m b\u1ea1n v\u1edbi c\u1ea3m x\u00fac c\u1ee7a b\u1ea1n<\/h1>\t\t\t\t<\/div>\n\t\t\t\t<\/div>\n\t\t\t\t<div class=\"elementor-element elementor-element-58937910 elementor-widget__width-initial elementor-widget elementor-widget-text-editor\" data-id=\"58937910\" data-element_type=\"widget\" data-widget_type=\"text-editor.default\">\n\t\t\t\t<div class=\"elementor-widget-container\">\n\t\t\t\t\t\t\t\t\t<p>C\u1ea3m x\u00fac c\u00f3 th\u1ec3 r\u1ea5t m\u1ea1nh m\u1ebd, ph\u1ee9c t\u1ea1p v\u00e0 \u0111\u1ea7y s\u1ee9c m\u1ea1nh. Bu\u1ed5i workshop th\u00fa v\u1ecb n\u00e0y gi\u00fap c\u00e1c b\u1ea1n tr\u1ebb hi\u1ec3u r\u00f5 c\u1ea3m x\u00fac c\u1ee7a m\u00ecnh thay v\u00ec ch\u1ed1ng l\u1ea1i ch\u00fang. Th\u00f4ng qua c\u00e1c ho\u1ea1t \u0111\u1ed9ng vui nh\u1ed9n v\u00e0 tr\u00f2 ch\u01a1i, c\u00e1c tham gia vi\u00ean s\u1ebd h\u1ecdc c\u00e1ch nh\u1eadn di\u1ec7n c\u1ea3m x\u00fac c\u1ee7a m\u00ecnh v\u00e0 l\u00fd do \u0111\u1eb1ng sau ch\u00fang.<\/p><p>Ch\u00fang t\u00f4i s\u1ebd h\u01b0\u1edbng d\u1eabn c\u00e1c c\u00f4ng c\u1ee5 th\u1ef1c ti\u1ec5n \u0111\u1ec3 qu\u1ea3n l\u00fd nh\u1eefng c\u1ea3m x\u00fac m\u1ea1nh m\u1ebd nh\u01b0 gi\u1eadn d\u1eef, lo l\u1eafng v\u00e0 bu\u1ed3n b\u00e3 m\u1ed9t c\u00e1ch l\u00e0nh m\u1ea1nh. B\u1ea1n s\u1ebd r\u1eddi \u0111i v\u1edbi v\u1ed1n t\u1eeb v\u1ef1ng c\u1ea3m x\u00fac phong ph\u00fa h\u01a1n, s\u1ef1 t\u1ef1 tin cao h\u01a1n v\u00e0 kh\u1ea3 n\u0103ng ph\u1ee5c h\u1ed3i m\u1ea1nh m\u1ebd.<\/p>\t\t\t\t\t\t\t\t<\/div>\n\t\t\t\t<\/div>\n\t\t\t\t<div class=\"elementor-element elementor-element-0ff8da6 elementor-widget elementor-widget-button\" data-id=\"0ff8da6\" data-element_type=\"widget\" data-widget_type=\"button.default\">\n\t\t\t\t<div class=\"elementor-widget-container\">\n\t\t\t\t\t\t\t\t\t<div class=\"elementor-button-wrapper\">\n\t\t\t\t\t<a class=\"elementor-button elementor-button-link elementor-size-sm\" href=\"https:\/\/brillianaire.sg\/vi\/contact\/\">\n\t\t\t\t\t\t<span class=\"elementor-button-content-wrapper\">\n\t\t\t\t\t\t\t\t\t<span class=\"elementor-button-text\">Li\u00ean h\u1ec7 v\u1edbi ch\u00fang t\u00f4i<\/span>\n\t\t\t\t\t<\/span>\n\t\t\t\t\t<\/a>\n\t\t\t\t<\/div>\n\t\t\t\t\t\t\t\t<\/div>\n\t\t\t\t<\/div>\n\t\t\t\t<\/div>\n\t\t<div class=\"elementor-element elementor-element-1c850fa5 e-con-full animated-slow e-flex elementor-invisible e-con e-child\" data-id=\"1c850fa5\" data-element_type=\"container\" data-settings=\"{&quot;background_background&quot;:&quot;classic&quot;,&quot;animation&quot;:&quot;fadeIn&quot;,&quot;animation_delay&quot;:200}\">\n\t\t\t\t<div class=\"elementor-element elementor-element-9dee8aa elementor-widget elementor-widget-icon-box\" data-id=\"9dee8aa\" data-element_type=\"widget\" data-widget_type=\"icon-box.default\">\n\t\t\t\t<div class=\"elementor-widget-container\">\n\t\t\t\t\t\t\t<div class=\"elementor-icon-box-wrapper\">\n\n\t\t\t\n\t\t\t\t\t\t<div class=\"elementor-icon-box-content\">\n\n\t\t\t\t\t\t\t\t\t<h3 class=\"elementor-icon-box-title\">\n\t\t\t\t\t\t<span  >\n\t\t\t\t\t\t\tM\u1ed9t bu\u1ed5i workshop d\u00e0nh cho tr\u1ebb em v\u00e0 thanh thi\u1ebfu ni\u00ean\t\t\t\t\t\t<\/span>\n\t\t\t\t\t<\/h3>\n\t\t\t\t\n\t\t\t\t\n\t\t\t<\/div>\n\t\t\t\n\t\t<\/div>\n\t\t\t\t\t\t<\/div>\n\t\t\t\t<\/div>\n\t\t\t\t<\/div>\n\t\t\t\t<\/div>\n\t\t\t\t\t<\/div>\n\t\t\t\t<\/div>\n\t\t\t\t<\/div>","protected":false},"excerpt":{"rendered":"<p>Befriend Your Emotions Feelings can be big, confusing, and powerful. This engaging workshop helps young people understand their emotions instead of fighting them. Through fun activities and games, participants will learn to identify what they&#8217;re feeling and why. We&#8217;ll teach practical tools to manage big feelings like anger, worry, and sadness in a healthy way&#8230;.<\/p>","protected":false},"author":1,"featured_media":0,"parent":10293,"menu_order":0,"comment_status":"closed","ping_status":"closed","template":"","meta":{"_kad_post_transparent":"","_kad_post_title":"hide","_kad_post_layout":"fullwidth","_kad_post_sidebar_id":"","_kad_post_content_style":"unboxed","_kad_post_vertical_padding":"hide","_kad_post_feature":"hide","_kad_post_feature_position":"","_kad_post_header":false,"_kad_post_footer":false,"footnotes":""},"class_list":["post-9655","page","type-page","status-publish","hentry"],"aioseo_notices":[],"_links":{"self":[{"href":"https:\/\/brillianaire.sg\/vi\/wp-json\/wp\/v2\/pages\/9655","targetHints":{"allow":["GET"]}}],"collection":[{"href":"https:\/\/brillianaire.sg\/vi\/wp-json\/wp\/v2\/pages"}],"about":[{"href":"https:\/\/brillianaire.sg\/vi\/wp-json\/wp\/v2\/types\/page"}],"author":[{"embeddable":true,"href":"https:\/\/brillianaire.sg\/vi\/wp-json\/wp\/v2\/users\/1"}],"replies":[{"embeddable":true,"href":"https:\/\/brillianaire.sg\/vi\/wp-json\/wp\/v2\/comments?post=9655"}],"version-history":[{"count":22,"href":"https:\/\/brillianaire.sg\/vi\/wp-json\/wp\/v2\/pages\/9655\/revisions"}],"predecessor-version":[{"id":10660,"href":"https:\/\/brillianaire.sg\/vi\/wp-json\/wp\/v2\/pages\/9655\/revisions\/10660"}],"up":[{"embeddable":true,"href":"https:\/\/brillianaire.sg\/vi\/wp-json\/wp\/v2\/pages\/10293"}],"wp:attachment":[{"href":"https:\/\/brillianaire.sg\/vi\/wp-json\/wp\/v2\/media?parent=9655"}],"curies":[{"name":"wp","href":"https:\/\/api.w.org\/{rel}","templated":true}]}}