{"id":9654,"date":"2024-12-13T13:25:12","date_gmt":"2024-12-13T13:25:12","guid":{"rendered":"https:\/\/happinesslab.store\/?page_id=9654"},"modified":"2025-02-14T05:26:35","modified_gmt":"2025-02-14T05:26:35","slug":"curious-minds","status":"publish","type":"page","link":"https:\/\/brillianaire.sg\/vi\/workshop-for-kids-teens\/curious-minds\/","title":{"rendered":"Tr\u00ed t\u00f2 m\u00f2"},"content":{"rendered":"<div data-elementor-type=\"wp-page\" data-elementor-id=\"9654\" class=\"elementor elementor-9654\">\n\t\t\t\t<div class=\"elementor-element elementor-element-682d6b4 e-flex e-con-boxed e-con e-parent\" data-id=\"682d6b4\" data-element_type=\"container\">\n\t\t\t\t\t<div class=\"e-con-inner\">\n\t\t<div class=\"elementor-element elementor-element-c3a99f4 e-con-full e-flex e-con e-child\" data-id=\"c3a99f4\" data-element_type=\"container\">\n\t\t<div class=\"elementor-element elementor-element-ddbad8e e-con-full e-flex e-con e-child\" data-id=\"ddbad8e\" data-element_type=\"container\">\n\t\t\t\t<div class=\"elementor-element elementor-element-7b33cac elementor-invisible elementor-widget elementor-widget-heading\" data-id=\"7b33cac\" data-element_type=\"widget\" data-settings=\"{&quot;_animation&quot;:&quot;fadeInUp&quot;,&quot;_animation_delay&quot;:200}\" data-widget_type=\"heading.default\">\n\t\t\t\t<div class=\"elementor-widget-container\">\n\t\t\t\t\t<h2 class=\"elementor-heading-title elementor-size-default\">Tr\u00ed t\u00f2 m\u00f2<\/h2>\t\t\t\t<\/div>\n\t\t\t\t<\/div>\n\t\t\t\t<div class=\"elementor-element elementor-element-98165c7 elementor-widget elementor-widget-text-editor\" data-id=\"98165c7\" data-element_type=\"widget\" data-widget_type=\"text-editor.default\">\n\t\t\t\t<div class=\"elementor-widget-container\">\n\t\t\t\t\t\t\t\t\t<p>L\u00e0m th\u1ebf n\u00e0o \u0111\u1ec3 con b\u1ea1n h\u1ecdc t\u1eadp hi\u1ec7u qu\u1ea3 h\u01a1n? Nh\u1eefng ng\u01b0\u1eddi h\u1ecdc gi\u1ecfi nh\u1ea5t c\u00f3 nh\u1eefng \u0111\u1eb7c \u0111i\u1ec3m g\u00ec? H\u00e3y kh\u1edfi \u0111\u1ed9ng h\u00e0nh tr\u00ecnh h\u1ecdc t\u1eadp c\u1ee7a con b\u1ea1n v\u1edbi ch\u01b0\u01a1ng tr\u00ecnh Curious Minds c\u1ee7a ch\u00fang t\u00f4i.<\/p><p>\u0110\u01b0\u1ee3c thi\u1ebft k\u1ebf \u0111\u1ec3 nu\u00f4i d\u01b0\u1ee1ng nh\u1eefng ng\u01b0\u1eddi h\u1ecdc tr\u1ebb v\u00e0 m\u1edf \u0111\u01b0\u1eddng cho \u01b0\u1edbc m\u01a1 c\u1ee7a h\u1ecd, ch\u01b0\u01a1ng tr\u00ecnh n\u00e0y \u0111i s\u00e2u v\u00e0o s\u1ef1 ph\u1ee9c t\u1ea1p c\u1ee7a n\u00e3o tr\u00e1i v\u00e0 n\u00e3o ph\u1ea3i c\u1ee7a h\u1ecd.<\/p><p>Con b\u1ea1n s\u1ebd h\u1ecdc \u0111\u01b0\u1ee3c g\u00ec:<\/p>\t\t\t\t\t\t\t\t<\/div>\n\t\t\t\t<\/div>\n\t\t\t\t<\/div>\n\t\t<div class=\"elementor-element elementor-element-79e8333 e-con-full e-flex e-con e-child\" data-id=\"79e8333\" data-element_type=\"container\">\n\t\t\t\t<div class=\"elementor-element elementor-element-a7f87a8 elementor-invisible elementor-widget elementor-widget-image\" data-id=\"a7f87a8\" data-element_type=\"widget\" data-settings=\"{&quot;_animation&quot;:&quot;fadeInLeft&quot;}\" data-widget_type=\"image.default\">\n\t\t\t\t<div class=\"elementor-widget-container\">\n\t\t\t\t\t\t\t\t\t\t\t\t\t\t\t<img fetchpriority=\"high\" decoding=\"async\" width=\"768\" height=\"488\" src=\"https:\/\/brillianaire.sg\/wp-content\/uploads\/2024\/09\/happy-children-building-robots-at-robotics-school-768x488.jpg\" class=\"attachment-medium_large size-medium_large wp-image-137\" alt=\"\" srcset=\"https:\/\/brillianaire.sg\/wp-content\/uploads\/2024\/09\/happy-children-building-robots-at-robotics-school-768x488.jpg 768w, https:\/\/brillianaire.sg\/wp-content\/uploads\/2024\/09\/happy-children-building-robots-at-robotics-school-300x191.jpg 300w, https:\/\/brillianaire.sg\/wp-content\/uploads\/2024\/09\/happy-children-building-robots-at-robotics-school-1024x651.jpg 1024w, https:\/\/brillianaire.sg\/wp-content\/uploads\/2024\/09\/happy-children-building-robots-at-robotics-school.jpg 1280w\" sizes=\"(max-width: 768px) 100vw, 768px\" \/>\t\t\t\t\t\t\t\t\t\t\t\t\t\t\t<\/div>\n\t\t\t\t<\/div>\n\t\t\t\t<\/div>\n\t\t\t\t<\/div>\n\t\t<div class=\"elementor-element elementor-element-bc4cfec e-con-full e-flex e-con e-child\" data-id=\"bc4cfec\" data-element_type=\"container\">\n\t\t<div class=\"elementor-element elementor-element-29d2846 e-grid e-con-full e-con e-child\" data-id=\"29d2846\" data-element_type=\"container\">\n\t\t\t\t<div class=\"elementor-element elementor-element-808fec2 elementor-widget elementor-widget-icon-box\" data-id=\"808fec2\" data-element_type=\"widget\" data-widget_type=\"icon-box.default\">\n\t\t\t\t<div class=\"elementor-widget-container\">\n\t\t\t\t\t\t\t<div class=\"elementor-icon-box-wrapper\">\n\n\t\t\t\n\t\t\t\t\t\t<div class=\"elementor-icon-box-content\">\n\n\t\t\t\t\t\t\t\t\t<h4 class=\"elementor-icon-box-title\">\n\t\t\t\t\t\t<span  >\n\t\t\t\t\t\t\tK\u1ef9 n\u0103ng t\u01b0 duy logic c\u1ee7a n\u00e3o tr\u00e1i\t\t\t\t\t\t<\/span>\n\t\t\t\t\t<\/h4>\n\t\t\t\t\n\t\t\t\t\t\t\t\t\t<p class=\"elementor-icon-box-description\">\n\t\t\t\t\t\tCon b\u1ea1n s\u1ebd h\u1ecdc \u0111\u01b0\u1ee3c t\u01b0 duy ph\u1ea3n bi\u1ec7n, gi\u1ea3i quy\u1ebft v\u1ea5n \u0111\u1ec1 v\u00e0 k\u1ef9 n\u0103ng ph\u00e2n t\u00edch, t\u1ea1o n\u1ec1n t\u1ea3ng v\u1eefng ch\u1eafc cho s\u1ef1 xu\u1ea5t s\u1eafc trong h\u1ecdc t\u1eadp.\t\t\t\t\t<\/p>\n\t\t\t\t\n\t\t\t<\/div>\n\t\t\t\n\t\t<\/div>\n\t\t\t\t\t\t<\/div>\n\t\t\t\t<\/div>\n\t\t\t\t<div class=\"elementor-element elementor-element-ca9b20c elementor-widget elementor-widget-icon-box\" data-id=\"ca9b20c\" data-element_type=\"widget\" data-widget_type=\"icon-box.default\">\n\t\t\t\t<div class=\"elementor-widget-container\">\n\t\t\t\t\t\t\t<div class=\"elementor-icon-box-wrapper\">\n\n\t\t\t\n\t\t\t\t\t\t<div class=\"elementor-icon-box-content\">\n\n\t\t\t\t\t\t\t\t\t<h4 class=\"elementor-icon-box-title\">\n\t\t\t\t\t\t<span  >\n\t\t\t\t\t\t\tNg\u01b0\u1eddi h\u1ecdc gi\u1ecfi nh\u1ea5t\t\t\t\t\t\t<\/span>\n\t\t\t\t\t<\/h4>\n\t\t\t\t\n\t\t\t\t\t\t\t\t\t<p class=\"elementor-icon-box-description\">\n\t\t\t\t\t\tTr\u1ebb em s\u1ebd h\u1ecdc v\u1ec1 nh\u1eefng th\u00e1i \u0111\u1ed9 v\u00e0 \u0111\u1eb7c \u0111i\u1ec3m thi\u1ebft y\u1ebfu m\u00e0 t\u1ea5t c\u1ea3 nh\u1eefng ng\u01b0\u1eddi h\u1ecdc gi\u1ecfi nh\u1ea5t \u0111\u1ec1u c\u00f3.\t\t\t\t\t<\/p>\n\t\t\t\t\n\t\t\t<\/div>\n\t\t\t\n\t\t<\/div>\n\t\t\t\t\t\t<\/div>\n\t\t\t\t<\/div>\n\t\t\t\t<div class=\"elementor-element elementor-element-2714f8d elementor-widget elementor-widget-icon-box\" data-id=\"2714f8d\" data-element_type=\"widget\" data-widget_type=\"icon-box.default\">\n\t\t\t\t<div class=\"elementor-widget-container\">\n\t\t\t\t\t\t\t<div class=\"elementor-icon-box-wrapper\">\n\n\t\t\t\n\t\t\t\t\t\t<div class=\"elementor-icon-box-content\">\n\n\t\t\t\t\t\t\t\t\t<h4 class=\"elementor-icon-box-title\">\n\t\t\t\t\t\t<span  >\n\t\t\t\t\t\t\tS\u1ef1 s\u00e1ng t\u1ea1o c\u1ee7a n\u00e3o ph\u1ea3i\t\t\t\t\t\t<\/span>\n\t\t\t\t\t<\/h4>\n\t\t\t\t\n\t\t\t\t\t\t\t\t\t<p class=\"elementor-icon-box-description\">\n\t\t\t\t\t\tNu\u00f4i d\u01b0\u1ee1ng s\u1ef1 s\u00e1ng t\u1ea1o v\u00e0 \u0111\u1ed5i m\u1edbi, tr\u1ebb em s\u1ebd c\u00f3 c\u01a1 h\u1ed9i m\u01a1 \u01b0\u1edbc l\u1edbn v\u00e0 l\u00e0m vi\u1ec7c s\u00e1ng t\u1ea1o \u0111\u1ec3 \u0111\u1ea1t \u0111\u01b0\u1ee3c m\u1ee5c ti\u00eau c\u1ee7a m\u00ecnh.\t\t\t\t\t<\/p>\n\t\t\t\t\n\t\t\t<\/div>\n\t\t\t\n\t\t<\/div>\n\t\t\t\t\t\t<\/div>\n\t\t\t\t<\/div>\n\t\t\t\t<div class=\"elementor-element elementor-element-fe78c82 elementor-widget elementor-widget-icon-box\" data-id=\"fe78c82\" data-element_type=\"widget\" data-widget_type=\"icon-box.default\">\n\t\t\t\t<div class=\"elementor-widget-container\">\n\t\t\t\t\t\t\t<div class=\"elementor-icon-box-wrapper\">\n\n\t\t\t\n\t\t\t\t\t\t<div class=\"elementor-icon-box-content\">\n\n\t\t\t\t\t\t\t\t\t<h4 class=\"elementor-icon-box-title\">\n\t\t\t\t\t\t<span  >\n\t\t\t\t\t\t\t\u0110\u1eb7t m\u1ee5c ti\u00eau\t\t\t\t\t\t<\/span>\n\t\t\t\t\t<\/h4>\n\t\t\t\t\n\t\t\t\t\t\t\t\t\t<p class=\"elementor-icon-box-description\">\n\t\t\t\t\t\tTr\u1ebb em s\u1ebd kh\u00e1m ph\u00e1 s\u1ee9c m\u1ea1nh c\u1ee7a vi\u1ec7c \u0111\u1eb7t ra v\u00e0 \u0111\u1ea1t \u0111\u01b0\u1ee3c m\u1ee5c ti\u00eau, b\u01b0\u1edbc \u0111\u1ea7u ti\u00ean \u0111\u1ec3 \u0111\u1ea1t \u0111\u01b0\u1ee3c \u01b0\u1edbc m\u01a1 c\u1ee7a m\u00ecnh.\t\t\t\t\t<\/p>\n\t\t\t\t\n\t\t\t<\/div>\n\t\t\t\n\t\t<\/div>\n\t\t\t\t\t\t<\/div>\n\t\t\t\t<\/div>\n\t\t\t\t<\/div>\n\t\t\t\t<\/div>\n\t\t\t\t\t<\/div>\n\t\t\t\t<\/div>\n\t\t\t\t<\/div>","protected":false},"excerpt":{"rendered":"<p>T\u00e2m h\u1ed3n t\u00f2 m\u00f2 L\u00e0m th\u1ebf n\u00e0o \u0111\u1ec3 con b\u1ea1n h\u1ecdc t\u1eadp hi\u1ec7u qu\u1ea3 h\u01a1n? Nh\u1eefng \u0111\u1eb7c \u0111i\u1ec3m n\u00e0o m\u00e0 nh\u1eefng h\u1ecdc sinh gi\u1ecfi nh\u1ea5t s\u1edf h\u1eefu? Kh\u1edfi \u0111\u1ed9ng h\u00e0nh tr\u00ecnh h\u1ecdc t\u1eadp c\u1ee7a con b\u1ea1n v\u1edbi ch\u01b0\u01a1ng tr\u00ecnh Curious Minds c\u1ee7a ch\u00fang t\u00f4i. \u0110\u01b0\u1ee3c thi\u1ebft k\u1ebf \u0111\u1ec3 nu\u00f4i d\u01b0\u1ee1ng c\u00e1c h\u1ecdc sinh nh\u1ecf tu\u1ed5i v\u00e0 m\u1edf \u0111\u01b0\u1eddng cho nh\u1eefng gi\u1ea5c m\u01a1 c\u1ee7a h\u1ecd, ch\u01b0\u01a1ng tr\u00ecnh n\u00e0y kh\u00e1m ph\u00e1 nh\u1eefng kh\u00eda c\u1ea1nh ph\u1ee9c t\u1ea1p c\u1ee7a n\u00e3o tr\u00e1i v\u00e0 n\u00e3o ph\u1ea3i c\u1ee7a tr\u1ebb. Con b\u1ea1n\u2026<\/p>","protected":false},"author":1,"featured_media":0,"parent":704,"menu_order":0,"comment_status":"closed","ping_status":"closed","template":"elementor_header_footer","meta":{"_kad_post_transparent":"","_kad_post_title":"hide","_kad_post_layout":"fullwidth","_kad_post_sidebar_id":"","_kad_post_content_style":"unboxed","_kad_post_vertical_padding":"hide","_kad_post_feature":"hide","_kad_post_feature_position":"","_kad_post_header":false,"_kad_post_footer":false,"footnotes":""},"class_list":["post-9654","page","type-page","status-publish","hentry"],"aioseo_notices":[],"_links":{"self":[{"href":"https:\/\/brillianaire.sg\/vi\/wp-json\/wp\/v2\/pages\/9654","targetHints":{"allow":["GET"]}}],"collection":[{"href":"https:\/\/brillianaire.sg\/vi\/wp-json\/wp\/v2\/pages"}],"about":[{"href":"https:\/\/brillianaire.sg\/vi\/wp-json\/wp\/v2\/types\/page"}],"author":[{"embeddable":true,"href":"https:\/\/brillianaire.sg\/vi\/wp-json\/wp\/v2\/users\/1"}],"replies":[{"embeddable":true,"href":"https:\/\/brillianaire.sg\/vi\/wp-json\/wp\/v2\/comments?post=9654"}],"version-history":[{"count":16,"href":"https:\/\/brillianaire.sg\/vi\/wp-json\/wp\/v2\/pages\/9654\/revisions"}],"predecessor-version":[{"id":9954,"href":"https:\/\/brillianaire.sg\/vi\/wp-json\/wp\/v2\/pages\/9654\/revisions\/9954"}],"up":[{"embeddable":true,"href":"https:\/\/brillianaire.sg\/vi\/wp-json\/wp\/v2\/pages\/704"}],"wp:attachment":[{"href":"https:\/\/brillianaire.sg\/vi\/wp-json\/wp\/v2\/media?parent=9654"}],"curies":[{"name":"wp","href":"https:\/\/api.w.org\/{rel}","templated":true}]}}