{"id":9653,"date":"2024-12-13T13:24:23","date_gmt":"2024-12-13T13:24:23","guid":{"rendered":"https:\/\/happinesslab.store\/?page_id=9653"},"modified":"2025-02-14T05:26:28","modified_gmt":"2025-02-14T05:26:28","slug":"wealth-and-joy-simulation","status":"publish","type":"page","link":"https:\/\/brillianaire.sg\/vi\/workshop-for-kids-teens\/wealth-and-joy-simulation\/","title":{"rendered":"M\u00f4 ph\u1ecfng s\u1ef1 gi\u00e0u c\u00f3 v\u00e0 ni\u1ec1m vui"},"content":{"rendered":"<div data-elementor-type=\"wp-page\" data-elementor-id=\"9653\" class=\"elementor elementor-9653\">\n\t\t\t\t<div class=\"elementor-element elementor-element-2f4ec9f e-flex e-con-boxed e-con e-parent\" data-id=\"2f4ec9f\" data-element_type=\"container\" data-settings=\"{&quot;background_background&quot;:&quot;classic&quot;}\">\n\t\t\t\t\t<div class=\"e-con-inner\">\n\t\t<div class=\"elementor-element elementor-element-fee8eb5 e-flex e-con-boxed e-con e-child\" data-id=\"fee8eb5\" data-element_type=\"container\">\n\t\t\t\t\t<div class=\"e-con-inner\">\n\t\t\t\t<div class=\"elementor-element elementor-element-93b0c48 elementor-widget elementor-widget-image\" data-id=\"93b0c48\" data-element_type=\"widget\" data-widget_type=\"image.default\">\n\t\t\t\t<div class=\"elementor-widget-container\">\n\t\t\t\t\t\t\t\t\t\t\t\t\t\t\t<img fetchpriority=\"high\" decoding=\"async\" width=\"1024\" height=\"684\" src=\"https:\/\/brillianaire.sg\/wp-content\/uploads\/2024\/10\/www-emotion-my-2023-11-27-04-55-54-utc-1024x684.jpg\" class=\"attachment-large size-large wp-image-670\" alt=\"\" srcset=\"https:\/\/brillianaire.sg\/wp-content\/uploads\/2024\/10\/www-emotion-my-2023-11-27-04-55-54-utc-1024x684.jpg 1024w, https:\/\/brillianaire.sg\/wp-content\/uploads\/2024\/10\/www-emotion-my-2023-11-27-04-55-54-utc-300x200.jpg 300w, https:\/\/brillianaire.sg\/wp-content\/uploads\/2024\/10\/www-emotion-my-2023-11-27-04-55-54-utc-768x513.jpg 768w, https:\/\/brillianaire.sg\/wp-content\/uploads\/2024\/10\/www-emotion-my-2023-11-27-04-55-54-utc.jpg 1200w\" sizes=\"(max-width: 1024px) 100vw, 1024px\" \/>\t\t\t\t\t\t\t\t\t\t\t\t\t\t\t<\/div>\n\t\t\t\t<\/div>\n\t\t\t\t<div class=\"elementor-element elementor-element-0bd058c elementor-widget elementor-widget-heading\" data-id=\"0bd058c\" data-element_type=\"widget\" data-widget_type=\"heading.default\">\n\t\t\t\t<div class=\"elementor-widget-container\">\n\t\t\t\t\t<h2 class=\"elementor-heading-title elementor-size-default\">M\u00f4 ph\u1ecfng s\u1ef1 gi\u00e0u c\u00f3 v\u00e0 ni\u1ec1m vui<\/h2>\t\t\t\t<\/div>\n\t\t\t\t<\/div>\n\t\t\t\t<div class=\"elementor-element elementor-element-f26f8ad elementor-widget elementor-widget-text-editor\" data-id=\"f26f8ad\" data-element_type=\"widget\" data-widget_type=\"text-editor.default\">\n\t\t\t\t<div class=\"elementor-widget-container\">\n\t\t\t\t\t\t\t\t\t<p>Trong h\u1ed9i th\u1ea3o Wealthflow c\u1ee7a ch\u00fang t\u00f4i, con b\u1ea1n s\u1ebd \u0111\u01b0\u1ee3c t\u1ef1 \u0111\u01b0a ra quy\u1ebft \u0111\u1ecbnh v\u1ec1 ti\u1ec1n b\u1ea1c, tr\u1ea3i nghi\u1ec7m cu\u1ed9c s\u1ed1ng tr\u01b0\u1edfng th\u00e0nh v\u00e0 h\u1ecdc c\u00e1ch qu\u1ea3n l\u00fd v\u00e0 sinh l\u1eddi. Ch\u01b0\u01a1ng tr\u00ecnh m\u00f4 ph\u1ecfng t\u01b0\u01a1ng lai, cho ph\u00e9p c\u00e1c em th\u1eed nghi\u1ec7m nhi\u1ec1u c\u00e1ch kh\u00e1c nhau \u0111\u1ec3 x\u00e2y d\u1ef1ng s\u1ef1 gi\u00e0u c\u00f3 v\u00e0 \u0111\u01b0a ra nh\u1eefng quy\u1ebft \u0111\u1ecbnh quan tr\u1ecdng, m\u00e0 kh\u00f4ng h\u1ec1 b\u1ecb \u00e1p l\u1ef1c.<\/p><p>Trong su\u1ed1t bu\u1ed5i h\u1ed9i th\u1ea3o, con b\u1ea1n s\u1ebd:<\/p>\t\t\t\t\t\t\t\t<\/div>\n\t\t\t\t<\/div>\n\t\t<div class=\"elementor-element elementor-element-fcc8fa0 e-grid e-con-full e-con e-child\" data-id=\"fcc8fa0\" data-element_type=\"container\">\n\t\t\t\t<div class=\"elementor-element elementor-element-17838a3 elementor-widget elementor-widget-icon-box\" data-id=\"17838a3\" data-element_type=\"widget\" data-widget_type=\"icon-box.default\">\n\t\t\t\t<div class=\"elementor-widget-container\">\n\t\t\t\t\t\t\t<div class=\"elementor-icon-box-wrapper\">\n\n\t\t\t\n\t\t\t\t\t\t<div class=\"elementor-icon-box-content\">\n\n\t\t\t\t\t\t\t\t\t<h4 class=\"elementor-icon-box-title\">\n\t\t\t\t\t\t<span  >\n\t\t\t\t\t\t\tT\u00ecm hi\u1ec3u v\u1ec1 ti\u1ec1n\t\t\t\t\t\t<\/span>\n\t\t\t\t\t<\/h4>\n\t\t\t\t\n\t\t\t\t\t\t\t\t\t<p class=\"elementor-icon-box-description\">\n\t\t\t\t\t\tCon b\u1ea1n s\u1ebd h\u1ecdc \u0111\u01b0\u1ee3c nh\u1eefng \u0111i\u1ec1u c\u01a1 b\u1ea3n v\u1ec1 c\u00e1ch chi ti\u00eau kh\u00f4n ngoan, ki\u1ebfm thu nh\u1eadp v\u00e0 gia t\u0103ng ti\u1ec1n theo th\u1eddi gian. \t\t\t\t\t<\/p>\n\t\t\t\t\n\t\t\t<\/div>\n\t\t\t\n\t\t<\/div>\n\t\t\t\t\t\t<\/div>\n\t\t\t\t<\/div>\n\t\t\t\t<div class=\"elementor-element elementor-element-24ecbb9 elementor-widget elementor-widget-icon-box\" data-id=\"24ecbb9\" data-element_type=\"widget\" data-widget_type=\"icon-box.default\">\n\t\t\t\t<div class=\"elementor-widget-container\">\n\t\t\t\t\t\t\t<div class=\"elementor-icon-box-wrapper\">\n\n\t\t\t\n\t\t\t\t\t\t<div class=\"elementor-icon-box-content\">\n\n\t\t\t\t\t\t\t\t\t<h4 class=\"elementor-icon-box-title\">\n\t\t\t\t\t\t<span  >\n\t\t\t\t\t\t\tX\u1eed l\u00fd c\u00e1c l\u1ef1a ch\u1ecdn trong cu\u1ed9c s\u1ed1ng th\u1ef1c\t\t\t\t\t\t<\/span>\n\t\t\t\t\t<\/h4>\n\t\t\t\t\n\t\t\t\t\t\t\t\t\t<p class=\"elementor-icon-box-description\">\n\t\t\t\t\t\tT\u1eeb vi\u1ec7c ch\u1ecdn vi\u1ec7c l\u00e0m \u0111\u1ebfn mua xe, c\u00e1c em s\u1ebd \u0111\u01b0\u1ee3c tr\u1ea3i nghi\u1ec7m nh\u1eefng l\u1ef1a ch\u1ecdn t\u01b0\u01a1ng t\u1ef1 nh\u01b0 ng\u01b0\u1eddi l\u1edbn. C\u00e1c em s\u1ebd c\u00f3 c\u01a1 h\u1ed9i ch\u1ee9ng ki\u1ebfn nh\u1eefng g\u00ec x\u1ea3y ra v\u1edbi m\u1ed7i quy\u1ebft \u0111\u1ecbnh v\u00e0 hi\u1ec3u \u0111\u01b0\u1ee3c ch\u00fang \u1ea3nh h\u01b0\u1edfng \u0111\u1ebfn ti\u1ec1n b\u1ea1c v\u00e0 t\u01b0\u01a1ng lai c\u1ee7a m\u00ecnh nh\u01b0 th\u1ebf n\u00e0o. \t\t\t\t\t<\/p>\n\t\t\t\t\n\t\t\t<\/div>\n\t\t\t\n\t\t<\/div>\n\t\t\t\t\t\t<\/div>\n\t\t\t\t<\/div>\n\t\t\t\t<div class=\"elementor-element elementor-element-35a6380 elementor-widget elementor-widget-icon-box\" data-id=\"35a6380\" data-element_type=\"widget\" data-widget_type=\"icon-box.default\">\n\t\t\t\t<div class=\"elementor-widget-container\">\n\t\t\t\t\t\t\t<div class=\"elementor-icon-box-wrapper\">\n\n\t\t\t\n\t\t\t\t\t\t<div class=\"elementor-icon-box-content\">\n\n\t\t\t\t\t\t\t\t\t<h4 class=\"elementor-icon-box-title\">\n\t\t\t\t\t\t<span  >\n\t\t\t\t\t\t\tH\u00e3y th\u1eed c\u00e1c chi\u1ebfn l\u01b0\u1ee3c ti\u1ec1n b\u1ea1c kh\u00e1c nhau\t\t\t\t\t\t<\/span>\n\t\t\t\t\t<\/h4>\n\t\t\t\t\n\t\t\t\t\t\t\t\t\t<p class=\"elementor-icon-box-description\">\n\t\t\t\t\t\tKh\u00f4ng c\u00f3 c\u00e1ch n\u00e0o &quot;\u0111\u00fang&quot; \u0111\u1ec3 l\u00e0m gi\u00e0u. Con b\u1ea1n c\u00f3 th\u1ec3 th\u1eed nghi\u1ec7m nhi\u1ec1u con \u0111\u01b0\u1eddng kh\u00e1c nhau, nh\u01b0 ti\u1ebft ki\u1ec7m, kh\u1edfi nghi\u1ec7p ho\u1eb7c \u0111\u1ea7u t\u01b0. Tr\u00f2 ch\u01a1i cho ph\u00e9p c\u00e1c b\u00e9 kh\u00e1m ph\u00e1 xem ph\u01b0\u01a1ng \u00e1n n\u00e0o ph\u00f9 h\u1ee3p nh\u1ea5t v\u1edbi m\u00ecnh. \t\t\t\t\t<\/p>\n\t\t\t\t\n\t\t\t<\/div>\n\t\t\t\n\t\t<\/div>\n\t\t\t\t\t\t<\/div>\n\t\t\t\t<\/div>\n\t\t\t\t<\/div>\n\t\t\t\t<div class=\"elementor-element elementor-element-5e1a2c9 elementor-widget elementor-widget-text-editor\" data-id=\"5e1a2c9\" data-element_type=\"widget\" data-widget_type=\"text-editor.default\">\n\t\t\t\t<div class=\"elementor-widget-container\">\n\t\t\t\t\t\t\t\t\t<p><strong>Xem nh\u1eefng th\u0103ng tr\u1ea7m:<\/strong> X\u00e2y d\u1ef1ng s\u1ef1 gi\u00e0u c\u00f3 kh\u00f4ng ph\u1ea3i l\u00fac n\u00e0o c\u0169ng d\u1ec5 d\u00e0ng. \u0110\u00f4i khi m\u1ecdi th\u1ee9 kh\u00f4ng di\u1ec5n ra nh\u01b0 d\u1ef1 \u0111\u1ecbnh, kh\u00f4ng ch\u1ec9 trong t\u00e0i ch\u00ednh m\u00e0 c\u00f2n trong m\u1ecdi kh\u00eda c\u1ea1nh c\u1ee7a cu\u1ed9c s\u1ed1ng. Wealthflow m\u00f4 ph\u1ecfng nh\u1eefng kh\u00f3 kh\u0103n ti\u1ec1m \u1ea9n trong cu\u1ed9c s\u1ed1ng v\u00e0 mang \u0111\u1ebfn cho con b\u1ea1n c\u01a1 h\u1ed9i v\u01b0\u1ee3t qua ngh\u1ecbch c\u1ea3nh b\u1eb1ng ch\u00ednh n\u0103ng l\u1ef1c c\u1ee7a m\u00ecnh.<\/p><p><strong>Chu\u1ea9n b\u1ecb cho cu\u1ed9c s\u1ed1ng th\u1ef1c t\u1ebf:<\/strong> Cu\u1ed1i c\u00f9ng, con b\u1ea1n s\u1ebd hi\u1ec3u r\u00f5 h\u01a1n v\u1ec1 c\u00e1ch \u0111\u01b0a ra l\u1ef1a ch\u1ecdn th\u00f4ng minh v\u1ec1 ti\u1ec1n b\u1ea1c, c\u00e1ch h\u00e0nh \u0111\u1ed9ng khi g\u1eb7p ngh\u1ecbch c\u1ea3nh v\u00e0 s\u1ebd c\u1ea3m th\u1ea5y s\u1eb5n s\u00e0ng h\u01a1n cho t\u01b0\u01a1ng lai.<\/p><p>\u0110\u1eebng ch\u1ec9 ch\u1edd \u0111\u1ee3i \u0111\u1ec3 xem t\u01b0\u01a1ng lai c\u1ee7a con b\u1ea1n s\u1ebd ra sao. H\u00e3y trao cho con nh\u1eefng c\u00f4ng c\u1ee5 \u0111\u1ec3 h\u00ecnh dung v\u00e0 t\u1ef1 t\u1ea1o ra t\u01b0\u01a1ng lai cho ch\u00ednh m\u00ecnh.<\/p>\t\t\t\t\t\t\t\t<\/div>\n\t\t\t\t<\/div>\n\t\t\t\t\t<\/div>\n\t\t\t\t<\/div>\n\t\t\t\t\t<\/div>\n\t\t\t\t<\/div>\n\t\t\t\t<\/div>","protected":false},"excerpt":{"rendered":"<p>Wealth and Joy Simulation In our Wealthflow workshop, your child will make money decisions, see what adult life is like, and learn how to manage and grow their money. It simulates the future, letting them try out different ways to build wealth and make big decisions, all without the pressure. Throughout the workshop, your child&#8230;<\/p>","protected":false},"author":1,"featured_media":0,"parent":704,"menu_order":0,"comment_status":"closed","ping_status":"closed","template":"elementor_header_footer","meta":{"_kad_post_transparent":"","_kad_post_title":"hide","_kad_post_layout":"fullwidth","_kad_post_sidebar_id":"","_kad_post_content_style":"unboxed","_kad_post_vertical_padding":"hide","_kad_post_feature":"hide","_kad_post_feature_position":"","_kad_post_header":false,"_kad_post_footer":false,"footnotes":""},"class_list":["post-9653","page","type-page","status-publish","hentry"],"aioseo_notices":[],"_links":{"self":[{"href":"https:\/\/brillianaire.sg\/vi\/wp-json\/wp\/v2\/pages\/9653","targetHints":{"allow":["GET"]}}],"collection":[{"href":"https:\/\/brillianaire.sg\/vi\/wp-json\/wp\/v2\/pages"}],"about":[{"href":"https:\/\/brillianaire.sg\/vi\/wp-json\/wp\/v2\/types\/page"}],"author":[{"embeddable":true,"href":"https:\/\/brillianaire.sg\/vi\/wp-json\/wp\/v2\/users\/1"}],"replies":[{"embeddable":true,"href":"https:\/\/brillianaire.sg\/vi\/wp-json\/wp\/v2\/comments?post=9653"}],"version-history":[{"count":13,"href":"https:\/\/brillianaire.sg\/vi\/wp-json\/wp\/v2\/pages\/9653\/revisions"}],"predecessor-version":[{"id":9948,"href":"https:\/\/brillianaire.sg\/vi\/wp-json\/wp\/v2\/pages\/9653\/revisions\/9948"}],"up":[{"embeddable":true,"href":"https:\/\/brillianaire.sg\/vi\/wp-json\/wp\/v2\/pages\/704"}],"wp:attachment":[{"href":"https:\/\/brillianaire.sg\/vi\/wp-json\/wp\/v2\/media?parent=9653"}],"curies":[{"name":"wp","href":"https:\/\/api.w.org\/{rel}","templated":true}]}}