{"id":9652,"date":"2024-12-13T13:23:57","date_gmt":"2024-12-13T13:23:57","guid":{"rendered":"https:\/\/happinesslab.store\/?page_id=9652"},"modified":"2025-02-14T05:26:30","modified_gmt":"2025-02-14T05:26:30","slug":"money-whizz","status":"publish","type":"page","link":"https:\/\/brillianaire.sg\/vi\/workshop-for-kids-teens\/money-whizz\/","title":{"rendered":"Money Whizz"},"content":{"rendered":"<div data-elementor-type=\"wp-page\" data-elementor-id=\"9652\" class=\"elementor elementor-9652\">\n\t\t\t\t<div class=\"elementor-element elementor-element-a930180 e-flex e-con-boxed e-con e-parent\" data-id=\"a930180\" data-element_type=\"container\">\n\t\t\t\t\t<div class=\"e-con-inner\">\n\t\t<div class=\"elementor-element elementor-element-610e10e e-flex e-con-boxed e-con e-child\" data-id=\"610e10e\" data-element_type=\"container\">\n\t\t\t\t\t<div class=\"e-con-inner\">\n\t\t\t\t<div class=\"elementor-element elementor-element-f1c1e27 elementor-widget elementor-widget-image\" data-id=\"f1c1e27\" data-element_type=\"widget\" data-widget_type=\"image.default\">\n\t\t\t\t<div class=\"elementor-widget-container\">\n\t\t\t\t\t\t\t\t\t\t\t\t\t\t\t<img fetchpriority=\"high\" decoding=\"async\" width=\"1024\" height=\"683\" src=\"https:\/\/brillianaire.sg\/wp-content\/uploads\/2024\/10\/two-asian-little-girls-having-fun-to-put-coin-into-2023-11-27-05-09-53-utc-1024x683.jpg\" class=\"attachment-large size-large wp-image-669\" alt=\"\" srcset=\"https:\/\/brillianaire.sg\/wp-content\/uploads\/2024\/10\/two-asian-little-girls-having-fun-to-put-coin-into-2023-11-27-05-09-53-utc-1024x683.jpg 1024w, https:\/\/brillianaire.sg\/wp-content\/uploads\/2024\/10\/two-asian-little-girls-having-fun-to-put-coin-into-2023-11-27-05-09-53-utc-300x200.jpg 300w, https:\/\/brillianaire.sg\/wp-content\/uploads\/2024\/10\/two-asian-little-girls-having-fun-to-put-coin-into-2023-11-27-05-09-53-utc-768x512.jpg 768w, https:\/\/brillianaire.sg\/wp-content\/uploads\/2024\/10\/two-asian-little-girls-having-fun-to-put-coin-into-2023-11-27-05-09-53-utc.jpg 1200w\" sizes=\"(max-width: 1024px) 100vw, 1024px\" \/>\t\t\t\t\t\t\t\t\t\t\t\t\t\t\t<\/div>\n\t\t\t\t<\/div>\n\t\t\t\t<div class=\"elementor-element elementor-element-a86a3e7 elementor-widget elementor-widget-heading\" data-id=\"a86a3e7\" data-element_type=\"widget\" data-widget_type=\"heading.default\">\n\t\t\t\t<div class=\"elementor-widget-container\">\n\t\t\t\t\t<h2 class=\"elementor-heading-title elementor-size-default\">Money Whizz<\/h2>\t\t\t\t<\/div>\n\t\t\t\t<\/div>\n\t\t\t\t<div class=\"elementor-element elementor-element-7a28024 elementor-widget elementor-widget-text-editor\" data-id=\"7a28024\" data-element_type=\"widget\" data-widget_type=\"text-editor.default\">\n\t\t\t\t<div class=\"elementor-widget-container\">\n\t\t\t\t\t\t\t\t\t<p>Khi ngh\u0129 v\u1ec1 nh\u1eefng k\u1ef9 n\u0103ng s\u1ed1ng thi\u1ebft y\u1ebfu cho tr\u1ebb em, m\u1ed9t trong nh\u1eefng \u0111i\u1ec1u \u0111\u1ea7u ti\u00ean ch\u00fang ta ngh\u0129 \u0111\u1ebfn ch\u1eafc ch\u1eafn l\u00e0 ki\u1ebfn th\u1ee9c t\u00e0i ch\u00ednh! Trong h\u1ed9i th\u1ea3o n\u00e0y, ch\u00fang t\u00f4i mong mu\u1ed1n h\u01b0\u1edbng d\u1eabn tr\u1ebb em h\u1ecdc nh\u1eefng ki\u1ebfn th\u1ee9c c\u01a1 b\u1ea3n v\u1ec1 t\u00e0i ch\u00ednh.<\/p><p>Nh\u1eefng \u0111i\u1ec1u h\u1ecd s\u1ebd h\u1ecdc:<\/p><ul><li>Nhu c\u1ea7u so v\u1edbi mong mu\u1ed1n<\/li><li>\u0110\u1ebfm thay \u0111\u1ed5i<\/li><li>T\u1ea7m quan tr\u1ecdng c\u1ee7a vi\u1ec7c ti\u1ebft ki\u1ec7m<\/li><\/ul><p>Tr\u1ebb em th\u1eadm ch\u00ed c\u00f2n c\u00f3 c\u01a1 h\u1ed9i th\u1ef1c h\u00e0nh k\u1ef9 n\u0103ng c\u1ee7a m\u00ecnh t\u1ea1i c\u00e1c gian h\u00e0ng pop-up trong x\u01b0\u1edfng! Tr\u1ebb em c\u00f3 th\u1ec3 t\u1ef1 quy\u1ebft \u0111\u1ecbnh c\u00e1ch m\u00ecnh mu\u1ed1n chi ti\u00eau ti\u1ec1n v\u00e0 s\u1ed1 ti\u1ec1n m\u00ecnh mu\u1ed1n ti\u1ebft ki\u1ec7m.<\/p><p>H\u00e3y c\u00f9ng nhau b\u1eaft \u0111\u1ea7u cu\u1ed9c phi\u00eau l\u01b0u gi\u00e1o d\u1ee5c n\u00e0y \u0111\u1ec3 m\u1edf \u0111\u01b0\u1eddng cho m\u1ed9t th\u1ebf h\u1ec7 t\u01b0\u01a1ng lai t\u1ef1 tin v\u00e0 hi\u1ec3u bi\u1ebft v\u1ec1 t\u00e0i ch\u00ednh!<\/p>\t\t\t\t\t\t\t\t<\/div>\n\t\t\t\t<\/div>\n\t\t\t\t\t<\/div>\n\t\t\t\t<\/div>\n\t\t\t\t\t<\/div>\n\t\t\t\t<\/div>\n\t\t\t\t<\/div>","protected":false},"excerpt":{"rendered":"<p>Money Whizz When thinking about essential life skills for children to learn, one of the first things that come to mind is surely financial literacy! In this workshop, we aim to guide children in learning the basics of financial literacy. Things they will learn: Needs Vs Wants Counting Change The Importance of Saving Children will&#8230;<\/p>","protected":false},"author":1,"featured_media":0,"parent":704,"menu_order":0,"comment_status":"closed","ping_status":"closed","template":"elementor_header_footer","meta":{"_kad_post_transparent":"","_kad_post_title":"hide","_kad_post_layout":"fullwidth","_kad_post_sidebar_id":"","_kad_post_content_style":"unboxed","_kad_post_vertical_padding":"hide","_kad_post_feature":"hide","_kad_post_feature_position":"","_kad_post_header":false,"_kad_post_footer":false,"footnotes":""},"class_list":["post-9652","page","type-page","status-publish","hentry"],"aioseo_notices":[],"_links":{"self":[{"href":"https:\/\/brillianaire.sg\/vi\/wp-json\/wp\/v2\/pages\/9652","targetHints":{"allow":["GET"]}}],"collection":[{"href":"https:\/\/brillianaire.sg\/vi\/wp-json\/wp\/v2\/pages"}],"about":[{"href":"https:\/\/brillianaire.sg\/vi\/wp-json\/wp\/v2\/types\/page"}],"author":[{"embeddable":true,"href":"https:\/\/brillianaire.sg\/vi\/wp-json\/wp\/v2\/users\/1"}],"replies":[{"embeddable":true,"href":"https:\/\/brillianaire.sg\/vi\/wp-json\/wp\/v2\/comments?post=9652"}],"version-history":[{"count":13,"href":"https:\/\/brillianaire.sg\/vi\/wp-json\/wp\/v2\/pages\/9652\/revisions"}],"predecessor-version":[{"id":9951,"href":"https:\/\/brillianaire.sg\/vi\/wp-json\/wp\/v2\/pages\/9652\/revisions\/9951"}],"up":[{"embeddable":true,"href":"https:\/\/brillianaire.sg\/vi\/wp-json\/wp\/v2\/pages\/704"}],"wp:attachment":[{"href":"https:\/\/brillianaire.sg\/vi\/wp-json\/wp\/v2\/media?parent=9652"}],"curies":[{"name":"wp","href":"https:\/\/api.w.org\/{rel}","templated":true}]}}