{"id":9651,"date":"2024-12-13T13:23:37","date_gmt":"2024-12-13T13:23:37","guid":{"rendered":"https:\/\/happinesslab.store\/?page_id=9651"},"modified":"2025-02-14T05:28:24","modified_gmt":"2025-02-14T05:28:24","slug":"young-entrepreneur","status":"publish","type":"page","link":"https:\/\/brillianaire.sg\/vi\/workshop-for-kids-teens\/young-entrepreneur\/","title":{"rendered":"Doanh nh\u00e2n tr\u1ebb"},"content":{"rendered":"<div data-elementor-type=\"wp-page\" data-elementor-id=\"9651\" class=\"elementor elementor-9651\">\n\t\t\t\t<div class=\"elementor-element elementor-element-8922b98 e-flex e-con-boxed e-con e-parent\" data-id=\"8922b98\" data-element_type=\"container\">\n\t\t\t\t\t<div class=\"e-con-inner\">\n\t\t<div class=\"elementor-element elementor-element-ba150e4 e-flex e-con-boxed e-con e-child\" data-id=\"ba150e4\" data-element_type=\"container\">\n\t\t\t\t\t<div class=\"e-con-inner\">\n\t\t\t\t<div class=\"elementor-element elementor-element-14f4864 elementor-widget elementor-widget-image\" data-id=\"14f4864\" data-element_type=\"widget\" data-widget_type=\"image.default\">\n\t\t\t\t<div class=\"elementor-widget-container\">\n\t\t\t\t\t\t\t\t\t\t\t\t\t\t\t<img fetchpriority=\"high\" decoding=\"async\" width=\"1140\" height=\"470\" src=\"https:\/\/brillianaire.sg\/wp-content\/uploads\/2024\/09\/happy-classmates-throwing-hands-in-air-and-rejoici-2022-12-16-19-13-41-utc-1.jpg\" class=\"attachment-full size-full wp-image-27\" alt=\"\" srcset=\"https:\/\/brillianaire.sg\/wp-content\/uploads\/2024\/09\/happy-classmates-throwing-hands-in-air-and-rejoici-2022-12-16-19-13-41-utc-1.jpg 1140w, https:\/\/brillianaire.sg\/wp-content\/uploads\/2024\/09\/happy-classmates-throwing-hands-in-air-and-rejoici-2022-12-16-19-13-41-utc-1-300x124.jpg 300w, https:\/\/brillianaire.sg\/wp-content\/uploads\/2024\/09\/happy-classmates-throwing-hands-in-air-and-rejoici-2022-12-16-19-13-41-utc-1-1024x422.jpg 1024w, https:\/\/brillianaire.sg\/wp-content\/uploads\/2024\/09\/happy-classmates-throwing-hands-in-air-and-rejoici-2022-12-16-19-13-41-utc-1-768x317.jpg 768w\" sizes=\"(max-width: 1140px) 100vw, 1140px\" \/>\t\t\t\t\t\t\t\t\t\t\t\t\t\t\t<\/div>\n\t\t\t\t<\/div>\n\t\t\t\t<div class=\"elementor-element elementor-element-1c67516 elementor-widget elementor-widget-heading\" data-id=\"1c67516\" data-element_type=\"widget\" data-widget_type=\"heading.default\">\n\t\t\t\t<div class=\"elementor-widget-container\">\n\t\t\t\t\t<h2 class=\"elementor-heading-title elementor-size-default\">Doanh nh\u00e2n tr\u1ebb<\/h2>\t\t\t\t<\/div>\n\t\t\t\t<\/div>\n\t\t\t\t<div class=\"elementor-element elementor-element-327b067 elementor-widget elementor-widget-text-editor\" data-id=\"327b067\" data-element_type=\"widget\" data-widget_type=\"text-editor.default\">\n\t\t\t\t<div class=\"elementor-widget-container\">\n\t\t\t\t\t\t\t\t\t<p>Kh\u01a1i d\u1eady s\u1ef1 s\u00e1ng t\u1ea1o c\u1ee7a nh\u1eefng nh\u00e0 ti\u00ean phong t\u01b0\u01a1ng lai th\u00f4ng qua ch\u01b0\u01a1ng tr\u00ecnh \"Young Entrepreneur\" c\u1ee7a ch\u00fang t\u00f4i. Trong h\u00e0nh tr\u00ecnh n\u00e0y, h\u1ecd s\u1ebd ph\u00e1t tri\u1ec3n \u00fd t\u01b0\u1edfng, l\u1eadp k\u1ebf ho\u1ea1ch v\u00e0 x\u00e2y d\u1ef1ng doanh nghi\u1ec7p c\u1ee7a ri\u00eang m\u00ecnh.<\/p><ul><li><strong>T\u1eeb \u00dd t\u01b0\u1edfng \u0111\u1ebfn D\u1ef1 \u00e1n<\/strong>: Kh\u01a1i d\u1eady s\u1ef1 s\u00e1ng t\u1ea1o, h\u1ecd s\u1ebd ph\u00e1t tri\u1ec3n v\u00e0 m\u1edf r\u1ed9ng c\u00e1c \u00fd t\u01b0\u1edfng kinh doanh c\u1ee7a m\u00ecnh trong su\u1ed1t ch\u01b0\u01a1ng tr\u00ecnh.<\/li><li><strong>B\u1ec7 ph\u00f3ng cho c\u00e1c d\u1ef1 \u00e1n kh\u1edfi nghi\u1ec7p<\/strong>: K\u1ebft th\u00fac b\u1eb1ng m\u1ed9t trang web v\u00e0 doanh nghi\u1ec7p th\u1ef1c t\u1ebf, h\u1ecd s\u1ebd s\u1eb5n s\u00e0ng chinh ph\u1ee5c th\u1ebf gi\u1edbi.<\/li><\/ul><p>Tham gia ch\u01b0\u01a1ng tr\u00ecnh, c\u00e1c h\u1ecdc vi\u00ean s\u1ebd c\u00f3 c\u01a1 h\u1ed9i h\u1ecdc h\u1ecfi t\u1eeb c\u00e1c chuy\u00ean gia trong nhi\u1ec1u l\u0129nh v\u1ef1c kh\u00e1c nhau \u0111\u1ec3 trang b\u1ecb nh\u1eefng k\u1ef9 n\u0103ng c\u01a1 b\u1ea3n c\u1ea7n thi\u1ebft \u0111\u1ec3 qu\u1ea3n l\u00fd c\u00e1c kh\u00eda c\u1ea1nh kh\u00e1c nhau c\u1ee7a m\u1ed9t doanh nghi\u1ec7p. C\u00e1c k\u1ef9 n\u0103ng n\u00e0y bao g\u1ed3m:<\/p><ul><li>L\u1eadp \u00fd t\u01b0\u1edfng<\/li><li>Vi\u1ebft qu\u1ea3ng c\u00e1o<\/li><li>Ngh\u1ec7 thu\u1eadt ch\u1ee5p \u1ea3nh<\/li><li>Ti\u1ebfp th\u1ecb truy\u1ec1n th\u00f4ng x\u00e3 h\u1ed9i<\/li><li>Lu\u1eadt Kinh doanh C\u01a1 b\u1ea3n<\/li><li>K\u1ebf to\u00e1n c\u01a1 b\u1ea3n<\/li><li>L\u1eadp tr\u00ecnh<\/li><\/ul><p><br \/>Ch\u00fang t\u00f4i tin t\u01b0\u1edfng v\u00e0o s\u1ee9c m\u1ea1nh c\u1ee7a c\u00e1c doanh nh\u00e2n tr\u1ebb trong vi\u1ec7c \u0111\u1ecbnh h\u00ecnh m\u1ed9t t\u01b0\u01a1ng lai t\u01b0\u01a1i s\u00e1ng h\u01a1n, v\u00e0 ch\u01b0\u01a1ng tr\u00ecnh n\u00e0y ch\u00ednh l\u00e0 b\u1ec7 ph\u00f3ng cho nh\u1eefng gi\u1ea5c m\u01a1 c\u1ee7a h\u1ecd. C\u00f9ng nhau, ch\u00fang ta s\u1ebd nu\u00f4i d\u01b0\u1ee1ng s\u1ef1 s\u00e1ng t\u1ea1o c\u1ee7a h\u1ecd, kh\u01a1i d\u1eady \u0111am m\u00ea c\u1ee7a h\u1ecd v\u00e0 \u0111\u01b0a h\u1ecd v\u00e0o h\u00e0nh tr\u00ecnh t\u1ea1o ra nh\u1eefng \u1ea3nh h\u01b0\u1edfng l\u00e2u d\u00e0i \u0111\u1ed1i v\u1edbi th\u1ebf gi\u1edbi.<\/p>\t\t\t\t\t\t\t\t<\/div>\n\t\t\t\t<\/div>\n\t\t\t\t\t<\/div>\n\t\t\t\t<\/div>\n\t\t\t\t\t<\/div>\n\t\t\t\t<\/div>\n\t\t\t\t<\/div>","protected":false},"excerpt":{"rendered":"<p>Young Entrepreneur Fuel the creativity of future trailblazers with our Young Entrepreneur program. Through this journey, they&#8217;ll ideate, plan and create their own businesses. From Ideas to Ventures: Fuelling creativity, they&#8217;ll develop and expand their own business ideas throughout the program. Launchpad for Ventures: Culminating in a real website and business, they&#8217;ll be set to&#8230;<\/p>","protected":false},"author":1,"featured_media":0,"parent":704,"menu_order":0,"comment_status":"closed","ping_status":"closed","template":"elementor_header_footer","meta":{"_kad_post_transparent":"","_kad_post_title":"hide","_kad_post_layout":"fullwidth","_kad_post_sidebar_id":"","_kad_post_content_style":"unboxed","_kad_post_vertical_padding":"hide","_kad_post_feature":"hide","_kad_post_feature_position":"","_kad_post_header":false,"_kad_post_footer":false,"footnotes":""},"class_list":["post-9651","page","type-page","status-publish","hentry"],"aioseo_notices":[],"_links":{"self":[{"href":"https:\/\/brillianaire.sg\/vi\/wp-json\/wp\/v2\/pages\/9651","targetHints":{"allow":["GET"]}}],"collection":[{"href":"https:\/\/brillianaire.sg\/vi\/wp-json\/wp\/v2\/pages"}],"about":[{"href":"https:\/\/brillianaire.sg\/vi\/wp-json\/wp\/v2\/types\/page"}],"author":[{"embeddable":true,"href":"https:\/\/brillianaire.sg\/vi\/wp-json\/wp\/v2\/users\/1"}],"replies":[{"embeddable":true,"href":"https:\/\/brillianaire.sg\/vi\/wp-json\/wp\/v2\/comments?post=9651"}],"version-history":[{"count":13,"href":"https:\/\/brillianaire.sg\/vi\/wp-json\/wp\/v2\/pages\/9651\/revisions"}],"predecessor-version":[{"id":10005,"href":"https:\/\/brillianaire.sg\/vi\/wp-json\/wp\/v2\/pages\/9651\/revisions\/10005"}],"up":[{"embeddable":true,"href":"https:\/\/brillianaire.sg\/vi\/wp-json\/wp\/v2\/pages\/704"}],"wp:attachment":[{"href":"https:\/\/brillianaire.sg\/vi\/wp-json\/wp\/v2\/media?parent=9651"}],"curies":[{"name":"wp","href":"https:\/\/api.w.org\/{rel}","templated":true}]}}