{"id":210,"date":"2024-09-25T05:49:43","date_gmt":"2024-09-25T05:49:43","guid":{"rendered":"https:\/\/happinesslab.store\/?page_id=210"},"modified":"2025-09-21T08:19:53","modified_gmt":"2025-09-21T08:19:53","slug":"happiness-academy","status":"publish","type":"page","link":"https:\/\/brillianaire.sg\/vi\/happiness-academy\/","title":{"rendered":"H\u1ecdc vi\u1ec7n H\u1ea1nh ph\u00fac"},"content":{"rendered":"<div data-elementor-type=\"wp-page\" data-elementor-id=\"210\" class=\"elementor elementor-210\">\n\t\t\t\t<div class=\"elementor-element elementor-element-a882df6 e-flex e-con-boxed e-con e-parent\" data-id=\"a882df6\" data-element_type=\"container\">\n\t\t\t\t\t<div class=\"e-con-inner\">\n\t\t<div class=\"elementor-element elementor-element-3d4a8b7 e-con-full e-flex e-con e-child\" data-id=\"3d4a8b7\" data-element_type=\"container\">\n\t\t\t\t<div class=\"elementor-element elementor-element-367a414 animated-slow elementor-invisible elementor-widget elementor-widget-heading\" data-id=\"367a414\" data-element_type=\"widget\" data-settings=\"{&quot;_animation&quot;:&quot;fadeIn&quot;}\" data-widget_type=\"heading.default\">\n\t\t\t\t<div class=\"elementor-widget-container\">\n\t\t\t\t\t<h2 class=\"elementor-heading-title elementor-size-default\">H\u1ecdc vi\u1ec7n H\u1ea1nh ph\u00fac<\/h2>\t\t\t\t<\/div>\n\t\t\t\t<\/div>\n\t\t\t\t<div class=\"elementor-element elementor-element-cab7b2c elementor-widget elementor-widget-image\" data-id=\"cab7b2c\" data-element_type=\"widget\" data-widget_type=\"image.default\">\n\t\t\t\t<div class=\"elementor-widget-container\">\n\t\t\t\t\t\t\t\t\t\t\t\t\t\t\t<img fetchpriority=\"high\" decoding=\"async\" width=\"275\" height=\"275\" src=\"https:\/\/brillianaire.sg\/wp-content\/uploads\/2024\/09\/Happiness-Lab.jpg\" class=\"attachment-full size-full wp-image-190\" alt=\"\" srcset=\"https:\/\/brillianaire.sg\/wp-content\/uploads\/2024\/09\/Happiness-Lab.jpg 275w, https:\/\/brillianaire.sg\/wp-content\/uploads\/2024\/09\/Happiness-Lab-150x150.jpg 150w\" sizes=\"(max-width: 275px) 100vw, 275px\" \/>\t\t\t\t\t\t\t\t\t\t\t\t\t\t\t<\/div>\n\t\t\t\t<\/div>\n\t\t\t\t<\/div>\n\t\t\t\t\t<\/div>\n\t\t\t\t<\/div>\n\t\t<div class=\"elementor-element elementor-element-635e60e e-flex e-con-boxed e-con e-parent\" data-id=\"635e60e\" data-element_type=\"container\">\n\t\t\t\t\t<div class=\"e-con-inner\">\n\t\t<div class=\"elementor-element elementor-element-29cef01 e-con-full e-flex e-con e-child\" data-id=\"29cef01\" data-element_type=\"container\">\n\t\t<div class=\"elementor-element elementor-element-64c5aa5 e-con-full animated-slow e-flex elementor-invisible e-con e-child\" data-id=\"64c5aa5\" data-element_type=\"container\" data-settings=\"{&quot;animation&quot;:&quot;fadeIn&quot;}\">\n\t\t\t\t<div class=\"elementor-element elementor-element-9c44d3a elementor-widget elementor-widget-image\" data-id=\"9c44d3a\" data-element_type=\"widget\" data-widget_type=\"image.default\">\n\t\t\t\t<div class=\"elementor-widget-container\">\n\t\t\t\t\t\t\t\t\t\t\t\t\t\t\t<img decoding=\"async\" width=\"1024\" height=\"682\" src=\"https:\/\/brillianaire.sg\/wp-content\/uploads\/2024\/11\/WhatsApp-Image-2024-11-05-at-11.14.04-1024x682.jpeg\" class=\"attachment-large size-large wp-image-782\" alt=\"\" srcset=\"https:\/\/brillianaire.sg\/wp-content\/uploads\/2024\/11\/WhatsApp-Image-2024-11-05-at-11.14.04-1024x682.jpeg 1024w, https:\/\/brillianaire.sg\/wp-content\/uploads\/2024\/11\/WhatsApp-Image-2024-11-05-at-11.14.04-300x200.jpeg 300w, https:\/\/brillianaire.sg\/wp-content\/uploads\/2024\/11\/WhatsApp-Image-2024-11-05-at-11.14.04-768x512.jpeg 768w, https:\/\/brillianaire.sg\/wp-content\/uploads\/2024\/11\/WhatsApp-Image-2024-11-05-at-11.14.04-1536x1023.jpeg 1536w, https:\/\/brillianaire.sg\/wp-content\/uploads\/2024\/11\/WhatsApp-Image-2024-11-05-at-11.14.04.jpeg 1600w\" sizes=\"(max-width: 1024px) 100vw, 1024px\" \/>\t\t\t\t\t\t\t\t\t\t\t\t\t\t\t<\/div>\n\t\t\t\t<\/div>\n\t\t\t\t<\/div>\n\t\t<div class=\"elementor-element elementor-element-73f3891 e-con-full animated-slow e-flex elementor-invisible e-con e-child\" data-id=\"73f3891\" data-element_type=\"container\" data-settings=\"{&quot;animation&quot;:&quot;fadeIn&quot;,&quot;animation_delay&quot;:200}\">\n\t\t<div class=\"elementor-element elementor-element-5982636 e-con-full animated-slow e-flex elementor-invisible e-con e-child\" data-id=\"5982636\" data-element_type=\"container\" data-settings=\"{&quot;animation&quot;:&quot;fadeIn&quot;,&quot;animation_delay&quot;:200}\">\n\t\t\t\t<div class=\"elementor-element elementor-element-7cb564a elementor-widget elementor-widget-heading\" data-id=\"7cb564a\" data-element_type=\"widget\" data-widget_type=\"heading.default\">\n\t\t\t\t<div class=\"elementor-widget-container\">\n\t\t\t\t\t<div class=\"elementor-heading-title elementor-size-default\">\u0110\u00e0o t\u1ea1o<\/div>\t\t\t\t<\/div>\n\t\t\t\t<\/div>\n\t\t\t\t<div class=\"elementor-element elementor-element-96b63d6 elementor-widget__width-initial elementor-widget elementor-widget-heading\" data-id=\"96b63d6\" data-element_type=\"widget\" data-widget_type=\"heading.default\">\n\t\t\t\t<div class=\"elementor-widget-container\">\n\t\t\t\t\t<h2 class=\"elementor-heading-title elementor-size-default\">Tr\u1edf th\u00e0nh Hu\u1ea5n luy\u1ec7n vi\u00ean H\u1ea1nh ph\u00fac \u0111\u01b0\u1ee3c Ch\u1ee9ng nh\u1eadn<\/h2>\t\t\t\t<\/div>\n\t\t\t\t<\/div>\n\t\t\t\t<div class=\"elementor-element elementor-element-0541df6 elementor-widget elementor-widget-text-editor\" data-id=\"0541df6\" data-element_type=\"widget\" data-widget_type=\"text-editor.default\">\n\t\t\t\t<div class=\"elementor-widget-container\">\n\t\t\t\t\t\t\t\t\t<p>B\u1ea1n c\u00f3 \u0111am m\u00ea gi\u00fap \u0111\u1ee1 ng\u01b0\u1eddi kh\u00e1c \u0111\u1ea1t \u0111\u01b0\u1ee3c ti\u1ec1m n\u0103ng v\u00e0 h\u1ea1nh ph\u00fac cao nh\u1ea5t? H\u00e3y tham gia ch\u01b0\u01a1ng tr\u00ecnh \u0111\u00e0o t\u1ea1o danh gi\u00e1 c\u1ee7a ch\u00fang t\u00f4i v\u00e0 tr\u1edf th\u00e0nh Hu\u1ea5n luy\u1ec7n vi\u00ean H\u1ea1nh ph\u00fac \u0111\u01b0\u1ee3c ch\u1ee9ng nh\u1eadn. C\u01a1 h\u1ed9i \u0111\u1ed9c \u0111\u00e1o n\u00e0y cho ph\u00e9p b\u1ea1n l\u00e0m vi\u1ec7c trong l\u0129nh v\u1ef1c ph\u00e1t tri\u1ec3n, mang l\u1ea1i h\u1ea1nh ph\u00fac v\u00e0 s\u1ef1 t\u00edch c\u1ef1c cho c\u00e1 nh\u00e2n v\u00e0 c\u1ed9ng \u0111\u1ed3ng.<\/p>\t\t\t\t\t\t\t\t<\/div>\n\t\t\t\t<\/div>\n\t\t\t\t<\/div>\n\t\t\t\t<\/div>\n\t\t\t\t<\/div>\n\t\t\t\t\t<\/div>\n\t\t\t\t<\/div>\n\t\t<div class=\"elementor-element elementor-element-7734f57c e-flex e-con-boxed e-con e-parent\" data-id=\"7734f57c\" data-element_type=\"container\">\n\t\t\t\t\t<div class=\"e-con-inner\">\n\t\t<div class=\"elementor-element elementor-element-5eb12f2e e-con-full e-flex e-con e-child\" data-id=\"5eb12f2e\" data-element_type=\"container\">\n\t\t\t\t<div class=\"elementor-element elementor-element-92dd868 elementor-widget-tablet__width-initial elementor-widget elementor-widget-heading\" data-id=\"92dd868\" data-element_type=\"widget\" data-widget_type=\"heading.default\">\n\t\t\t\t<div class=\"elementor-widget-container\">\n\t\t\t\t\t<h2 class=\"elementor-heading-title elementor-size-default\">V\u1edbi t\u01b0 c\u00e1ch l\u00e0 Hu\u1ea5n luy\u1ec7n vi\u00ean H\u1ea1nh ph\u00fac, b\u1ea1n s\u1ebd tr\u1ea3i qua kh\u00f3a \u0111\u00e0o t\u1ea1o to\u00e0n di\u1ec7n th\u00f4ng qua hai kh\u00f3a h\u1ecdc thi\u1ebft y\u1ebfu:<\/h2>\t\t\t\t<\/div>\n\t\t\t\t<\/div>\n\t\t<div class=\"elementor-element elementor-element-127f3d50 e-con-full animated-slow e-grid elementor-invisible e-con e-child\" data-id=\"127f3d50\" data-element_type=\"container\" data-settings=\"{&quot;animation&quot;:&quot;fadeIn&quot;,&quot;animation_delay&quot;:200}\">\n\t\t<div class=\"elementor-element elementor-element-64b821ed e-flex e-con-boxed e-con e-child\" data-id=\"64b821ed\" data-element_type=\"container\" data-settings=\"{&quot;background_background&quot;:&quot;classic&quot;}\">\n\t\t\t\t\t<div class=\"e-con-inner\">\n\t\t\t\t<div class=\"elementor-element elementor-element-181247d elementor-widget elementor-widget-image\" data-id=\"181247d\" data-element_type=\"widget\" data-widget_type=\"image.default\">\n\t\t\t\t<div class=\"elementor-widget-container\">\n\t\t\t\t\t\t\t\t\t\t\t\t\t\t\t<img decoding=\"async\" width=\"256\" height=\"256\" src=\"https:\/\/brillianaire.sg\/wp-content\/uploads\/2025\/09\/44-Brain-Stimulation@1x-EUVA9D6.png\" class=\"attachment-full size-full wp-image-10258\" alt=\"\" srcset=\"https:\/\/brillianaire.sg\/wp-content\/uploads\/2025\/09\/44-Brain-Stimulation@1x-EUVA9D6.png 256w, https:\/\/brillianaire.sg\/wp-content\/uploads\/2025\/09\/44-Brain-Stimulation@1x-EUVA9D6-150x150.png 150w, https:\/\/brillianaire.sg\/wp-content\/uploads\/2025\/09\/44-Brain-Stimulation@1x-EUVA9D6-12x12.png 12w\" sizes=\"(max-width: 256px) 100vw, 256px\" \/>\t\t\t\t\t\t\t\t\t\t\t\t\t\t\t<\/div>\n\t\t\t\t<\/div>\n\t\t\t\t<div class=\"elementor-element elementor-element-43c2ada2 elementor-widget elementor-widget-image-box\" data-id=\"43c2ada2\" data-element_type=\"widget\" data-widget_type=\"image-box.default\">\n\t\t\t\t<div class=\"elementor-widget-container\">\n\t\t\t\t\t<div class=\"elementor-image-box-wrapper\"><div class=\"elementor-image-box-content\"><h5 class=\"elementor-image-box-title\">H\u1ecdc vi\u1ec7n n\u00e3o b\u1ed9<\/h5><p class=\"elementor-image-box-description\">\u0110i s\u00e2u v\u00e0o khoa h\u1ecdc n\u00e3o b\u1ed9 v\u00e0 hi\u1ec3u \u0111\u01b0\u1ee3c n\u1ec1n t\u1ea3ng th\u1ea7n kinh c\u1ee7a h\u1ea1nh ph\u00fac.<\/p><\/div><\/div>\t\t\t\t<\/div>\n\t\t\t\t<\/div>\n\t\t\t\t\t<\/div>\n\t\t\t\t<\/div>\n\t\t<div class=\"elementor-element elementor-element-17c35acf e-flex e-con-boxed e-con e-child\" data-id=\"17c35acf\" data-element_type=\"container\" data-settings=\"{&quot;background_background&quot;:&quot;classic&quot;}\">\n\t\t\t\t\t<div class=\"e-con-inner\">\n\t\t\t\t<div class=\"elementor-element elementor-element-0963c29 elementor-widget elementor-widget-image\" data-id=\"0963c29\" data-element_type=\"widget\" data-widget_type=\"image.default\">\n\t\t\t\t<div class=\"elementor-widget-container\">\n\t\t\t\t\t\t\t\t\t\t\t\t\t\t\t<img loading=\"lazy\" decoding=\"async\" width=\"256\" height=\"256\" src=\"https:\/\/brillianaire.sg\/wp-content\/uploads\/2025\/09\/34-AI-Productivity@1x-EUVA9D6.png\" class=\"attachment-full size-full wp-image-10270\" alt=\"\" srcset=\"https:\/\/brillianaire.sg\/wp-content\/uploads\/2025\/09\/34-AI-Productivity@1x-EUVA9D6.png 256w, https:\/\/brillianaire.sg\/wp-content\/uploads\/2025\/09\/34-AI-Productivity@1x-EUVA9D6-150x150.png 150w, https:\/\/brillianaire.sg\/wp-content\/uploads\/2025\/09\/34-AI-Productivity@1x-EUVA9D6-12x12.png 12w\" sizes=\"(max-width: 256px) 100vw, 256px\" \/>\t\t\t\t\t\t\t\t\t\t\t\t\t\t\t<\/div>\n\t\t\t\t<\/div>\n\t\t\t\t<div class=\"elementor-element elementor-element-5e75751d elementor-widget elementor-widget-image-box\" data-id=\"5e75751d\" data-element_type=\"widget\" data-widget_type=\"image-box.default\">\n\t\t\t\t<div class=\"elementor-widget-container\">\n\t\t\t\t\t<div class=\"elementor-image-box-wrapper\"><div class=\"elementor-image-box-content\"><h5 class=\"elementor-image-box-title\">Khoa h\u1ecdc v\u1ec1 h\u1ea1nh ph\u00fac<\/h5><p class=\"elementor-image-box-description\">T\u00ecm hi\u1ec3u nh\u1eefng nghi\u00ean c\u1ee9u m\u1edbi nh\u1ea5t v\u00e0 \u1ee9ng d\u1ee5ng th\u1ef1c t\u1ebf \u0111\u1ec3 n\u00e2ng cao s\u1ee9c kh\u1ecfe c\u00e1 nh\u00e2n v\u00e0 t\u1eadp th\u1ec3.<\/p><\/div><\/div>\t\t\t\t<\/div>\n\t\t\t\t<\/div>\n\t\t\t\t\t<\/div>\n\t\t\t\t<\/div>\n\t\t\t\t<\/div>\n\t\t\t\t<div class=\"elementor-element elementor-element-bad228a elementor-widget elementor-widget-text-editor\" data-id=\"bad228a\" data-element_type=\"widget\" data-widget_type=\"text-editor.default\">\n\t\t\t\t<div class=\"elementor-widget-container\">\n\t\t\t\t\t\t\t\t\t<p>Kho\u1ea3n \u0111\u1ea7u t\u01b0 n\u00e0y bao g\u1ed3m to\u00e0n b\u1ed9 chi ph\u00ed c\u1ee7a c\u1ea3 hai ch\u01b0\u01a1ng tr\u00ecnh, \u0111\u1ea3m b\u1ea3o b\u1ea1n \u0111\u01b0\u1ee3c trang b\u1ecb \u0111\u1ea7y \u0111\u1ee7 ki\u1ebfn th\u1ee9c v\u00e0 k\u1ef9 n\u0103ng \u0111\u1ec3 tr\u1edf th\u00e0nh Hu\u1ea5n luy\u1ec7n vi\u00ean h\u1ea1nh ph\u00fac xu\u1ea5t s\u1eafc.<\/p>\t\t\t\t\t\t\t\t<\/div>\n\t\t\t\t<\/div>\n\t\t\t\t<div class=\"elementor-element elementor-element-365b9d8f elementor-widget__width-initial elementor-absolute elementor-widget elementor-widget-image\" data-id=\"365b9d8f\" data-element_type=\"widget\" data-settings=\"{&quot;_position&quot;:&quot;absolute&quot;}\" data-widget_type=\"image.default\">\n\t\t\t\t<div class=\"elementor-widget-container\">\n\t\t\t\t\t\t\t\t\t\t\t\t\t\t\t<img loading=\"lazy\" decoding=\"async\" width=\"412\" height=\"180\" src=\"https:\/\/brillianaire.sg\/wp-content\/uploads\/2025\/09\/Ornament-Aicademy-v1.png\" class=\"attachment-full size-full wp-image-10045\" alt=\"\" srcset=\"https:\/\/brillianaire.sg\/wp-content\/uploads\/2025\/09\/Ornament-Aicademy-v1.png 412w, https:\/\/brillianaire.sg\/wp-content\/uploads\/2025\/09\/Ornament-Aicademy-v1-300x131.png 300w, https:\/\/brillianaire.sg\/wp-content\/uploads\/2025\/09\/Ornament-Aicademy-v1-18x8.png 18w\" sizes=\"(max-width: 412px) 100vw, 412px\" \/>\t\t\t\t\t\t\t\t\t\t\t\t\t\t\t<\/div>\n\t\t\t\t<\/div>\n\t\t\t\t<\/div>\n\t\t\t\t\t<\/div>\n\t\t\t\t<\/div>\n\t\t<div class=\"elementor-element elementor-element-716d677 e-flex e-con-boxed e-con e-parent\" data-id=\"716d677\" data-element_type=\"container\">\n\t\t\t\t\t<div class=\"e-con-inner\">\n\t\t<div class=\"elementor-element elementor-element-d69a496 e-con-full e-flex e-con e-child\" data-id=\"d69a496\" data-element_type=\"container\">\n\t\t<div class=\"elementor-element elementor-element-cde690d e-con-full animated-slow e-flex elementor-invisible e-con e-child\" data-id=\"cde690d\" data-element_type=\"container\" data-settings=\"{&quot;animation&quot;:&quot;fadeIn&quot;}\">\n\t\t\t\t<div class=\"elementor-element elementor-element-5bd3fe8 elementor-widget elementor-widget-image\" data-id=\"5bd3fe8\" data-element_type=\"widget\" data-widget_type=\"image.default\">\n\t\t\t\t<div class=\"elementor-widget-container\">\n\t\t\t\t\t\t\t\t\t\t\t\t\t\t\t<img loading=\"lazy\" decoding=\"async\" width=\"1024\" height=\"686\" src=\"https:\/\/brillianaire.sg\/wp-content\/uploads\/2025\/09\/WhatsApp-Image-2025-09-21-at-10.48.11-1024x686.jpeg\" class=\"attachment-large size-large wp-image-10701\" alt=\"\" srcset=\"https:\/\/brillianaire.sg\/wp-content\/uploads\/2025\/09\/WhatsApp-Image-2025-09-21-at-10.48.11-1024x686.jpeg 1024w, https:\/\/brillianaire.sg\/wp-content\/uploads\/2025\/09\/WhatsApp-Image-2025-09-21-at-10.48.11-300x201.jpeg 300w, https:\/\/brillianaire.sg\/wp-content\/uploads\/2025\/09\/WhatsApp-Image-2025-09-21-at-10.48.11-768x515.jpeg 768w, https:\/\/brillianaire.sg\/wp-content\/uploads\/2025\/09\/WhatsApp-Image-2025-09-21-at-10.48.11-1536x1029.jpeg 1536w, https:\/\/brillianaire.sg\/wp-content\/uploads\/2025\/09\/WhatsApp-Image-2025-09-21-at-10.48.11-18x12.jpeg 18w, https:\/\/brillianaire.sg\/wp-content\/uploads\/2025\/09\/WhatsApp-Image-2025-09-21-at-10.48.11.jpeg 1600w\" sizes=\"(max-width: 1024px) 100vw, 1024px\" \/>\t\t\t\t\t\t\t\t\t\t\t\t\t\t\t<\/div>\n\t\t\t\t<\/div>\n\t\t\t\t<\/div>\n\t\t<div class=\"elementor-element elementor-element-28044b7 e-con-full animated-slow e-flex elementor-invisible e-con e-child\" data-id=\"28044b7\" data-element_type=\"container\" data-settings=\"{&quot;animation&quot;:&quot;fadeIn&quot;,&quot;animation_delay&quot;:200}\">\n\t\t<div class=\"elementor-element elementor-element-183b86d e-con-full animated-slow e-flex elementor-invisible e-con e-child\" data-id=\"183b86d\" data-element_type=\"container\" data-settings=\"{&quot;animation&quot;:&quot;fadeIn&quot;,&quot;animation_delay&quot;:200}\">\n\t\t\t\t<div class=\"elementor-element elementor-element-d4ba6ae elementor-widget__width-initial elementor-widget elementor-widget-heading\" data-id=\"d4ba6ae\" data-element_type=\"widget\" data-widget_type=\"heading.default\">\n\t\t\t\t<div class=\"elementor-widget-container\">\n\t\t\t\t\t<h2 class=\"elementor-heading-title elementor-size-default\">Ch\u01b0\u01a1ng tr\u00ecnh h\u1ed7 tr\u1ee3 n\u00e3o b\u1ed9 h\u1ea1nh ph\u00fac<\/h2>\t\t\t\t<\/div>\n\t\t\t\t<\/div>\n\t\t\t\t<div class=\"elementor-element elementor-element-15bd932 elementor-widget elementor-widget-text-editor\" data-id=\"15bd932\" data-element_type=\"widget\" data-widget_type=\"text-editor.default\">\n\t\t\t\t<div class=\"elementor-widget-container\">\n\t\t\t\t\t\t\t\t\t<p>D\u00e0nh cho nh\u1eefng ai quan t\u00e2m \u0111\u1ebfn vi\u1ec7c t\u1ed5 ch\u1ee9c c\u00e1c bu\u1ed5i h\u1ed9i th\u1ea3o v\u00e0 th\u00fac \u0111\u1ea9y h\u1ea1nh ph\u00fac tr\u00ean ph\u1ea1m vi r\u1ed9ng h\u01a1n, h\u00e3y c\u00e2n nh\u1eafc tr\u1edf th\u00e0nh Ng\u01b0\u1eddi h\u01b0\u1edbng d\u1eabn N\u00e3o b\u1ed9 H\u1ea1nh ph\u00fac. B\u1ea1n s\u1ebd d\u1eabn d\u1eaft c\u00e1c bu\u1ed5i h\u1ed9i th\u1ea3o Ph\u00f2ng th\u00ed nghi\u1ec7m H\u1ea1nh ph\u00fac c\u1ee7a ch\u00fang t\u00f4i, gi\u00fap ng\u01b0\u1eddi tham gia nu\u00f4i d\u01b0\u1ee1ng h\u1ea1nh ph\u00fac th\u00f4ng qua c\u00e1c ph\u01b0\u01a1ng ph\u00e1p \u0111\u01b0\u1ee3c khoa h\u1ecdc ch\u1ee9ng minh.<\/p><p>\u0110\u00e0o t\u1ea1o Ng\u01b0\u1eddi h\u01b0\u1edbng d\u1eabn Happy Brain, Kh\u00f3a \u0111\u00e0o t\u1ea1o ch\u00ednh cho vai tr\u00f2 n\u00e0y bao g\u1ed3m:<\/p>\t\t\t\t\t\t\t\t<\/div>\n\t\t\t\t<\/div>\n\t\t<div class=\"elementor-element elementor-element-4440aa2 e-flex e-con-boxed e-con e-child\" data-id=\"4440aa2\" data-element_type=\"container\" data-settings=\"{&quot;background_background&quot;:&quot;classic&quot;}\">\n\t\t\t\t\t<div class=\"e-con-inner\">\n\t\t\t\t<div class=\"elementor-element elementor-element-ae668f5 elementor-widget elementor-widget-image\" data-id=\"ae668f5\" data-element_type=\"widget\" data-widget_type=\"image.default\">\n\t\t\t\t<div class=\"elementor-widget-container\">\n\t\t\t\t\t\t\t\t\t\t\t\t\t\t\t<img loading=\"lazy\" decoding=\"async\" width=\"256\" height=\"256\" src=\"https:\/\/brillianaire.sg\/wp-content\/uploads\/2025\/09\/34-AI-Productivity@1x-EUVA9D6.png\" class=\"attachment-full size-full wp-image-10270\" alt=\"\" srcset=\"https:\/\/brillianaire.sg\/wp-content\/uploads\/2025\/09\/34-AI-Productivity@1x-EUVA9D6.png 256w, https:\/\/brillianaire.sg\/wp-content\/uploads\/2025\/09\/34-AI-Productivity@1x-EUVA9D6-150x150.png 150w, https:\/\/brillianaire.sg\/wp-content\/uploads\/2025\/09\/34-AI-Productivity@1x-EUVA9D6-12x12.png 12w\" sizes=\"(max-width: 256px) 100vw, 256px\" \/>\t\t\t\t\t\t\t\t\t\t\t\t\t\t\t<\/div>\n\t\t\t\t<\/div>\n\t\t\t\t<div class=\"elementor-element elementor-element-361553b elementor-widget elementor-widget-image-box\" data-id=\"361553b\" data-element_type=\"widget\" data-widget_type=\"image-box.default\">\n\t\t\t\t<div class=\"elementor-widget-container\">\n\t\t\t\t\t<div class=\"elementor-image-box-wrapper\"><div class=\"elementor-image-box-content\"><h5 class=\"elementor-image-box-title\">Khoa h\u1ecdc v\u1ec1 h\u1ea1nh ph\u00fac<\/h5><p class=\"elementor-image-box-description\">T\u00ecm hi\u1ec3u s\u00e2u h\u01a1n v\u1ec1 khoa h\u1ecdc \u0111\u1eb1ng sau h\u1ea1nh ph\u00fac v\u00e0 s\u1ee9c kh\u1ecfe, \u0111i\u1ec1u c\u1ea7n thi\u1ebft \u0111\u1ec3 t\u1ed5 ch\u1ee9c c\u00e1c h\u1ed9i th\u1ea3o c\u00f3 t\u00e1c \u0111\u1ed9ng l\u1edbn.<\/p><\/div><\/div>\t\t\t\t<\/div>\n\t\t\t\t<\/div>\n\t\t\t\t\t<\/div>\n\t\t\t\t<\/div>\n\t\t\t\t<div class=\"elementor-element elementor-element-48891a8 elementor-widget elementor-widget-text-editor\" data-id=\"48891a8\" data-element_type=\"widget\" data-widget_type=\"text-editor.default\">\n\t\t\t\t<div class=\"elementor-widget-container\">\n\t\t\t\t\t\t\t\t\t<p>Ch\u01b0\u01a1ng tr\u00ecnh n\u00e0y t\u1eadp trung v\u00e0o vi\u1ec7c trang b\u1ecb cho b\u1ea1n nh\u1eefng c\u00f4ng c\u1ee5 c\u1ea7n thi\u1ebft \u0111\u1ec3 h\u1ed7 tr\u1ee3 v\u00e0 truy\u1ec1n c\u1ea3m h\u1ee9ng cho ng\u01b0\u1eddi kh\u00e1c m\u1ed9t c\u00e1ch hi\u1ec7u qu\u1ea3.<\/p>\t\t\t\t\t\t\t\t<\/div>\n\t\t\t\t<\/div>\n\t\t\t\t<\/div>\n\t\t\t\t<\/div>\n\t\t\t\t<\/div>\n\t\t\t\t\t<\/div>\n\t\t\t\t<\/div>\n\t\t\t\t<\/div>","protected":false},"excerpt":{"rendered":"<p>Happiness Academy Training Become a Certified Happiness Coach Are you passionate about helping others achieve their highest potential and well-being? Join our esteemed training program and become a certified Happiness Coach. This unique opportunity allows you to work under the development sector, bringing happiness and positivity to individuals and communities. As a Happiness Coach, you&#8230;<\/p>","protected":false},"author":1,"featured_media":0,"parent":0,"menu_order":0,"comment_status":"closed","ping_status":"closed","template":"","meta":{"_kad_post_transparent":"","_kad_post_title":"","_kad_post_layout":"","_kad_post_sidebar_id":"","_kad_post_content_style":"","_kad_post_vertical_padding":"","_kad_post_feature":"","_kad_post_feature_position":"","_kad_post_header":false,"_kad_post_footer":false,"footnotes":""},"class_list":["post-210","page","type-page","status-publish","hentry"],"aioseo_notices":[],"_links":{"self":[{"href":"https:\/\/brillianaire.sg\/vi\/wp-json\/wp\/v2\/pages\/210","targetHints":{"allow":["GET"]}}],"collection":[{"href":"https:\/\/brillianaire.sg\/vi\/wp-json\/wp\/v2\/pages"}],"about":[{"href":"https:\/\/brillianaire.sg\/vi\/wp-json\/wp\/v2\/types\/page"}],"author":[{"embeddable":true,"href":"https:\/\/brillianaire.sg\/vi\/wp-json\/wp\/v2\/users\/1"}],"replies":[{"embeddable":true,"href":"https:\/\/brillianaire.sg\/vi\/wp-json\/wp\/v2\/comments?post=210"}],"version-history":[{"count":61,"href":"https:\/\/brillianaire.sg\/vi\/wp-json\/wp\/v2\/pages\/210\/revisions"}],"predecessor-version":[{"id":10709,"href":"https:\/\/brillianaire.sg\/vi\/wp-json\/wp\/v2\/pages\/210\/revisions\/10709"}],"wp:attachment":[{"href":"https:\/\/brillianaire.sg\/vi\/wp-json\/wp\/v2\/media?parent=210"}],"curies":[{"name":"wp","href":"https:\/\/api.w.org\/{rel}","templated":true}]}}