{"id":10639,"date":"2025-09-20T16:26:06","date_gmt":"2025-09-20T16:26:06","guid":{"rendered":"https:\/\/brillianaire.sg\/?page_id=10639"},"modified":"2025-09-20T17:57:20","modified_gmt":"2025-09-20T17:57:20","slug":"neuroscience-workshop","status":"publish","type":"page","link":"https:\/\/brillianaire.sg\/vi\/workshops\/neuroscience-workshop\/","title":{"rendered":"H\u1ed9i th\u1ea3o khoa h\u1ecdc th\u1ea7n kinh"},"content":{"rendered":"<div data-elementor-type=\"wp-page\" data-elementor-id=\"10639\" class=\"elementor elementor-10639\">\n\t\t\t\t<div class=\"elementor-element elementor-element-a97c6b5 e-flex e-con-boxed e-con e-parent\" data-id=\"a97c6b5\" data-element_type=\"container\">\n\t\t\t\t\t<div class=\"e-con-inner\">\n\t\t<div class=\"elementor-element elementor-element-246432f e-con-full e-flex e-con e-child\" data-id=\"246432f\" data-element_type=\"container\">\n\t\t<div class=\"elementor-element elementor-element-f9d88ce e-con-full animated-slow e-flex elementor-invisible e-con e-child\" data-id=\"f9d88ce\" data-element_type=\"container\" data-settings=\"{&quot;animation&quot;:&quot;fadeIn&quot;,&quot;animation_delay&quot;:200}\">\n\t\t\t\t<div class=\"elementor-element elementor-element-9c998e8 elementor-widget__width-initial elementor-widget elementor-widget-heading\" data-id=\"9c998e8\" data-element_type=\"widget\" data-widget_type=\"heading.default\">\n\t\t\t\t<div class=\"elementor-widget-container\">\n\t\t\t\t\t<h1 class=\"elementor-heading-title elementor-size-default\">H\u1ed9i th\u1ea3o khoa h\u1ecdc th\u1ea7n kinh<\/h1>\t\t\t\t<\/div>\n\t\t\t\t<\/div>\n\t\t\t\t<div class=\"elementor-element elementor-element-aa83b79 elementor-widget__width-initial elementor-widget elementor-widget-text-editor\" data-id=\"aa83b79\" data-element_type=\"widget\" data-widget_type=\"text-editor.default\">\n\t\t\t\t<div class=\"elementor-widget-container\">\n\t\t\t\t\t\t\t\t\t<p>B\u1ea1n c\u00f3 t\u00f2 m\u00f2 v\u1ec1 c\u00e1ch t\u1eadp trung ho\u1ea1t \u0111\u1ed9ng, t\u1ea1i sao c\u0103ng th\u1eb3ng l\u1ea1i l\u1ea5n \u00e1t, hay gi\u1ea5c ng\u1ee7 \u1ea3nh h\u01b0\u1edfng th\u1ebf n\u00e0o \u0111\u1ebfn n\u00e3o b\u1ed9? H\u1ed9i th\u1ea3o n\u00e0y s\u1ebd gi\u1ea3i m\u00e3 nh\u1eefng b\u00ed \u1ea9n khoa h\u1ecdc trong \u0111\u1ea7u b\u1ea1n.<\/p><p>Ch\u00fang t\u00f4i chuy\u1ec3n h\u00f3a ki\u1ebfn th\u1ee9c khoa h\u1ecdc th\u1ea7n kinh ph\u1ee9c t\u1ea1p th\u00e0nh nh\u1eefng hi\u1ec3u bi\u1ebft thi\u1ebft th\u1ef1c, h\u1eefu \u00edch h\u00e0ng ng\u00e0y. T\u00ecm hi\u1ec3u c\u00e1c chi\u1ebfn l\u01b0\u1ee3c d\u1ef1a tr\u00ean b\u1eb1ng ch\u1ee9ng \u0111\u1ec3 t\u0103ng n\u0103ng su\u1ea5t, qu\u1ea3n l\u00fd c\u0103ng th\u1eb3ng v\u00e0 n\u00e2ng cao hi\u1ec7u su\u1ea5t nh\u1eadn th\u1ee9c trong s\u1ef1 nghi\u1ec7p v\u00e0 cu\u1ed9c s\u1ed1ng c\u1ee7a b\u1ea1n.<\/p><p>V\u01b0\u1ee3t ra ngo\u00e0i l\u00fd thuy\u1ebft \u0111\u1ec3 c\u00f3 \u0111\u01b0\u1ee3c s\u1ef1 hi\u1ec3u bi\u1ebft th\u1ef1c t\u1ebf v\u1ec1 t\u00e2m tr\u00ed c\u1ee7a b\u1ea1n v\u00e0 ph\u00e1t tri\u1ec3n.<\/p>\t\t\t\t\t\t\t\t<\/div>\n\t\t\t\t<\/div>\n\t\t\t\t<div class=\"elementor-element elementor-element-9f1e835 elementor-widget elementor-widget-button\" data-id=\"9f1e835\" data-element_type=\"widget\" data-widget_type=\"button.default\">\n\t\t\t\t<div class=\"elementor-widget-container\">\n\t\t\t\t\t\t\t\t\t<div class=\"elementor-button-wrapper\">\n\t\t\t\t\t<a class=\"elementor-button elementor-button-link elementor-size-sm\" href=\"https:\/\/brillianaire.sg\/vi\/contact\/\">\n\t\t\t\t\t\t<span class=\"elementor-button-content-wrapper\">\n\t\t\t\t\t\t\t\t\t<span class=\"elementor-button-text\">Li\u00ean h\u1ec7 v\u1edbi ch\u00fang t\u00f4i<\/span>\n\t\t\t\t\t<\/span>\n\t\t\t\t\t<\/a>\n\t\t\t\t<\/div>\n\t\t\t\t\t\t\t\t<\/div>\n\t\t\t\t<\/div>\n\t\t\t\t<\/div>\n\t\t<div class=\"elementor-element elementor-element-848fd16 e-con-full animated-slow e-flex elementor-invisible e-con e-child\" data-id=\"848fd16\" data-element_type=\"container\" data-settings=\"{&quot;background_background&quot;:&quot;classic&quot;,&quot;animation&quot;:&quot;fadeIn&quot;,&quot;animation_delay&quot;:200}\">\n\t\t\t\t<div class=\"elementor-element elementor-element-c230cdb elementor-widget elementor-widget-icon-box\" data-id=\"c230cdb\" data-element_type=\"widget\" data-widget_type=\"icon-box.default\">\n\t\t\t\t<div class=\"elementor-widget-container\">\n\t\t\t\t\t\t\t<div class=\"elementor-icon-box-wrapper\">\n\n\t\t\t\n\t\t\t\t\t\t<div class=\"elementor-icon-box-content\">\n\n\t\t\t\t\t\t\t\t\t<h3 class=\"elementor-icon-box-title\">\n\t\t\t\t\t\t<span  >\n\t\t\t\t\t\t\tGi\u1ea3i ph\u00f3ng b\u1ed9 n\u00e3o c\u1ee7a b\u1ea1n: H\u1ed9i th\u1ea3o khoa h\u1ecdc th\u1ea7n kinh d\u00e0nh cho thanh thi\u1ebfu ni\u00ean v\u00e0 chuy\u00ean gia\t\t\t\t\t\t<\/span>\n\t\t\t\t\t<\/h3>\n\t\t\t\t\n\t\t\t\t\n\t\t\t<\/div>\n\t\t\t\n\t\t<\/div>\n\t\t\t\t\t\t<\/div>\n\t\t\t\t<\/div>\n\t\t\t\t<\/div>\n\t\t\t\t<\/div>\n\t\t\t\t\t<\/div>\n\t\t\t\t<\/div>\n\t\t\t\t<\/div>","protected":false},"excerpt":{"rendered":"<p>Neuroscience Workshop Curious how focus works, why stress overwhelms, or what sleep does for your brain? This workshop demystifies the science in your head. We translate complex neuroscience into practical, daily insights. Learn evidence-based strategies to boost productivity, manage stress, and enhance cognitive performance in your career and life. Move beyond theory to gain a&#8230;<\/p>","protected":false},"author":1,"featured_media":0,"parent":10293,"menu_order":0,"comment_status":"closed","ping_status":"closed","template":"elementor_header_footer","meta":{"_kad_post_transparent":"","_kad_post_title":"hide","_kad_post_layout":"fullwidth","_kad_post_sidebar_id":"","_kad_post_content_style":"unboxed","_kad_post_vertical_padding":"hide","_kad_post_feature":"hide","_kad_post_feature_position":"","_kad_post_header":false,"_kad_post_footer":false,"footnotes":""},"class_list":["post-10639","page","type-page","status-publish","hentry"],"aioseo_notices":[],"_links":{"self":[{"href":"https:\/\/brillianaire.sg\/vi\/wp-json\/wp\/v2\/pages\/10639","targetHints":{"allow":["GET"]}}],"collection":[{"href":"https:\/\/brillianaire.sg\/vi\/wp-json\/wp\/v2\/pages"}],"about":[{"href":"https:\/\/brillianaire.sg\/vi\/wp-json\/wp\/v2\/types\/page"}],"author":[{"embeddable":true,"href":"https:\/\/brillianaire.sg\/vi\/wp-json\/wp\/v2\/users\/1"}],"replies":[{"embeddable":true,"href":"https:\/\/brillianaire.sg\/vi\/wp-json\/wp\/v2\/comments?post=10639"}],"version-history":[{"count":7,"href":"https:\/\/brillianaire.sg\/vi\/wp-json\/wp\/v2\/pages\/10639\/revisions"}],"predecessor-version":[{"id":10670,"href":"https:\/\/brillianaire.sg\/vi\/wp-json\/wp\/v2\/pages\/10639\/revisions\/10670"}],"up":[{"embeddable":true,"href":"https:\/\/brillianaire.sg\/vi\/wp-json\/wp\/v2\/pages\/10293"}],"wp:attachment":[{"href":"https:\/\/brillianaire.sg\/vi\/wp-json\/wp\/v2\/media?parent=10639"}],"curies":[{"name":"wp","href":"https:\/\/api.w.org\/{rel}","templated":true}]}}