{"id":10636,"date":"2025-09-20T16:24:52","date_gmt":"2025-09-20T16:24:52","guid":{"rendered":"https:\/\/brillianaire.sg\/?page_id=10636"},"modified":"2025-09-20T17:57:32","modified_gmt":"2025-09-20T17:57:32","slug":"happy-brain-workshop","status":"publish","type":"page","link":"https:\/\/brillianaire.sg\/vi\/workshops\/happy-brain-workshop\/","title":{"rendered":"H\u1ed9i th\u1ea3o N\u00e3o b\u1ed9 vui v\u1ebb"},"content":{"rendered":"<div data-elementor-type=\"wp-page\" data-elementor-id=\"10636\" class=\"elementor elementor-10636\">\n\t\t\t\t<div class=\"elementor-element elementor-element-c55bc0b e-flex e-con-boxed e-con e-parent\" data-id=\"c55bc0b\" data-element_type=\"container\">\n\t\t\t\t\t<div class=\"e-con-inner\">\n\t\t<div class=\"elementor-element elementor-element-126b0eb e-con-full e-flex e-con e-child\" data-id=\"126b0eb\" data-element_type=\"container\">\n\t\t<div class=\"elementor-element elementor-element-9b8e789 e-con-full animated-slow e-flex elementor-invisible e-con e-child\" data-id=\"9b8e789\" data-element_type=\"container\" data-settings=\"{&quot;animation&quot;:&quot;fadeIn&quot;,&quot;animation_delay&quot;:200}\">\n\t\t\t\t<div class=\"elementor-element elementor-element-fc1fdce elementor-widget__width-initial elementor-widget elementor-widget-heading\" data-id=\"fc1fdce\" data-element_type=\"widget\" data-widget_type=\"heading.default\">\n\t\t\t\t<div class=\"elementor-widget-container\">\n\t\t\t\t\t<h1 class=\"elementor-heading-title elementor-size-default\">H\u1ed9i th\u1ea3o N\u00e3o b\u1ed9 vui v\u1ebb<\/h1>\t\t\t\t<\/div>\n\t\t\t\t<\/div>\n\t\t\t\t<div class=\"elementor-element elementor-element-4fa0fe5 elementor-widget__width-initial elementor-widget elementor-widget-text-editor\" data-id=\"4fa0fe5\" data-element_type=\"widget\" data-widget_type=\"text-editor.default\">\n\t\t\t\t<div class=\"elementor-widget-container\">\n\t\t\t\t\t\t\t\t\t<p>H\u00e3y c\u00f9ng x\u00e2y d\u1ef1ng m\u1ed9t b\u1ed9 n\u00e3o kh\u1ecfe m\u1ea1nh v\u00e0 h\u1ea1nh ph\u00fac h\u01a1n! Bu\u1ed5i h\u1ed9i th\u1ea3o t\u01b0\u01a1ng t\u00e1c th\u00fa v\u1ecb n\u00e0y \u0111\u01b0\u1ee3c thi\u1ebft k\u1ebf \u0111\u1ec3 d\u1ea1y tr\u1ebb em c\u00e1ch b\u1ed9 n\u00e3o tuy\u1ec7t v\u1eddi c\u1ee7a ch\u00fang ho\u1ea1t \u0111\u1ed9ng. Th\u00f4ng qua c\u00e1c tr\u00f2 ch\u01a1i, c\u00e2u chuy\u1ec7n v\u00e0 ho\u1ea1t \u0111\u1ed9ng th\u00fa v\u1ecb, ch\u00fang ta s\u1ebd kh\u00e1m ph\u00e1 nh\u1eefng ph\u01b0\u01a1ng ph\u00e1p \u0111\u01a1n gi\u1ea3n, \u0111\u01b0\u1ee3c khoa h\u1ecdc ch\u1ee9ng minh \u0111\u1ec3 c\u1ea3i thi\u1ec7n t\u00e2m tr\u1ea1ng v\u00e0 x\u00e2y d\u1ef1ng kh\u1ea3 n\u0103ng ph\u1ee5c h\u1ed3i.<\/p><p>Tr\u1ebb em s\u1ebd h\u1ecdc \u0111\u01b0\u1ee3c nh\u1eefng c\u00f4ng c\u1ee5 \u0111\u01a1n gi\u1ea3n \u0111\u1ec3 kh\u01a1i d\u1eady ni\u1ec1m vui, xoa d\u1ecbu nh\u1eefng c\u1ea3m x\u00fac m\u1ea1nh m\u1ebd v\u00e0 ph\u00e1t tri\u1ec3n t\u01b0 duy t\u00edch c\u1ef1c. \u0110\u00e2y l\u00e0 m\u1ed9t cu\u1ed9c phi\u00eau l\u01b0u \u0111\u1ea7y th\u00fa v\u1ecb v\u00e0o th\u1ebf gi\u1edbi c\u1ea3m x\u00fac v\u00e0 h\u1ea1nh ph\u00fac.<\/p>\t\t\t\t\t\t\t\t<\/div>\n\t\t\t\t<\/div>\n\t\t\t\t<div class=\"elementor-element elementor-element-f6b27e8 elementor-widget elementor-widget-button\" data-id=\"f6b27e8\" data-element_type=\"widget\" data-widget_type=\"button.default\">\n\t\t\t\t<div class=\"elementor-widget-container\">\n\t\t\t\t\t\t\t\t\t<div class=\"elementor-button-wrapper\">\n\t\t\t\t\t<a class=\"elementor-button elementor-button-link elementor-size-sm\" href=\"https:\/\/brillianaire.sg\/vi\/contact\/\">\n\t\t\t\t\t\t<span class=\"elementor-button-content-wrapper\">\n\t\t\t\t\t\t\t\t\t<span class=\"elementor-button-text\">Li\u00ean h\u1ec7 v\u1edbi ch\u00fang t\u00f4i<\/span>\n\t\t\t\t\t<\/span>\n\t\t\t\t\t<\/a>\n\t\t\t\t<\/div>\n\t\t\t\t\t\t\t\t<\/div>\n\t\t\t\t<\/div>\n\t\t\t\t<\/div>\n\t\t<div class=\"elementor-element elementor-element-a5df643 e-con-full animated-slow e-flex elementor-invisible e-con e-child\" data-id=\"a5df643\" data-element_type=\"container\" data-settings=\"{&quot;background_background&quot;:&quot;classic&quot;,&quot;animation&quot;:&quot;fadeIn&quot;,&quot;animation_delay&quot;:200}\">\n\t\t\t\t<div class=\"elementor-element elementor-element-de59691 elementor-widget elementor-widget-icon-box\" data-id=\"de59691\" data-element_type=\"widget\" data-widget_type=\"icon-box.default\">\n\t\t\t\t<div class=\"elementor-widget-container\">\n\t\t\t\t\t\t\t<div class=\"elementor-icon-box-wrapper\">\n\n\t\t\t\n\t\t\t\t\t\t<div class=\"elementor-icon-box-content\">\n\n\t\t\t\t\t\t\t\t\t<h3 class=\"elementor-icon-box-title\">\n\t\t\t\t\t\t<span  >\n\t\t\t\t\t\t\tH\u1ed9i th\u1ea3o v\u1ec1 n\u00e3o b\u1ed9 vui v\u1ebb: D\u00e0nh cho tr\u1ebb em!\t\t\t\t\t\t<\/span>\n\t\t\t\t\t<\/h3>\n\t\t\t\t\n\t\t\t\t\n\t\t\t<\/div>\n\t\t\t\n\t\t<\/div>\n\t\t\t\t\t\t<\/div>\n\t\t\t\t<\/div>\n\t\t\t\t<\/div>\n\t\t\t\t<\/div>\n\t\t\t\t\t<\/div>\n\t\t\t\t<\/div>\n\t\t\t\t<\/div>","protected":false},"excerpt":{"rendered":"<p>Happy Brain Workshop Let&#8217;s build a happier, stronger brain! This fun, interactive workshop is designed to teach kids how their amazing brains work. Through games, stories, and cool activities, we&#8217;ll explore simple, science-backed ways to boost moods and build resilience. Kids will learn easy tools to spark joy, calm big feelings, and develop a positive&#8230;<\/p>","protected":false},"author":1,"featured_media":0,"parent":10293,"menu_order":0,"comment_status":"closed","ping_status":"closed","template":"elementor_header_footer","meta":{"_kad_post_transparent":"","_kad_post_title":"hide","_kad_post_layout":"fullwidth","_kad_post_sidebar_id":"","_kad_post_content_style":"unboxed","_kad_post_vertical_padding":"hide","_kad_post_feature":"hide","_kad_post_feature_position":"","_kad_post_header":false,"_kad_post_footer":false,"footnotes":""},"class_list":["post-10636","page","type-page","status-publish","hentry"],"aioseo_notices":[],"_links":{"self":[{"href":"https:\/\/brillianaire.sg\/vi\/wp-json\/wp\/v2\/pages\/10636","targetHints":{"allow":["GET"]}}],"collection":[{"href":"https:\/\/brillianaire.sg\/vi\/wp-json\/wp\/v2\/pages"}],"about":[{"href":"https:\/\/brillianaire.sg\/vi\/wp-json\/wp\/v2\/types\/page"}],"author":[{"embeddable":true,"href":"https:\/\/brillianaire.sg\/vi\/wp-json\/wp\/v2\/users\/1"}],"replies":[{"embeddable":true,"href":"https:\/\/brillianaire.sg\/vi\/wp-json\/wp\/v2\/comments?post=10636"}],"version-history":[{"count":7,"href":"https:\/\/brillianaire.sg\/vi\/wp-json\/wp\/v2\/pages\/10636\/revisions"}],"predecessor-version":[{"id":10673,"href":"https:\/\/brillianaire.sg\/vi\/wp-json\/wp\/v2\/pages\/10636\/revisions\/10673"}],"up":[{"embeddable":true,"href":"https:\/\/brillianaire.sg\/vi\/wp-json\/wp\/v2\/pages\/10293"}],"wp:attachment":[{"href":"https:\/\/brillianaire.sg\/vi\/wp-json\/wp\/v2\/media?parent=10636"}],"curies":[{"name":"wp","href":"https:\/\/api.w.org\/{rel}","templated":true}]}}