{"id":10502,"date":"2025-09-18T19:04:37","date_gmt":"2025-09-18T19:04:37","guid":{"rendered":"https:\/\/brillianaire.sg\/?page_id=10502"},"modified":"2025-09-18T19:08:53","modified_gmt":"2025-09-18T19:08:53","slug":"privacy","status":"publish","type":"page","link":"https:\/\/brillianaire.sg\/vi\/privacy\/","title":{"rendered":"S\u1ef1 ri\u00eang t\u01b0"},"content":{"rendered":"<div data-elementor-type=\"wp-page\" data-elementor-id=\"10502\" class=\"elementor elementor-10502\">\n\t\t\t\t<div class=\"elementor-element elementor-element-0e188eb e-flex e-con-boxed e-con e-parent\" data-id=\"0e188eb\" data-element_type=\"container\">\n\t\t\t\t\t<div class=\"e-con-inner\">\n\t\t<div class=\"elementor-element elementor-element-7a6c5b0 e-con-full e-flex e-con e-child\" data-id=\"7a6c5b0\" data-element_type=\"container\">\n\t\t\t\t<div class=\"elementor-element elementor-element-57bb6e4 elementor-widget__width-inherit animated-slow elementor-invisible elementor-widget elementor-widget-heading\" data-id=\"57bb6e4\" data-element_type=\"widget\" data-settings=\"{&quot;_animation&quot;:&quot;fadeIn&quot;}\" data-widget_type=\"heading.default\">\n\t\t\t\t<div class=\"elementor-widget-container\">\n\t\t\t\t\t<h2 class=\"elementor-heading-title elementor-size-default\">S\u1ef1 ri\u00eang t\u01b0<\/h2>\t\t\t\t<\/div>\n\t\t\t\t<\/div>\n\t\t\t\t<\/div>\n\t\t\t\t\t<\/div>\n\t\t\t\t<\/div>\n\t\t<div class=\"elementor-element elementor-element-71c6f5d e-flex e-con-boxed e-con e-parent\" data-id=\"71c6f5d\" data-element_type=\"container\">\n\t\t\t\t\t<div class=\"e-con-inner\">\n\t\t\t\t<div class=\"elementor-element elementor-element-00029e2 elementor-widget elementor-widget-text-editor\" data-id=\"00029e2\" data-element_type=\"widget\" data-widget_type=\"text-editor.default\">\n\t\t\t\t<div class=\"elementor-widget-container\">\n\t\t\t\t\t\t\t\t\t<p>T\u1ea1i Brillianaire, ch\u00fang t\u00f4i cam k\u1ebft cung c\u1ea5p cho b\u1ea1n nh\u1eefng ph\u00e2n t\u00edch chuy\u00ean s\u00e2u, \u0111\u1ed3ng th\u1eddi duy tr\u00ec c\u00e1c ti\u00eau chu\u1ea9n cao nh\u1ea5t v\u1ec1 quy\u1ec1n ri\u00eang t\u01b0 v\u00e0 b\u1ea3o m\u1eadt d\u1eef li\u1ec7u. Ch\u00fang t\u00f4i tin r\u1eb1ng t\u00ednh minh b\u1ea1ch l\u00e0 n\u1ec1n t\u1ea3ng c\u1ee7a ni\u1ec1m tin.<\/p><p>Ch\u00fang t\u00f4i hi\u1ec3u r\u1eb1ng vi\u1ec7c cung c\u1ea5p th\u00f4ng tin sinh tr\u1eafc h\u1ecdc l\u00e0 m\u1ed9t h\u00e0nh \u0111\u1ed9ng th\u1ec3 hi\u1ec7n s\u1ef1 tin t\u01b0\u1edfng quan tr\u1ecdng. Ch\u00fang t\u00f4i mu\u1ed1n cam k\u1ebft r\u00f5 r\u00e0ng v\u1edbi b\u1ea1n v\u1ec1 c\u00e1c quy tr\u00ecnh c\u1ee7a ch\u00fang t\u00f4i li\u00ean quan \u0111\u1ebfn d\u1eef li\u1ec7u v\u00e2n tay c\u1ee7a b\u1ea1n:<\/p><ul><li><strong>M\u1ee5c \u0111\u00edch duy nh\u1ea5t<\/strong>: D\u1eef li\u1ec7u v\u00e2n tay c\u1ee7a b\u1ea1n \u0111\u01b0\u1ee3c thu th\u1eadp nghi\u00eam ng\u1eb7t v\u00e0 ch\u1ec9 nh\u1eb1m m\u1ee5c \u0111\u00edch t\u1ea1o b\u00e1o c\u00e1o ph\u00e2n t\u00edch c\u00e1 nh\u00e2n h\u00f3a. D\u1eef li\u1ec7u n\u00e0y kh\u00f4ng \u0111\u01b0\u1ee3c s\u1eed d\u1ee5ng cho b\u1ea5t k\u1ef3 m\u1ee5c \u0111\u00edch n\u00e0o kh\u00e1c.<\/li><li><strong>X\u00f3a ngay l\u1eadp t\u1ee9c<\/strong> \u2013 Cam k\u1ebft c\u1ee7a ch\u00fang t\u00f4i: Ch\u00fang t\u00f4i \u00e1p d\u1ee5ng ch\u00ednh s\u00e1ch nghi\u00eam ng\u1eb7t kh\u00f4ng l\u01b0u gi\u1eef th\u00f4ng tin. Th\u00f4ng tin sinh tr\u1eafc h\u1ecdc c\u1ee7a b\u1ea1n s\u1ebd \u0111\u01b0\u1ee3c x\u00f3a v\u0129nh vi\u1ec5n v\u00e0 an to\u00e0n kh\u1ecfi h\u1ec7 th\u1ed1ng c\u1ee7a ch\u00fang t\u00f4i ngay sau khi b\u00e1o c\u00e1o \u0111\u01b0\u1ee3c t\u1ea1o v\u00e0 g\u1eedi. Ch\u00fang t\u00f4i kh\u00f4ng l\u01b0u gi\u1eef b\u1ea3n sao d\u1ea5u v\u00e2n tay c\u1ee7a b\u1ea1n.<\/li><li><strong>B\u1ea3o m\u1eadt kh\u00f4ng khoan nh\u01b0\u1ee3ng<\/strong>: Trong th\u1eddi gian ph\u00e2n t\u00edch ng\u1eafn, d\u1eef li\u1ec7u c\u1ee7a b\u1ea1n \u0111\u01b0\u1ee3c b\u1ea3o v\u1ec7 b\u1eb1ng c\u00e1c giao th\u1ee9c m\u00e3 h\u00f3a b\u1ea3o m\u1eadt cao. Ch\u00fang t\u00f4i kh\u00f4ng bao gi\u1edd chia s\u1ebb, b\u00e1n ho\u1eb7c ti\u1ebft l\u1ed9 d\u1eef li\u1ec7u sinh tr\u1eafc h\u1ecdc c\u1ee7a b\u1ea1n cho b\u1ea5t k\u1ef3 b\u00ean th\u1ee9 ba n\u00e0o.<\/li><\/ul><p>Quy\u1ec1n ri\u00eang t\u01b0 c\u1ee7a b\u1ea1n kh\u00f4ng ch\u1ec9 l\u00e0 m\u1ed9t ch\u00ednh s\u00e1ch; \u0111\u00f3 l\u00e0 nguy\u00ean t\u1eafc c\u01a1 b\u1ea3n c\u1ee7a ch\u00fang t\u00f4i. B\u1eb1ng vi\u1ec7c giao ph\u00f3 cho ch\u00fang t\u00f4i ph\u00e2n t\u00edch c\u1ee7a b\u1ea1n, b\u1ea1n th\u1eeba nh\u1eadn v\u00e0 \u0111\u1ed3ng \u00fd v\u1edbi quy tr\u00ecnh n\u00e0y \u0111\u01b0\u1ee3c thi\u1ebft k\u1ebf \u0111\u1ec3 b\u1ea3o v\u1ec7 b\u1ea1n.<\/p>\t\t\t\t\t\t\t\t<\/div>\n\t\t\t\t<\/div>\n\t\t\t\t\t<\/div>\n\t\t\t\t<\/div>\n\t\t\t\t<\/div>","protected":false},"excerpt":{"rendered":"<p>Privacy At Brillianaire, we are committed to providing you with insightful analysis while upholding the highest standards of privacy and data security. We believe transparency is the foundation of trust. We understand that providing biometric information is a significant act of trust. We want to assure you unequivocally of our practices regarding your fingerprint data:&#8230;<\/p>","protected":false},"author":1,"featured_media":0,"parent":0,"menu_order":0,"comment_status":"closed","ping_status":"closed","template":"elementor_header_footer","meta":{"_kad_post_transparent":"","_kad_post_title":"hide","_kad_post_layout":"fullwidth","_kad_post_sidebar_id":"","_kad_post_content_style":"unboxed","_kad_post_vertical_padding":"hide","_kad_post_feature":"hide","_kad_post_feature_position":"","_kad_post_header":false,"_kad_post_footer":false,"footnotes":""},"class_list":["post-10502","page","type-page","status-publish","hentry"],"aioseo_notices":[],"_links":{"self":[{"href":"https:\/\/brillianaire.sg\/vi\/wp-json\/wp\/v2\/pages\/10502","targetHints":{"allow":["GET"]}}],"collection":[{"href":"https:\/\/brillianaire.sg\/vi\/wp-json\/wp\/v2\/pages"}],"about":[{"href":"https:\/\/brillianaire.sg\/vi\/wp-json\/wp\/v2\/types\/page"}],"author":[{"embeddable":true,"href":"https:\/\/brillianaire.sg\/vi\/wp-json\/wp\/v2\/users\/1"}],"replies":[{"embeddable":true,"href":"https:\/\/brillianaire.sg\/vi\/wp-json\/wp\/v2\/comments?post=10502"}],"version-history":[{"count":4,"href":"https:\/\/brillianaire.sg\/vi\/wp-json\/wp\/v2\/pages\/10502\/revisions"}],"predecessor-version":[{"id":10512,"href":"https:\/\/brillianaire.sg\/vi\/wp-json\/wp\/v2\/pages\/10502\/revisions\/10512"}],"wp:attachment":[{"href":"https:\/\/brillianaire.sg\/vi\/wp-json\/wp\/v2\/media?parent=10502"}],"curies":[{"name":"wp","href":"https:\/\/api.w.org\/{rel}","templated":true}]}}