{"id":10316,"date":"2025-09-17T17:19:14","date_gmt":"2025-09-17T17:19:14","guid":{"rendered":"https:\/\/brillianaire.sg\/?page_id=10316"},"modified":"2025-09-20T16:09:57","modified_gmt":"2025-09-20T16:09:57","slug":"unischolar","status":"publish","type":"page","link":"https:\/\/brillianaire.sg\/vi\/services\/unischolar\/","title":{"rendered":"Unischolar"},"content":{"rendered":"<div data-elementor-type=\"wp-page\" data-elementor-id=\"10316\" class=\"elementor elementor-10316\">\n\t\t\t\t<div class=\"elementor-element elementor-element-ac96010 e-flex e-con-boxed e-con e-parent\" data-id=\"ac96010\" data-element_type=\"container\">\n\t\t\t\t\t<div class=\"e-con-inner\">\n\t\t<div class=\"elementor-element elementor-element-dec0ec0 e-grid e-con-boxed e-con e-child\" data-id=\"dec0ec0\" data-element_type=\"container\">\n\t\t\t\t\t<div class=\"e-con-inner\">\n\t\t<div class=\"elementor-element elementor-element-117f46c animated-slow e-flex e-con-boxed elementor-invisible e-con e-child\" data-id=\"117f46c\" data-element_type=\"container\" data-settings=\"{&quot;animation&quot;:&quot;fadeIn&quot;}\">\n\t\t\t\t\t<div class=\"e-con-inner\">\n\t\t\t\t<div class=\"elementor-element elementor-element-bbf222e elementor-widget elementor-widget-image\" data-id=\"bbf222e\" data-element_type=\"widget\" data-widget_type=\"image.default\">\n\t\t\t\t<div class=\"elementor-widget-container\">\n\t\t\t\t\t\t\t\t\t\t\t\t\t\t\t<img fetchpriority=\"high\" decoding=\"async\" width=\"1024\" height=\"573\" src=\"https:\/\/brillianaire.sg\/wp-content\/uploads\/2025\/09\/6c2c180e-3c11-456f-a2ed-4bd044e5b90c-1024x573.jpg\" class=\"attachment-large size-large wp-image-10532\" alt=\"\" srcset=\"https:\/\/brillianaire.sg\/wp-content\/uploads\/2025\/09\/6c2c180e-3c11-456f-a2ed-4bd044e5b90c-1024x573.jpg 1024w, https:\/\/brillianaire.sg\/wp-content\/uploads\/2025\/09\/6c2c180e-3c11-456f-a2ed-4bd044e5b90c-300x168.jpg 300w, https:\/\/brillianaire.sg\/wp-content\/uploads\/2025\/09\/6c2c180e-3c11-456f-a2ed-4bd044e5b90c-768x430.jpg 768w, https:\/\/brillianaire.sg\/wp-content\/uploads\/2025\/09\/6c2c180e-3c11-456f-a2ed-4bd044e5b90c-1536x860.jpg 1536w, https:\/\/brillianaire.sg\/wp-content\/uploads\/2025\/09\/6c2c180e-3c11-456f-a2ed-4bd044e5b90c-18x10.jpg 18w, https:\/\/brillianaire.sg\/wp-content\/uploads\/2025\/09\/6c2c180e-3c11-456f-a2ed-4bd044e5b90c.jpg 1600w\" sizes=\"(max-width: 1024px) 100vw, 1024px\" \/>\t\t\t\t\t\t\t\t\t\t\t\t\t\t\t<\/div>\n\t\t\t\t<\/div>\n\t\t\t\t\t<\/div>\n\t\t\t\t<\/div>\n\t\t<div class=\"elementor-element elementor-element-646c999 animated-slow e-flex e-con-boxed elementor-invisible e-con e-child\" data-id=\"646c999\" data-element_type=\"container\" data-settings=\"{&quot;animation&quot;:&quot;fadeIn&quot;,&quot;animation_delay&quot;:200,&quot;background_background&quot;:&quot;classic&quot;}\">\n\t\t\t\t\t<div class=\"e-con-inner\">\n\t\t\t\t<div class=\"elementor-element elementor-element-e0a8687 elementor-widget__width-initial elementor-widget elementor-widget-heading\" data-id=\"e0a8687\" data-element_type=\"widget\" data-widget_type=\"heading.default\">\n\t\t\t\t<div class=\"elementor-widget-container\">\n\t\t\t\t\t<h2 class=\"elementor-heading-title elementor-size-default\">UniScholar<\/h2>\t\t\t\t<\/div>\n\t\t\t\t<\/div>\n\t\t\t\t<div class=\"elementor-element elementor-element-e764c4c elementor-widget elementor-widget-heading\" data-id=\"e764c4c\" data-element_type=\"widget\" data-widget_type=\"heading.default\">\n\t\t\t\t<div class=\"elementor-widget-container\">\n\t\t\t\t\t<h3 class=\"elementor-heading-title elementor-size-default\">H\u00e0nh tr\u00ecnh th\u00e0nh c\u00f4ng c\u1ee7a sinh vi\u00ean (17\u201325 tu\u1ed5i)\n<\/h3>\t\t\t\t<\/div>\n\t\t\t\t<\/div>\n\t\t\t\t<div class=\"elementor-element elementor-element-fd6765f elementor-widget__width-initial elementor-widget elementor-widget-text-editor\" data-id=\"fd6765f\" data-element_type=\"widget\" data-widget_type=\"text-editor.default\">\n\t\t\t\t<div class=\"elementor-widget-container\">\n\t\t\t\t\t\t\t\t\tS\u1ef1 nghi\u1ec7p ph\u00f9 h\u1ee3p kh\u00f4ng ch\u1ec9 ph\u1ee5 thu\u1ed9c v\u00e0o k\u1ef9 n\u0103ng\u2014n\u00f3 c\u00f2n ph\u1ee5 thu\u1ed9c v\u00e0o m\u00f4i tr\u01b0\u1eddng n\u01a1i b\u1ea1n c\u00f3 th\u1ec3 ph\u00e1t tri\u1ec3n t\u1ed1t nh\u1ea5t. UniScholar v\u1ea1ch ra c\u00e1c l\u1ed9 tr\u00ecnh th\u00e0nh c\u00f4ng cho gi\u00e1o d\u1ee5c \u0111\u1ea1i h\u1ecdc v\u00e0 s\u1ef1 nghi\u1ec7p ban \u0111\u1ea7u.\t\t\t\t\t\t\t\t<\/div>\n\t\t\t\t<\/div>\n\t\t\t\t\t<\/div>\n\t\t\t\t<\/div>\n\t\t\t\t\t<\/div>\n\t\t\t\t<\/div>\n\t\t\t\t\t<\/div>\n\t\t\t\t<\/div>\n\t\t<div class=\"elementor-element elementor-element-14eaab9 e-flex e-con-boxed e-con e-parent\" data-id=\"14eaab9\" data-element_type=\"container\">\n\t\t\t\t\t<div class=\"e-con-inner\">\n\t\t<div class=\"elementor-element elementor-element-6ed6e4b e-con-full e-flex e-con e-child\" data-id=\"6ed6e4b\" data-element_type=\"container\">\n\t\t<div class=\"elementor-element elementor-element-be3a938 e-con-full animated-slow e-flex elementor-invisible e-con e-child\" data-id=\"be3a938\" data-element_type=\"container\" data-settings=\"{&quot;animation&quot;:&quot;fadeIn&quot;}\">\n\t\t\t\t<div class=\"elementor-element elementor-element-a0ebdee elementor-widget-mobile__width-initial elementor-widget elementor-widget-heading\" data-id=\"a0ebdee\" data-element_type=\"widget\" data-widget_type=\"heading.default\">\n\t\t\t\t<div class=\"elementor-widget-container\">\n\t\t\t\t\t<h2 class=\"elementor-heading-title elementor-size-default\">\u0110\u1ea3m b\u1ea3o s\u1ef1 b\u1ec1n v\u1eefng cho con \u0111\u01b0\u1eddng s\u1ef1 nghi\u1ec7p c\u1ee7a b\u1ea1n<\/h2>\t\t\t\t<\/div>\n\t\t\t\t<\/div>\n\t\t\t\t<div class=\"elementor-element elementor-element-e69f53f elementor-widget__width-initial elementor-widget elementor-widget-text-editor\" data-id=\"e69f53f\" data-element_type=\"widget\" data-widget_type=\"text-editor.default\">\n\t\t\t\t<div class=\"elementor-widget-container\">\n\t\t\t\t\t\t\t\t\tKh\u00e1m ph\u00e1 \u0111i\u1ec3m m\u1ea1nh, phong c\u00e1ch l\u00e3nh \u0111\u1ea1o v\u00e0 s\u1ef1 ph\u00f9 h\u1ee3p v\u1edbi h\u1ec7 sinh th\u00e1i ngh\u1ec1 nghi\u1ec7p c\u1ee7a b\u1ea1n \u0111\u1ec3 \u0111\u1ed3ng b\u1ed9 h\u00f3a gi\u00e1o d\u1ee5c v\u00e0 c\u00f4ng vi\u1ec7c v\u1edbi t\u00e0i n\u0103ng t\u1ef1 nhi\u00ean c\u1ee7a b\u1ea1n.\t\t\t\t\t\t\t\t<\/div>\n\t\t\t\t<\/div>\n\t\t\t\t<\/div>\n\t\t<div class=\"elementor-element elementor-element-34e690e e-grid e-con-boxed e-con e-child\" data-id=\"34e690e\" data-element_type=\"container\">\n\t\t\t\t\t<div class=\"e-con-inner\">\n\t\t<div class=\"elementor-element elementor-element-d3bdde0 animated-slow e-flex e-con-boxed elementor-invisible e-con e-child\" data-id=\"d3bdde0\" data-element_type=\"container\" data-settings=\"{&quot;background_background&quot;:&quot;classic&quot;,&quot;animation&quot;:&quot;fadeIn&quot;,&quot;animation_delay&quot;:200}\">\n\t\t\t\t\t<div class=\"e-con-inner\">\n\t\t\t\t<div class=\"elementor-element elementor-element-2beb139 elementor-widget elementor-widget-image-box\" data-id=\"2beb139\" data-element_type=\"widget\" data-widget_type=\"image-box.default\">\n\t\t\t\t<div class=\"elementor-widget-container\">\n\t\t\t\t\t<div class=\"elementor-image-box-wrapper\"><div class=\"elementor-image-box-content\"><h4 class=\"elementor-image-box-title\">Ti\u1ebft l\u1ed9<\/h4><\/div><\/div>\t\t\t\t<\/div>\n\t\t\t\t<\/div>\n\t\t\t\t<div class=\"elementor-element elementor-element-1580e7d elementor-mobile-align-left elementor-icon-list--layout-traditional elementor-list-item-link-full_width elementor-widget elementor-widget-icon-list\" data-id=\"1580e7d\" data-element_type=\"widget\" data-widget_type=\"icon-list.default\">\n\t\t\t\t<div class=\"elementor-widget-container\">\n\t\t\t\t\t\t\t<ul class=\"elementor-icon-list-items\">\n\t\t\t\t\t\t\t<li class=\"elementor-icon-list-item\">\n\t\t\t\t\t\t\t\t\t\t\t<span class=\"elementor-icon-list-icon\">\n\t\t\t\t\t\t\t<svg aria-hidden=\"true\" class=\"e-font-icon-svg e-fas-check-circle\" viewbox=\"0 0 512 512\" xmlns=\"http:\/\/www.w3.org\/2000\/svg\"><path d=\"M504 256c0 136.967-111.033 248-248 248S8 392.967 8 256 119.033 8 256 8s248 111.033 248 248zM227.314 387.314l184-184c6.248-6.248 6.248-16.379 0-22.627l-22.627-22.627c-6.248-6.249-16.379-6.249-22.628 0L216 308.118l-70.059-70.059c-6.248-6.248-16.379-6.248-22.628 0l-22.627 22.627c-6.248 6.248-6.248 16.379 0 22.627l104 104c6.249 6.249 16.379 6.249 22.628.001z\"><\/path><\/svg>\t\t\t\t\t\t<\/span>\n\t\t\t\t\t\t\t\t\t\t<span class=\"elementor-icon-list-text\"><b>\u0110i\u1ec3m m\u1ea1nh c\u1ed1t l\u00f5i &amp; C\u00e1c l\u0129nh v\u1ef1c c\u1ea7n ph\u00e1t tri\u1ec3n<\/b> \u2013 Excel so v\u1edbi c\u1ea3i thi\u1ec7n<\/span>\n\t\t\t\t\t\t\t\t\t<\/li>\n\t\t\t\t\t\t\t\t<li class=\"elementor-icon-list-item\">\n\t\t\t\t\t\t\t\t\t\t\t<span class=\"elementor-icon-list-icon\">\n\t\t\t\t\t\t\t<svg aria-hidden=\"true\" class=\"e-font-icon-svg e-fas-check-circle\" viewbox=\"0 0 512 512\" xmlns=\"http:\/\/www.w3.org\/2000\/svg\"><path d=\"M504 256c0 136.967-111.033 248-248 248S8 392.967 8 256 119.033 8 256 8s248 111.033 248 248zM227.314 387.314l184-184c6.248-6.248 6.248-16.379 0-22.627l-22.627-22.627c-6.248-6.249-16.379-6.249-22.628 0L216 308.118l-70.059-70.059c-6.248-6.248-16.379-6.248-22.628 0l-22.627 22.627c-6.248 6.248-6.248 16.379 0 22.627l104 104c6.249 6.249 16.379 6.249 22.628.001z\"><\/path><\/svg>\t\t\t\t\t\t<\/span>\n\t\t\t\t\t\t\t\t\t\t<span class=\"elementor-icon-list-text\"><b>S\u1ef1 ph\u00f9 h\u1ee3p v\u1edbi h\u1ec7 sinh th\u00e1i ngh\u1ec1 nghi\u1ec7p<\/b> \u2013 Ph\u00f9 h\u1ee3p v\u1edbi k\u1ef9 n\u0103ng v\u00e0 phong c\u00e1ch l\u00e0m vi\u1ec7c<\/span>\n\t\t\t\t\t\t\t\t\t<\/li>\n\t\t\t\t\t\t\t\t<li class=\"elementor-icon-list-item\">\n\t\t\t\t\t\t\t\t\t\t\t<span class=\"elementor-icon-list-icon\">\n\t\t\t\t\t\t\t<svg aria-hidden=\"true\" class=\"e-font-icon-svg e-fas-check-circle\" viewbox=\"0 0 512 512\" xmlns=\"http:\/\/www.w3.org\/2000\/svg\"><path d=\"M504 256c0 136.967-111.033 248-248 248S8 392.967 8 256 119.033 8 256 8s248 111.033 248 248zM227.314 387.314l184-184c6.248-6.248 6.248-16.379 0-22.627l-22.627-22.627c-6.248-6.249-16.379-6.249-22.628 0L216 308.118l-70.059-70.059c-6.248-6.248-16.379-6.248-22.628 0l-22.627 22.627c-6.248 6.248-6.248 16.379 0 22.627l104 104c6.249 6.249 16.379 6.249 22.628.001z\"><\/path><\/svg>\t\t\t\t\t\t<\/span>\n\t\t\t\t\t\t\t\t\t\t<span class=\"elementor-icon-list-text\"><b>DNA L\u00e3nh \u0111\u1ea1o<\/b> \u2013 Ph\u01b0\u01a1ng ph\u00e1p l\u00e3nh \u0111\u1ea1o ch\u00e2n ch\u00ednh<\/span>\n\t\t\t\t\t\t\t\t\t<\/li>\n\t\t\t\t\t\t\t\t<li class=\"elementor-icon-list-item\">\n\t\t\t\t\t\t\t\t\t\t\t<span class=\"elementor-icon-list-icon\">\n\t\t\t\t\t\t\t<svg aria-hidden=\"true\" class=\"e-font-icon-svg e-fas-check-circle\" viewbox=\"0 0 512 512\" xmlns=\"http:\/\/www.w3.org\/2000\/svg\"><path d=\"M504 256c0 136.967-111.033 248-248 248S8 392.967 8 256 119.033 8 256 8s248 111.033 248 248zM227.314 387.314l184-184c6.248-6.248 6.248-16.379 0-22.627l-22.627-22.627c-6.248-6.249-16.379-6.249-22.628 0L216 308.118l-70.059-70.059c-6.248-6.248-16.379-6.248-22.628 0l-22.627 22.627c-6.248 6.248-6.248 16.379 0 22.627l104 104c6.249 6.249 16.379 6.249 22.628.001z\"><\/path><\/svg>\t\t\t\t\t\t<\/span>\n\t\t\t\t\t\t\t\t\t\t<span class=\"elementor-icon-list-text\"><b>Dynamic c\u1ee7a \u0111\u1ed9i<\/b> \u2013 Phong c\u00e1ch giao ti\u1ebfp v\u00e0 h\u1ee3p t\u00e1c<\/span>\n\t\t\t\t\t\t\t\t\t<\/li>\n\t\t\t\t\t\t<\/ul>\n\t\t\t\t\t\t<\/div>\n\t\t\t\t<\/div>\n\t\t\t\t\t<\/div>\n\t\t\t\t<\/div>\n\t\t<div class=\"elementor-element elementor-element-f2fe139 animated-slow e-flex e-con-boxed elementor-invisible e-con e-child\" data-id=\"f2fe139\" data-element_type=\"container\" data-settings=\"{&quot;background_background&quot;:&quot;gradient&quot;,&quot;animation&quot;:&quot;fadeIn&quot;,&quot;animation_delay&quot;:300}\">\n\t\t\t\t\t<div class=\"e-con-inner\">\n\t\t\t\t<div class=\"elementor-element elementor-element-54fcdb6 elementor-widget elementor-widget-image-box\" data-id=\"54fcdb6\" data-element_type=\"widget\" data-widget_type=\"image-box.default\">\n\t\t\t\t<div class=\"elementor-widget-container\">\n\t\t\t\t\t<div class=\"elementor-image-box-wrapper\"><div class=\"elementor-image-box-content\"><h4 class=\"elementor-image-box-title\">Nh\u1eefng l\u1ee3i \u00edch<\/h4><\/div><\/div>\t\t\t\t<\/div>\n\t\t\t\t<\/div>\n\t\t\t\t<div class=\"elementor-element elementor-element-886bde5 elementor-mobile-align-left elementor-icon-list--layout-traditional elementor-list-item-link-full_width elementor-widget elementor-widget-icon-list\" data-id=\"886bde5\" data-element_type=\"widget\" data-widget_type=\"icon-list.default\">\n\t\t\t\t<div class=\"elementor-widget-container\">\n\t\t\t\t\t\t\t<ul class=\"elementor-icon-list-items\">\n\t\t\t\t\t\t\t<li class=\"elementor-icon-list-item\">\n\t\t\t\t\t\t\t\t\t\t\t<span class=\"elementor-icon-list-icon\">\n\t\t\t\t\t\t\t<svg aria-hidden=\"true\" class=\"e-font-icon-svg e-fas-check-circle\" viewbox=\"0 0 512 512\" xmlns=\"http:\/\/www.w3.org\/2000\/svg\"><path d=\"M504 256c0 136.967-111.033 248-248 248S8 392.967 8 256 119.033 8 256 8s248 111.033 248 248zM227.314 387.314l184-184c6.248-6.248 6.248-16.379 0-22.627l-22.627-22.627c-6.248-6.249-16.379-6.249-22.628 0L216 308.118l-70.059-70.059c-6.248-6.248-16.379-6.248-22.628 0l-22.627 22.627c-6.248 6.248-6.248 16.379 0 22.627l104 104c6.249 6.249 16.379 6.249 22.628.001z\"><\/path><\/svg>\t\t\t\t\t\t<\/span>\n\t\t\t\t\t\t\t\t\t\t<span class=\"elementor-icon-list-text\">Tr\u00e1nh s\u1ef1 kh\u00f4ng ph\u00f9 h\u1ee3p gi\u1eefa ngh\u1ec1 nghi\u1ec7p v\u00e0 m\u00f4i tr\u01b0\u1eddng l\u00e0m vi\u1ec7c<\/span>\n\t\t\t\t\t\t\t\t\t<\/li>\n\t\t\t\t\t\t\t\t<li class=\"elementor-icon-list-item\">\n\t\t\t\t\t\t\t\t\t\t\t<span class=\"elementor-icon-list-icon\">\n\t\t\t\t\t\t\t<svg aria-hidden=\"true\" class=\"e-font-icon-svg e-fas-check-circle\" viewbox=\"0 0 512 512\" xmlns=\"http:\/\/www.w3.org\/2000\/svg\"><path d=\"M504 256c0 136.967-111.033 248-248 248S8 392.967 8 256 119.033 8 256 8s248 111.033 248 248zM227.314 387.314l184-184c6.248-6.248 6.248-16.379 0-22.627l-22.627-22.627c-6.248-6.249-16.379-6.249-22.628 0L216 308.118l-70.059-70.059c-6.248-6.248-16.379-6.248-22.628 0l-22.627 22.627c-6.248 6.248-6.248 16.379 0 22.627l104 104c6.249 6.249 16.379 6.249 22.628.001z\"><\/path><\/svg>\t\t\t\t\t\t<\/span>\n\t\t\t\t\t\t\t\t\t\t<span class=\"elementor-icon-list-text\">Ch\u1ecdn c\u00e1c h\u01b0\u1edbng h\u1ecdc thu\u1eadt ph\u00f9 h\u1ee3p v\u1edbi t\u01b0 duy t\u1ef1 nhi\u00ean.<\/span>\n\t\t\t\t\t\t\t\t\t<\/li>\n\t\t\t\t\t\t\t\t<li class=\"elementor-icon-list-item\">\n\t\t\t\t\t\t\t\t\t\t\t<span class=\"elementor-icon-list-icon\">\n\t\t\t\t\t\t\t<svg aria-hidden=\"true\" class=\"e-font-icon-svg e-fas-check-circle\" viewbox=\"0 0 512 512\" xmlns=\"http:\/\/www.w3.org\/2000\/svg\"><path d=\"M504 256c0 136.967-111.033 248-248 248S8 392.967 8 256 119.033 8 256 8s248 111.033 248 248zM227.314 387.314l184-184c6.248-6.248 6.248-16.379 0-22.627l-22.627-22.627c-6.248-6.249-16.379-6.249-22.628 0L216 308.118l-70.059-70.059c-6.248-6.248-16.379-6.248-22.628 0l-22.627 22.627c-6.248 6.248-6.248 16.379 0 22.627l104 104c6.249 6.249 16.379 6.249 22.628.001z\"><\/path><\/svg>\t\t\t\t\t\t<\/span>\n\t\t\t\t\t\t\t\t\t\t<span class=\"elementor-icon-list-text\">Ph\u00e1t tri\u1ec3n k\u1ef9 n\u0103ng chuy\u00ean m\u00f4n m\u1ed9t c\u00e1ch t\u1ef1 nhi\u00ean h\u01a1n.<\/span>\n\t\t\t\t\t\t\t\t\t<\/li>\n\t\t\t\t\t\t\t\t<li class=\"elementor-icon-list-item\">\n\t\t\t\t\t\t\t\t\t\t\t<span class=\"elementor-icon-list-icon\">\n\t\t\t\t\t\t\t<svg aria-hidden=\"true\" class=\"e-font-icon-svg e-fas-check-circle\" viewbox=\"0 0 512 512\" xmlns=\"http:\/\/www.w3.org\/2000\/svg\"><path d=\"M504 256c0 136.967-111.033 248-248 248S8 392.967 8 256 119.033 8 256 8s248 111.033 248 248zM227.314 387.314l184-184c6.248-6.248 6.248-16.379 0-22.627l-22.627-22.627c-6.248-6.249-16.379-6.249-22.628 0L216 308.118l-70.059-70.059c-6.248-6.248-16.379-6.248-22.628 0l-22.627 22.627c-6.248 6.248-6.248 16.379 0 22.627l104 104c6.249 6.249 16.379 6.249 22.628.001z\"><\/path><\/svg>\t\t\t\t\t\t<\/span>\n\t\t\t\t\t\t\t\t\t\t<span class=\"elementor-icon-list-text\">B\u01b0\u1edbc v\u00e0o s\u1ef1 nghi\u1ec7p v\u1edbi s\u1ef1 t\u1ef1 tin v\u00e0 r\u00f5 r\u00e0ng.<\/span>\n\t\t\t\t\t\t\t\t\t<\/li>\n\t\t\t\t\t\t<\/ul>\n\t\t\t\t\t\t<\/div>\n\t\t\t\t<\/div>\n\t\t\t\t\t<\/div>\n\t\t\t\t<\/div>\n\t\t\t\t\t<\/div>\n\t\t\t\t<\/div>\n\t\t\t\t<div class=\"elementor-element elementor-element-57331d1 elementor-widget__width-initial elementor-absolute elementor-widget elementor-widget-image\" data-id=\"57331d1\" data-element_type=\"widget\" data-settings=\"{&quot;_position&quot;:&quot;absolute&quot;}\" data-widget_type=\"image.default\">\n\t\t\t\t<div class=\"elementor-widget-container\">\n\t\t\t\t\t\t\t\t\t\t\t\t\t\t\t<img decoding=\"async\" width=\"412\" height=\"180\" src=\"https:\/\/brillianaire.sg\/wp-content\/uploads\/2025\/09\/Ornament-Aicademy-v1.png\" class=\"attachment-full size-full wp-image-10045\" alt=\"\" srcset=\"https:\/\/brillianaire.sg\/wp-content\/uploads\/2025\/09\/Ornament-Aicademy-v1.png 412w, https:\/\/brillianaire.sg\/wp-content\/uploads\/2025\/09\/Ornament-Aicademy-v1-300x131.png 300w, https:\/\/brillianaire.sg\/wp-content\/uploads\/2025\/09\/Ornament-Aicademy-v1-18x8.png 18w\" sizes=\"(max-width: 412px) 100vw, 412px\" \/>\t\t\t\t\t\t\t\t\t\t\t\t\t\t\t<\/div>\n\t\t\t\t<\/div>\n\t\t\t\t<\/div>\n\t\t\t\t\t<\/div>\n\t\t\t\t<\/div>\n\t\t\t\t<\/div>","protected":false},"excerpt":{"rendered":"<p>UniScholar Student Success Path (17\u201325 years) The right career isn\u2019t just about skills\u2014it\u2019s about environments where you thrive. UniScholar maps success pathways for higher education and early careers. Future-Proof Your Career Path Discover your strengths, leadership style, and career ecosystem fit to align education and work with your natural talents. Reveals Core Strengths &amp; Development&#8230;<\/p>","protected":false},"author":1,"featured_media":0,"parent":10228,"menu_order":0,"comment_status":"closed","ping_status":"closed","template":"elementor_header_footer","meta":{"_kad_post_transparent":"","_kad_post_title":"hide","_kad_post_layout":"fullwidth","_kad_post_sidebar_id":"","_kad_post_content_style":"unboxed","_kad_post_vertical_padding":"hide","_kad_post_feature":"hide","_kad_post_feature_position":"","_kad_post_header":false,"_kad_post_footer":false,"footnotes":""},"class_list":["post-10316","page","type-page","status-publish","hentry"],"aioseo_notices":[],"_links":{"self":[{"href":"https:\/\/brillianaire.sg\/vi\/wp-json\/wp\/v2\/pages\/10316","targetHints":{"allow":["GET"]}}],"collection":[{"href":"https:\/\/brillianaire.sg\/vi\/wp-json\/wp\/v2\/pages"}],"about":[{"href":"https:\/\/brillianaire.sg\/vi\/wp-json\/wp\/v2\/types\/page"}],"author":[{"embeddable":true,"href":"https:\/\/brillianaire.sg\/vi\/wp-json\/wp\/v2\/users\/1"}],"replies":[{"embeddable":true,"href":"https:\/\/brillianaire.sg\/vi\/wp-json\/wp\/v2\/comments?post=10316"}],"version-history":[{"count":13,"href":"https:\/\/brillianaire.sg\/vi\/wp-json\/wp\/v2\/pages\/10316\/revisions"}],"predecessor-version":[{"id":10619,"href":"https:\/\/brillianaire.sg\/vi\/wp-json\/wp\/v2\/pages\/10316\/revisions\/10619"}],"up":[{"embeddable":true,"href":"https:\/\/brillianaire.sg\/vi\/wp-json\/wp\/v2\/pages\/10228"}],"wp:attachment":[{"href":"https:\/\/brillianaire.sg\/vi\/wp-json\/wp\/v2\/media?parent=10316"}],"curies":[{"name":"wp","href":"https:\/\/api.w.org\/{rel}","templated":true}]}}