{"id":10315,"date":"2025-09-17T17:18:49","date_gmt":"2025-09-17T17:18:49","guid":{"rendered":"https:\/\/brillianaire.sg\/?page_id=10315"},"modified":"2025-09-20T16:10:34","modified_gmt":"2025-09-20T16:10:34","slug":"uniteen","status":"publish","type":"page","link":"https:\/\/brillianaire.sg\/vi\/services\/uniteen\/","title":{"rendered":"\u0110o\u00e0n k\u1ebft"},"content":{"rendered":"<div data-elementor-type=\"wp-page\" data-elementor-id=\"10315\" class=\"elementor elementor-10315\">\n\t\t\t\t<div class=\"elementor-element elementor-element-95bc47d e-flex e-con-boxed e-con e-parent\" data-id=\"95bc47d\" data-element_type=\"container\">\n\t\t\t\t\t<div class=\"e-con-inner\">\n\t\t<div class=\"elementor-element elementor-element-ee9e1fe e-grid e-con-boxed e-con e-child\" data-id=\"ee9e1fe\" data-element_type=\"container\">\n\t\t\t\t\t<div class=\"e-con-inner\">\n\t\t<div class=\"elementor-element elementor-element-2decd8a animated-slow e-flex e-con-boxed elementor-invisible e-con e-child\" data-id=\"2decd8a\" data-element_type=\"container\" data-settings=\"{&quot;animation&quot;:&quot;fadeIn&quot;}\">\n\t\t\t\t\t<div class=\"e-con-inner\">\n\t\t\t\t<div class=\"elementor-element elementor-element-e2d52e4 elementor-widget elementor-widget-image\" data-id=\"e2d52e4\" data-element_type=\"widget\" data-widget_type=\"image.default\">\n\t\t\t\t<div class=\"elementor-widget-container\">\n\t\t\t\t\t\t\t\t\t\t\t\t\t\t\t<img fetchpriority=\"high\" decoding=\"async\" width=\"1024\" height=\"682\" src=\"https:\/\/brillianaire.sg\/wp-content\/uploads\/2025\/09\/a1e716da-f30d-4a39-a5e6-8f4bcf9bbd23-1024x682.jpg\" class=\"attachment-large size-large wp-image-10543\" alt=\"\" srcset=\"https:\/\/brillianaire.sg\/wp-content\/uploads\/2025\/09\/a1e716da-f30d-4a39-a5e6-8f4bcf9bbd23-1024x682.jpg 1024w, https:\/\/brillianaire.sg\/wp-content\/uploads\/2025\/09\/a1e716da-f30d-4a39-a5e6-8f4bcf9bbd23-300x200.jpg 300w, https:\/\/brillianaire.sg\/wp-content\/uploads\/2025\/09\/a1e716da-f30d-4a39-a5e6-8f4bcf9bbd23-768x512.jpg 768w, https:\/\/brillianaire.sg\/wp-content\/uploads\/2025\/09\/a1e716da-f30d-4a39-a5e6-8f4bcf9bbd23-1536x1023.jpg 1536w, https:\/\/brillianaire.sg\/wp-content\/uploads\/2025\/09\/a1e716da-f30d-4a39-a5e6-8f4bcf9bbd23-18x12.jpg 18w, https:\/\/brillianaire.sg\/wp-content\/uploads\/2025\/09\/a1e716da-f30d-4a39-a5e6-8f4bcf9bbd23.jpg 1600w\" sizes=\"(max-width: 1024px) 100vw, 1024px\" \/>\t\t\t\t\t\t\t\t\t\t\t\t\t\t\t<\/div>\n\t\t\t\t<\/div>\n\t\t\t\t\t<\/div>\n\t\t\t\t<\/div>\n\t\t<div class=\"elementor-element elementor-element-1f39d3a animated-slow e-flex e-con-boxed elementor-invisible e-con e-child\" data-id=\"1f39d3a\" data-element_type=\"container\" data-settings=\"{&quot;animation&quot;:&quot;fadeIn&quot;,&quot;animation_delay&quot;:200,&quot;background_background&quot;:&quot;classic&quot;}\">\n\t\t\t\t\t<div class=\"e-con-inner\">\n\t\t\t\t<div class=\"elementor-element elementor-element-3d0ff78 elementor-widget__width-initial elementor-widget elementor-widget-heading\" data-id=\"3d0ff78\" data-element_type=\"widget\" data-widget_type=\"heading.default\">\n\t\t\t\t<div class=\"elementor-widget-container\">\n\t\t\t\t\t<h2 class=\"elementor-heading-title elementor-size-default\">UniTeen<\/h2>\t\t\t\t<\/div>\n\t\t\t\t<\/div>\n\t\t\t\t<div class=\"elementor-element elementor-element-4fd070d elementor-widget elementor-widget-heading\" data-id=\"4fd070d\" data-element_type=\"widget\" data-widget_type=\"heading.default\">\n\t\t\t\t<div class=\"elementor-widget-container\">\n\t\t\t\t\t<h3 class=\"elementor-heading-title elementor-size-default\">H\u01b0\u1edbng d\u1eabn ph\u00e1t tri\u1ec3n cho thanh thi\u1ebfu ni\u00ean (13\u201316 tu\u1ed5i)\n<\/h3>\t\t\t\t<\/div>\n\t\t\t\t<\/div>\n\t\t\t\t<div class=\"elementor-element elementor-element-16f4c8c elementor-widget__width-initial elementor-widget elementor-widget-text-editor\" data-id=\"16f4c8c\" data-element_type=\"widget\" data-widget_type=\"text-editor.default\">\n\t\t\t\t<div class=\"elementor-widget-container\">\n\t\t\t\t\t\t\t\t\tTu\u1ed5i teen l\u00e0 giai \u0111o\u1ea1n tr\u00e0n \u0111\u1ea7y c\u01a1 h\u1ed9i v\u00e0 quy\u1ebft \u0111\u1ecbnh. UniTeen gi\u00fap b\u1ea1n v\u01b0\u1ee3t qua giai \u0111o\u1ea1n n\u00e0y m\u1ed9t c\u00e1ch r\u00f5 r\u00e0ng v\u00e0 t\u1ef1 tin.\t\t\t\t\t\t\t\t<\/div>\n\t\t\t\t<\/div>\n\t\t\t\t\t<\/div>\n\t\t\t\t<\/div>\n\t\t\t\t\t<\/div>\n\t\t\t\t<\/div>\n\t\t\t\t\t<\/div>\n\t\t\t\t<\/div>\n\t\t<div class=\"elementor-element elementor-element-28265f4 e-flex e-con-boxed e-con e-parent\" data-id=\"28265f4\" data-element_type=\"container\">\n\t\t\t\t\t<div class=\"e-con-inner\">\n\t\t<div class=\"elementor-element elementor-element-a45c262 e-con-full e-flex e-con e-child\" data-id=\"a45c262\" data-element_type=\"container\">\n\t\t<div class=\"elementor-element elementor-element-ada3964 e-con-full animated-slow e-flex elementor-invisible e-con e-child\" data-id=\"ada3964\" data-element_type=\"container\" data-settings=\"{&quot;animation&quot;:&quot;fadeIn&quot;}\">\n\t\t\t\t<div class=\"elementor-element elementor-element-2af73e4 elementor-widget-mobile__width-initial elementor-widget elementor-widget-heading\" data-id=\"2af73e4\" data-element_type=\"widget\" data-widget_type=\"heading.default\">\n\t\t\t\t<div class=\"elementor-widget-container\">\n\t\t\t\t\t<h2 class=\"elementor-heading-title elementor-size-default\">H\u01b0\u1edbng d\u1eabn h\u00e0nh tr\u00ecnh tu\u1ed5i teen<\/h2>\t\t\t\t<\/div>\n\t\t\t\t<\/div>\n\t\t\t\t<div class=\"elementor-element elementor-element-fb6b46f elementor-widget__width-initial elementor-widget elementor-widget-text-editor\" data-id=\"fb6b46f\" data-element_type=\"widget\" data-widget_type=\"text-editor.default\">\n\t\t\t\t<div class=\"elementor-widget-container\">\n\t\t\t\t\t\t\t\t\tGi\u00fap con b\u1ea1n kh\u00e1m ph\u00e1 nh\u1eefng \u0111i\u1ec3m m\u1ea1nh, phong c\u00e1ch giao ti\u1ebfp v\u00e0 con \u0111\u01b0\u1eddng h\u1ecdc t\u1eadp ph\u00f9 h\u1ee3p nh\u1ea5t \u0111\u1ec3 v\u01b0\u1ee3t qua giai \u0111o\u1ea1n quan tr\u1ecdng n\u00e0y.\t\t\t\t\t\t\t\t<\/div>\n\t\t\t\t<\/div>\n\t\t\t\t<\/div>\n\t\t<div class=\"elementor-element elementor-element-9e8dcc9 e-grid e-con-boxed e-con e-child\" data-id=\"9e8dcc9\" data-element_type=\"container\">\n\t\t\t\t\t<div class=\"e-con-inner\">\n\t\t<div class=\"elementor-element elementor-element-67e95c0 animated-slow e-flex e-con-boxed elementor-invisible e-con e-child\" data-id=\"67e95c0\" data-element_type=\"container\" data-settings=\"{&quot;background_background&quot;:&quot;classic&quot;,&quot;animation&quot;:&quot;fadeIn&quot;,&quot;animation_delay&quot;:200}\">\n\t\t\t\t\t<div class=\"e-con-inner\">\n\t\t\t\t<div class=\"elementor-element elementor-element-24eb73b elementor-widget elementor-widget-image-box\" data-id=\"24eb73b\" data-element_type=\"widget\" data-widget_type=\"image-box.default\">\n\t\t\t\t<div class=\"elementor-widget-container\">\n\t\t\t\t\t<div class=\"elementor-image-box-wrapper\"><div class=\"elementor-image-box-content\"><h4 class=\"elementor-image-box-title\">Ti\u1ebft l\u1ed9<\/h4><\/div><\/div>\t\t\t\t<\/div>\n\t\t\t\t<\/div>\n\t\t\t\t<div class=\"elementor-element elementor-element-1a82d6b elementor-mobile-align-left elementor-icon-list--layout-traditional elementor-list-item-link-full_width elementor-widget elementor-widget-icon-list\" data-id=\"1a82d6b\" data-element_type=\"widget\" data-widget_type=\"icon-list.default\">\n\t\t\t\t<div class=\"elementor-widget-container\">\n\t\t\t\t\t\t\t<ul class=\"elementor-icon-list-items\">\n\t\t\t\t\t\t\t<li class=\"elementor-icon-list-item\">\n\t\t\t\t\t\t\t\t\t\t\t<span class=\"elementor-icon-list-icon\">\n\t\t\t\t\t\t\t<svg aria-hidden=\"true\" class=\"e-font-icon-svg e-fas-check-circle\" viewbox=\"0 0 512 512\" xmlns=\"http:\/\/www.w3.org\/2000\/svg\"><path d=\"M504 256c0 136.967-111.033 248-248 248S8 392.967 8 256 119.033 8 256 8s248 111.033 248 248zM227.314 387.314l184-184c6.248-6.248 6.248-16.379 0-22.627l-22.627-22.627c-6.248-6.249-16.379-6.249-22.628 0L216 308.118l-70.059-70.059c-6.248-6.248-16.379-6.248-22.628 0l-22.627 22.627c-6.248 6.248-6.248 16.379 0 22.627l104 104c6.249 6.249 16.379 6.249 22.628.001z\"><\/path><\/svg>\t\t\t\t\t\t<\/span>\n\t\t\t\t\t\t\t\t\t\t<span class=\"elementor-icon-list-text\"><b>\u0110i\u1ec3m m\u1ea1nh c\u1ed1t l\u00f5i &amp; L\u0129nh v\u1ef1c c\u1ea7n ph\u00e1t tri\u1ec3n<\/b> \u2013 N\u0103ng l\u1ef1c v\u00e0 nhu c\u1ea7u ph\u00e1t tri\u1ec3n<\/span>\n\t\t\t\t\t\t\t\t\t<\/li>\n\t\t\t\t\t\t\t\t<li class=\"elementor-icon-list-item\">\n\t\t\t\t\t\t\t\t\t\t\t<span class=\"elementor-icon-list-icon\">\n\t\t\t\t\t\t\t<svg aria-hidden=\"true\" class=\"e-font-icon-svg e-fas-check-circle\" viewbox=\"0 0 512 512\" xmlns=\"http:\/\/www.w3.org\/2000\/svg\"><path d=\"M504 256c0 136.967-111.033 248-248 248S8 392.967 8 256 119.033 8 256 8s248 111.033 248 248zM227.314 387.314l184-184c6.248-6.248 6.248-16.379 0-22.627l-22.627-22.627c-6.248-6.249-16.379-6.249-22.628 0L216 308.118l-70.059-70.059c-6.248-6.248-16.379-6.248-22.628 0l-22.627 22.627c-6.248 6.248-6.248 16.379 0 22.627l104 104c6.249 6.249 16.379 6.249 22.628.001z\"><\/path><\/svg>\t\t\t\t\t\t<\/span>\n\t\t\t\t\t\t\t\t\t\t<span class=\"elementor-icon-list-text\"><b>H\u1ec7 s\u1ed1 ch\u00ednh<\/b> \u2013 C\u00e2n b\u1eb1ng IQ, EQ, AQ, CQ<\/span>\n\t\t\t\t\t\t\t\t\t<\/li>\n\t\t\t\t\t\t\t\t<li class=\"elementor-icon-list-item\">\n\t\t\t\t\t\t\t\t\t\t\t<span class=\"elementor-icon-list-icon\">\n\t\t\t\t\t\t\t<svg aria-hidden=\"true\" class=\"e-font-icon-svg e-fas-check-circle\" viewbox=\"0 0 512 512\" xmlns=\"http:\/\/www.w3.org\/2000\/svg\"><path d=\"M504 256c0 136.967-111.033 248-248 248S8 392.967 8 256 119.033 8 256 8s248 111.033 248 248zM227.314 387.314l184-184c6.248-6.248 6.248-16.379 0-22.627l-22.627-22.627c-6.248-6.249-16.379-6.249-22.628 0L216 308.118l-70.059-70.059c-6.248-6.248-16.379-6.248-22.628 0l-22.627 22.627c-6.248 6.248-6.248 16.379 0 22.627l104 104c6.249 6.249 16.379 6.249 22.628.001z\"><\/path><\/svg>\t\t\t\t\t\t<\/span>\n\t\t\t\t\t\t\t\t\t\t<span class=\"elementor-icon-list-text\"><b>Phong c\u00e1ch giao ti\u1ebfp<\/b> \u2013 Bi\u1ec3u c\u1ea3m t\u1ef1 nhi\u00ean &amp; k\u1ebft n\u1ed1i<\/span>\n\t\t\t\t\t\t\t\t\t<\/li>\n\t\t\t\t\t\t\t\t<li class=\"elementor-icon-list-item\">\n\t\t\t\t\t\t\t\t\t\t\t<span class=\"elementor-icon-list-icon\">\n\t\t\t\t\t\t\t<svg aria-hidden=\"true\" class=\"e-font-icon-svg e-fas-check-circle\" viewbox=\"0 0 512 512\" xmlns=\"http:\/\/www.w3.org\/2000\/svg\"><path d=\"M504 256c0 136.967-111.033 248-248 248S8 392.967 8 256 119.033 8 256 8s248 111.033 248 248zM227.314 387.314l184-184c6.248-6.248 6.248-16.379 0-22.627l-22.627-22.627c-6.248-6.249-16.379-6.249-22.628 0L216 308.118l-70.059-70.059c-6.248-6.248-16.379-6.248-22.628 0l-22.627 22.627c-6.248 6.248-6.248 16.379 0 22.627l104 104c6.249 6.249 16.379 6.249 22.628.001z\"><\/path><\/svg>\t\t\t\t\t\t<\/span>\n\t\t\t\t\t\t\t\t\t\t<span class=\"elementor-icon-list-text\"><b>\u0110i\u1ec3m m\u1ea1nh c\u1ee7a m\u00f4n h\u1ecdc<\/b> \u2013 H\u01b0\u1edbng h\u1ecdc t\u1eadp ph\u00f9 h\u1ee3p v\u1edbi n\u0103ng l\u1ef1c<\/span>\n\t\t\t\t\t\t\t\t\t<\/li>\n\t\t\t\t\t\t<\/ul>\n\t\t\t\t\t\t<\/div>\n\t\t\t\t<\/div>\n\t\t\t\t\t<\/div>\n\t\t\t\t<\/div>\n\t\t<div class=\"elementor-element elementor-element-8345297 animated-slow e-flex e-con-boxed elementor-invisible e-con e-child\" data-id=\"8345297\" data-element_type=\"container\" data-settings=\"{&quot;background_background&quot;:&quot;gradient&quot;,&quot;animation&quot;:&quot;fadeIn&quot;,&quot;animation_delay&quot;:300}\">\n\t\t\t\t\t<div class=\"e-con-inner\">\n\t\t\t\t<div class=\"elementor-element elementor-element-23425f7 elementor-widget elementor-widget-image-box\" data-id=\"23425f7\" data-element_type=\"widget\" data-widget_type=\"image-box.default\">\n\t\t\t\t<div class=\"elementor-widget-container\">\n\t\t\t\t\t<div class=\"elementor-image-box-wrapper\"><div class=\"elementor-image-box-content\"><h4 class=\"elementor-image-box-title\">Nh\u1eefng l\u1ee3i \u00edch<\/h4><\/div><\/div>\t\t\t\t<\/div>\n\t\t\t\t<\/div>\n\t\t\t\t<div class=\"elementor-element elementor-element-48c293d elementor-mobile-align-left elementor-icon-list--layout-traditional elementor-list-item-link-full_width elementor-widget elementor-widget-icon-list\" data-id=\"48c293d\" data-element_type=\"widget\" data-widget_type=\"icon-list.default\">\n\t\t\t\t<div class=\"elementor-widget-container\">\n\t\t\t\t\t\t\t<ul class=\"elementor-icon-list-items\">\n\t\t\t\t\t\t\t<li class=\"elementor-icon-list-item\">\n\t\t\t\t\t\t\t\t\t\t\t<span class=\"elementor-icon-list-icon\">\n\t\t\t\t\t\t\t<svg aria-hidden=\"true\" class=\"e-font-icon-svg e-fas-check-circle\" viewbox=\"0 0 512 512\" xmlns=\"http:\/\/www.w3.org\/2000\/svg\"><path d=\"M504 256c0 136.967-111.033 248-248 248S8 392.967 8 256 119.033 8 256 8s248 111.033 248 248zM227.314 387.314l184-184c6.248-6.248 6.248-16.379 0-22.627l-22.627-22.627c-6.248-6.249-16.379-6.249-22.628 0L216 308.118l-70.059-70.059c-6.248-6.248-16.379-6.248-22.628 0l-22.627 22.627c-6.248 6.248-6.248 16.379 0 22.627l104 104c6.249 6.249 16.379 6.249 22.628.001z\"><\/path><\/svg>\t\t\t\t\t\t<\/span>\n\t\t\t\t\t\t\t\t\t\t<span class=\"elementor-icon-list-text\">Ra quy\u1ebft \u0111\u1ecbnh h\u1ecdc thu\u1eadt v\u00e0 ngh\u1ec1 nghi\u1ec7p m\u1ed9t c\u00e1ch c\u00f3 c\u0103n c\u1ee9.<\/span>\n\t\t\t\t\t\t\t\t\t<\/li>\n\t\t\t\t\t\t\t\t<li class=\"elementor-icon-list-item\">\n\t\t\t\t\t\t\t\t\t\t\t<span class=\"elementor-icon-list-icon\">\n\t\t\t\t\t\t\t<svg aria-hidden=\"true\" class=\"e-font-icon-svg e-fas-check-circle\" viewbox=\"0 0 512 512\" xmlns=\"http:\/\/www.w3.org\/2000\/svg\"><path d=\"M504 256c0 136.967-111.033 248-248 248S8 392.967 8 256 119.033 8 256 8s248 111.033 248 248zM227.314 387.314l184-184c6.248-6.248 6.248-16.379 0-22.627l-22.627-22.627c-6.248-6.249-16.379-6.249-22.628 0L216 308.118l-70.059-70.059c-6.248-6.248-16.379-6.248-22.628 0l-22.627 22.627c-6.248 6.248-6.248 16.379 0 22.627l104 104c6.249 6.249 16.379 6.249 22.628.001z\"><\/path><\/svg>\t\t\t\t\t\t<\/span>\n\t\t\t\t\t\t\t\t\t\t<span class=\"elementor-icon-list-text\">X\u00e2y d\u1ef1ng s\u1ef1 t\u1ef1 tin v\u00e0 nh\u1eadn th\u1ee9c v\u1ec1 b\u1ea3n th\u00e2n<\/span>\n\t\t\t\t\t\t\t\t\t<\/li>\n\t\t\t\t\t\t\t\t<li class=\"elementor-icon-list-item\">\n\t\t\t\t\t\t\t\t\t\t\t<span class=\"elementor-icon-list-icon\">\n\t\t\t\t\t\t\t<svg aria-hidden=\"true\" class=\"e-font-icon-svg e-fas-check-circle\" viewbox=\"0 0 512 512\" xmlns=\"http:\/\/www.w3.org\/2000\/svg\"><path d=\"M504 256c0 136.967-111.033 248-248 248S8 392.967 8 256 119.033 8 256 8s248 111.033 248 248zM227.314 387.314l184-184c6.248-6.248 6.248-16.379 0-22.627l-22.627-22.627c-6.248-6.249-16.379-6.249-22.628 0L216 308.118l-70.059-70.059c-6.248-6.248-16.379-6.248-22.628 0l-22.627 22.627c-6.248 6.248-6.248 16.379 0 22.627l104 104c6.249 6.249 16.379 6.249 22.628.001z\"><\/path><\/svg>\t\t\t\t\t\t<\/span>\n\t\t\t\t\t\t\t\t\t\t<span class=\"elementor-icon-list-text\">C\u1ea3i thi\u1ec7n m\u1ed1i quan h\u1ec7 th\u00f4ng qua k\u1ef9 n\u0103ng giao ti\u1ebfp<\/span>\n\t\t\t\t\t\t\t\t\t<\/li>\n\t\t\t\t\t\t\t\t<li class=\"elementor-icon-list-item\">\n\t\t\t\t\t\t\t\t\t\t\t<span class=\"elementor-icon-list-icon\">\n\t\t\t\t\t\t\t<svg aria-hidden=\"true\" class=\"e-font-icon-svg e-fas-check-circle\" viewbox=\"0 0 512 512\" xmlns=\"http:\/\/www.w3.org\/2000\/svg\"><path d=\"M504 256c0 136.967-111.033 248-248 248S8 392.967 8 256 119.033 8 256 8s248 111.033 248 248zM227.314 387.314l184-184c6.248-6.248 6.248-16.379 0-22.627l-22.627-22.627c-6.248-6.249-16.379-6.249-22.628 0L216 308.118l-70.059-70.059c-6.248-6.248-16.379-6.248-22.628 0l-22.627 22.627c-6.248 6.248-6.248 16.379 0 22.627l104 104c6.249 6.249 16.379 6.249 22.628.001z\"><\/path><\/svg>\t\t\t\t\t\t<\/span>\n\t\t\t\t\t\t\t\t\t\t<span class=\"elementor-icon-list-text\">Ph\u00e1t tri\u1ec3n kh\u1ea3 n\u0103ng th\u00edch \u1ee9ng v\u00e0 ti\u1ec1m n\u0103ng s\u00e1ng t\u1ea1o<\/span>\n\t\t\t\t\t\t\t\t\t<\/li>\n\t\t\t\t\t\t<\/ul>\n\t\t\t\t\t\t<\/div>\n\t\t\t\t<\/div>\n\t\t\t\t\t<\/div>\n\t\t\t\t<\/div>\n\t\t\t\t\t<\/div>\n\t\t\t\t<\/div>\n\t\t\t\t<div class=\"elementor-element elementor-element-e10b6f1 elementor-widget__width-initial elementor-absolute elementor-widget elementor-widget-image\" data-id=\"e10b6f1\" data-element_type=\"widget\" data-settings=\"{&quot;_position&quot;:&quot;absolute&quot;}\" data-widget_type=\"image.default\">\n\t\t\t\t<div class=\"elementor-widget-container\">\n\t\t\t\t\t\t\t\t\t\t\t\t\t\t\t<img decoding=\"async\" width=\"412\" height=\"180\" src=\"https:\/\/brillianaire.sg\/wp-content\/uploads\/2025\/09\/Ornament-Aicademy-v1.png\" class=\"attachment-full size-full wp-image-10045\" alt=\"\" srcset=\"https:\/\/brillianaire.sg\/wp-content\/uploads\/2025\/09\/Ornament-Aicademy-v1.png 412w, https:\/\/brillianaire.sg\/wp-content\/uploads\/2025\/09\/Ornament-Aicademy-v1-300x131.png 300w, https:\/\/brillianaire.sg\/wp-content\/uploads\/2025\/09\/Ornament-Aicademy-v1-18x8.png 18w\" sizes=\"(max-width: 412px) 100vw, 412px\" \/>\t\t\t\t\t\t\t\t\t\t\t\t\t\t\t<\/div>\n\t\t\t\t<\/div>\n\t\t\t\t<\/div>\n\t\t\t\t\t<\/div>\n\t\t\t\t<\/div>\n\t\t\t\t<\/div>","protected":false},"excerpt":{"rendered":"<p>UniTeen Teen Growth Guide (13\u201316 years) Teen years are full of possibilities and decisions. UniTeen helps navigate this stage with clarity and confidence. Guide the Teenage Journey Help your teen uncover their strengths, communication style, and best-fit academic path to navigate this pivotal stage. Reveals Core Strengths &amp; Growth Areas \u2013 Talents &amp; development needs&#8230;<\/p>","protected":false},"author":1,"featured_media":0,"parent":10228,"menu_order":0,"comment_status":"closed","ping_status":"closed","template":"elementor_header_footer","meta":{"_kad_post_transparent":"","_kad_post_title":"hide","_kad_post_layout":"fullwidth","_kad_post_sidebar_id":"","_kad_post_content_style":"unboxed","_kad_post_vertical_padding":"hide","_kad_post_feature":"hide","_kad_post_feature_position":"","_kad_post_header":false,"_kad_post_footer":false,"footnotes":""},"class_list":["post-10315","page","type-page","status-publish","hentry"],"aioseo_notices":[],"_links":{"self":[{"href":"https:\/\/brillianaire.sg\/vi\/wp-json\/wp\/v2\/pages\/10315","targetHints":{"allow":["GET"]}}],"collection":[{"href":"https:\/\/brillianaire.sg\/vi\/wp-json\/wp\/v2\/pages"}],"about":[{"href":"https:\/\/brillianaire.sg\/vi\/wp-json\/wp\/v2\/types\/page"}],"author":[{"embeddable":true,"href":"https:\/\/brillianaire.sg\/vi\/wp-json\/wp\/v2\/users\/1"}],"replies":[{"embeddable":true,"href":"https:\/\/brillianaire.sg\/vi\/wp-json\/wp\/v2\/comments?post=10315"}],"version-history":[{"count":10,"href":"https:\/\/brillianaire.sg\/vi\/wp-json\/wp\/v2\/pages\/10315\/revisions"}],"predecessor-version":[{"id":10622,"href":"https:\/\/brillianaire.sg\/vi\/wp-json\/wp\/v2\/pages\/10315\/revisions\/10622"}],"up":[{"embeddable":true,"href":"https:\/\/brillianaire.sg\/vi\/wp-json\/wp\/v2\/pages\/10228"}],"wp:attachment":[{"href":"https:\/\/brillianaire.sg\/vi\/wp-json\/wp\/v2\/media?parent=10315"}],"curies":[{"name":"wp","href":"https:\/\/api.w.org\/{rel}","templated":true}]}}