{"id":10309,"date":"2025-09-17T17:17:38","date_gmt":"2025-09-17T17:17:38","guid":{"rendered":"https:\/\/brillianaire.sg\/?page_id=10309"},"modified":"2025-10-14T06:08:01","modified_gmt":"2025-10-14T06:08:01","slug":"teamsona","status":"publish","type":"page","link":"https:\/\/brillianaire.sg\/vi\/services\/teamsona\/","title":{"rendered":"Teamsona"},"content":{"rendered":"<div data-elementor-type=\"wp-page\" data-elementor-id=\"10309\" class=\"elementor elementor-10309\">\n\t\t\t\t<div class=\"elementor-element elementor-element-1f2d738 e-flex e-con-boxed e-con e-parent\" data-id=\"1f2d738\" data-element_type=\"container\">\n\t\t\t\t\t<div class=\"e-con-inner\">\n\t\t<div class=\"elementor-element elementor-element-a66cd23 e-grid e-con-boxed e-con e-child\" data-id=\"a66cd23\" data-element_type=\"container\">\n\t\t\t\t\t<div class=\"e-con-inner\">\n\t\t<div class=\"elementor-element elementor-element-838cf07 animated-slow e-flex e-con-boxed elementor-invisible e-con e-child\" data-id=\"838cf07\" data-element_type=\"container\" data-settings=\"{&quot;animation&quot;:&quot;fadeIn&quot;}\">\n\t\t\t\t\t<div class=\"e-con-inner\">\n\t\t\t\t<div class=\"elementor-element elementor-element-a8978f1 elementor-widget elementor-widget-image\" data-id=\"a8978f1\" data-element_type=\"widget\" data-widget_type=\"image.default\">\n\t\t\t\t<div class=\"elementor-widget-container\">\n\t\t\t\t\t\t\t\t\t\t\t\t\t\t\t<img fetchpriority=\"high\" decoding=\"async\" width=\"1024\" height=\"512\" src=\"https:\/\/brillianaire.sg\/wp-content\/uploads\/2025\/09\/a5bd2e31-01dd-400a-88cb-4c5bd6aaee72-1024x512.jpg\" class=\"attachment-large size-large wp-image-10544\" alt=\"\" srcset=\"https:\/\/brillianaire.sg\/wp-content\/uploads\/2025\/09\/a5bd2e31-01dd-400a-88cb-4c5bd6aaee72-1024x512.jpg 1024w, https:\/\/brillianaire.sg\/wp-content\/uploads\/2025\/09\/a5bd2e31-01dd-400a-88cb-4c5bd6aaee72-300x150.jpg 300w, https:\/\/brillianaire.sg\/wp-content\/uploads\/2025\/09\/a5bd2e31-01dd-400a-88cb-4c5bd6aaee72-768x384.jpg 768w, https:\/\/brillianaire.sg\/wp-content\/uploads\/2025\/09\/a5bd2e31-01dd-400a-88cb-4c5bd6aaee72-1536x768.jpg 1536w, https:\/\/brillianaire.sg\/wp-content\/uploads\/2025\/09\/a5bd2e31-01dd-400a-88cb-4c5bd6aaee72-18x9.jpg 18w, https:\/\/brillianaire.sg\/wp-content\/uploads\/2025\/09\/a5bd2e31-01dd-400a-88cb-4c5bd6aaee72.jpg 1600w\" sizes=\"(max-width: 1024px) 100vw, 1024px\" \/>\t\t\t\t\t\t\t\t\t\t\t\t\t\t\t<\/div>\n\t\t\t\t<\/div>\n\t\t\t\t\t<\/div>\n\t\t\t\t<\/div>\n\t\t<div class=\"elementor-element elementor-element-c28b1bd animated-slow e-flex e-con-boxed elementor-invisible e-con e-child\" data-id=\"c28b1bd\" data-element_type=\"container\" data-settings=\"{&quot;animation&quot;:&quot;fadeIn&quot;,&quot;animation_delay&quot;:200,&quot;background_background&quot;:&quot;classic&quot;}\">\n\t\t\t\t\t<div class=\"e-con-inner\">\n\t\t\t\t<div class=\"elementor-element elementor-element-842131d elementor-widget__width-initial elementor-widget elementor-widget-heading\" data-id=\"842131d\" data-element_type=\"widget\" data-widget_type=\"heading.default\">\n\t\t\t\t<div class=\"elementor-widget-container\">\n\t\t\t\t\t<h2 class=\"elementor-heading-title elementor-size-default\">Teamsona<\/h2>\t\t\t\t<\/div>\n\t\t\t\t<\/div>\n\t\t\t\t<div class=\"elementor-element elementor-element-146190a elementor-widget elementor-widget-heading\" data-id=\"146190a\" data-element_type=\"widget\" data-widget_type=\"heading.default\">\n\t\t\t\t<div class=\"elementor-widget-container\">\n\t\t\t\t\t<h3 class=\"elementor-heading-title elementor-size-default\">DISC d\u00e0nh cho c\u00e1c nh\u00f3m v\u00e0 t\u1ed5 ch\u1ee9c\n<\/h3>\t\t\t\t<\/div>\n\t\t\t\t<\/div>\n\t\t\t\t<div class=\"elementor-element elementor-element-5e81859 elementor-widget__width-initial elementor-widget elementor-widget-text-editor\" data-id=\"5e81859\" data-element_type=\"widget\" data-widget_type=\"text-editor.default\">\n\t\t\t\t<div class=\"elementor-widget-container\">\n\t\t\t\t\t\t\t\t\tNh\u1eefng \u0111\u1ed9i nh\u00f3m tuy\u1ec7t v\u1eddi kh\u00f4ng t\u1ef1 nhi\u00ean m\u00e0 c\u00f3 - ch\u00fang \u0111\u01b0\u1ee3c x\u00e2y d\u1ef1ng t\u1eeb trong thi\u1ebft k\u1ebf. Teamsona t\u1eadn d\u1ee5ng khoa h\u1ecdc h\u00e0nh vi \u0111\u1ec3 t\u1ed1i \u01b0u h\u00f3a vi\u1ec7c tuy\u1ec3n d\u1ee5ng, l\u00e3nh \u0111\u1ea1o v\u00e0 h\u1ee3p t\u00e1c, h\u01b0\u1edbng \u0111\u1ebfn hi\u1ec7u su\u1ea5t cao nh\u1ea5t.\t\t\t\t\t\t\t\t<\/div>\n\t\t\t\t<\/div>\n\t\t\t\t\t<\/div>\n\t\t\t\t<\/div>\n\t\t\t\t\t<\/div>\n\t\t\t\t<\/div>\n\t\t\t\t\t<\/div>\n\t\t\t\t<\/div>\n\t\t<div class=\"elementor-element elementor-element-83a69b3 e-flex e-con-boxed e-con e-parent\" data-id=\"83a69b3\" data-element_type=\"container\">\n\t\t\t\t\t<div class=\"e-con-inner\">\n\t\t<div class=\"elementor-element elementor-element-ff190a7 e-con-full e-flex e-con e-child\" data-id=\"ff190a7\" data-element_type=\"container\">\n\t\t<div class=\"elementor-element elementor-element-8bd767e e-con-full animated-slow e-flex elementor-invisible e-con e-child\" data-id=\"8bd767e\" data-element_type=\"container\" data-settings=\"{&quot;animation&quot;:&quot;fadeIn&quot;}\">\n\t\t\t\t<div class=\"elementor-element elementor-element-9959d5d elementor-widget-mobile__width-initial elementor-widget elementor-widget-heading\" data-id=\"9959d5d\" data-element_type=\"widget\" data-widget_type=\"heading.default\">\n\t\t\t\t<div class=\"elementor-widget-container\">\n\t\t\t\t\t<h2 class=\"elementor-heading-title elementor-size-default\">X\u00e2y d\u1ef1ng \u0111\u1ed9i nh\u00f3m ph\u00e1t tri\u1ec3n m\u1ea1nh m\u1ebd<\/h2>\t\t\t\t<\/div>\n\t\t\t\t<\/div>\n\t\t\t\t<div class=\"elementor-element elementor-element-1f039e1 elementor-widget__width-initial elementor-widget elementor-widget-text-editor\" data-id=\"1f039e1\" data-element_type=\"widget\" data-widget_type=\"text-editor.default\">\n\t\t\t\t<div class=\"elementor-widget-container\">\n\t\t\t\t\t\t\t\t\tKhai ph\u00e1 phong c\u00e1ch l\u00e0m vi\u1ec7c c\u1ee7a t\u1eebng th\u00e0nh vi\u00ean, th\u00fac \u0111\u1ea9y s\u1ef1 h\u1ee3p t\u00e1c v\u00e0 thi\u1ebft k\u1ebf c\u00e1c nh\u00f3m l\u00e0m vi\u1ec7c hi\u1ec7u su\u1ea5t cao v\u1edbi nh\u1eefng hi\u1ec3u bi\u1ebft c\u00f3 c\u01a1 s\u1edf khoa h\u1ecdc.\t\t\t\t\t\t\t\t<\/div>\n\t\t\t\t<\/div>\n\t\t\t\t<\/div>\n\t\t<div class=\"elementor-element elementor-element-e94ba6d e-grid e-con-boxed e-con e-child\" data-id=\"e94ba6d\" data-element_type=\"container\">\n\t\t\t\t\t<div class=\"e-con-inner\">\n\t\t<div class=\"elementor-element elementor-element-a2d3caa animated-slow e-flex e-con-boxed elementor-invisible e-con e-child\" data-id=\"a2d3caa\" data-element_type=\"container\" data-settings=\"{&quot;background_background&quot;:&quot;classic&quot;,&quot;animation&quot;:&quot;fadeIn&quot;,&quot;animation_delay&quot;:200}\">\n\t\t\t\t\t<div class=\"e-con-inner\">\n\t\t\t\t<div class=\"elementor-element elementor-element-fb10736 elementor-widget elementor-widget-image-box\" data-id=\"fb10736\" data-element_type=\"widget\" data-widget_type=\"image-box.default\">\n\t\t\t\t<div class=\"elementor-widget-container\">\n\t\t\t\t\t<div class=\"elementor-image-box-wrapper\"><div class=\"elementor-image-box-content\"><h4 class=\"elementor-image-box-title\">Cung c\u1ea5p<\/h4><\/div><\/div>\t\t\t\t<\/div>\n\t\t\t\t<\/div>\n\t\t\t\t<div class=\"elementor-element elementor-element-c10ced3 elementor-mobile-align-left elementor-icon-list--layout-traditional elementor-list-item-link-full_width elementor-widget elementor-widget-icon-list\" data-id=\"c10ced3\" data-element_type=\"widget\" data-widget_type=\"icon-list.default\">\n\t\t\t\t<div class=\"elementor-widget-container\">\n\t\t\t\t\t\t\t<ul class=\"elementor-icon-list-items\">\n\t\t\t\t\t\t\t<li class=\"elementor-icon-list-item\">\n\t\t\t\t\t\t\t\t\t\t\t<span class=\"elementor-icon-list-icon\">\n\t\t\t\t\t\t\t<svg aria-hidden=\"true\" class=\"e-font-icon-svg e-fas-check-circle\" viewbox=\"0 0 512 512\" xmlns=\"http:\/\/www.w3.org\/2000\/svg\"><path d=\"M504 256c0 136.967-111.033 248-248 248S8 392.967 8 256 119.033 8 256 8s248 111.033 248 248zM227.314 387.314l184-184c6.248-6.248 6.248-16.379 0-22.627l-22.627-22.627c-6.248-6.249-16.379-6.249-22.628 0L216 308.118l-70.059-70.059c-6.248-6.248-16.379-6.248-22.628 0l-22.627 22.627c-6.248 6.248-6.248 16.379 0 22.627l104 104c6.249 6.249 16.379 6.249 22.628.001z\"><\/path><\/svg>\t\t\t\t\t\t<\/span>\n\t\t\t\t\t\t\t\t\t\t<span class=\"elementor-icon-list-text\"><b>H\u1ed3 s\u01a1 DISC b\u1ea9m sinh<\/b> \u2013 Phong c\u00e1ch l\u00e0m vi\u1ec7c t\u1ef1 nhi\u00ean c\u1ee7a t\u1eebng th\u00e0nh vi\u00ean<\/span>\n\t\t\t\t\t\t\t\t\t<\/li>\n\t\t\t\t\t\t\t\t<li class=\"elementor-icon-list-item\">\n\t\t\t\t\t\t\t\t\t\t\t<span class=\"elementor-icon-list-icon\">\n\t\t\t\t\t\t\t<svg aria-hidden=\"true\" class=\"e-font-icon-svg e-fas-check-circle\" viewbox=\"0 0 512 512\" xmlns=\"http:\/\/www.w3.org\/2000\/svg\"><path d=\"M504 256c0 136.967-111.033 248-248 248S8 392.967 8 256 119.033 8 256 8s248 111.033 248 248zM227.314 387.314l184-184c6.248-6.248 6.248-16.379 0-22.627l-22.627-22.627c-6.248-6.249-16.379-6.249-22.628 0L216 308.118l-70.059-70.059c-6.248-6.248-16.379-6.248-22.628 0l-22.627 22.627c-6.248 6.248-6.248 16.379 0 22.627l104 104c6.249 6.249 16.379 6.249 22.628.001z\"><\/path><\/svg>\t\t\t\t\t\t<\/span>\n\t\t\t\t\t\t\t\t\t\t<span class=\"elementor-icon-list-text\"><b>Ph\u00e1t tri\u1ec3n kh\u1ea3 n\u0103ng l\u00e3nh \u0111\u1ea1o<\/b> \u2013 X\u00e1c \u0111\u1ecbnh v\u00e0 nu\u00f4i d\u01b0\u1ee1ng nh\u1eefng nh\u00e0 l\u00e3nh \u0111\u1ea1o \u0111\u00edch th\u1ef1c<\/span>\n\t\t\t\t\t\t\t\t\t<\/li>\n\t\t\t\t\t\t\t\t<li class=\"elementor-icon-list-item\">\n\t\t\t\t\t\t\t\t\t\t\t<span class=\"elementor-icon-list-icon\">\n\t\t\t\t\t\t\t<svg aria-hidden=\"true\" class=\"e-font-icon-svg e-fas-check-circle\" viewbox=\"0 0 512 512\" xmlns=\"http:\/\/www.w3.org\/2000\/svg\"><path d=\"M504 256c0 136.967-111.033 248-248 248S8 392.967 8 256 119.033 8 256 8s248 111.033 248 248zM227.314 387.314l184-184c6.248-6.248 6.248-16.379 0-22.627l-22.627-22.627c-6.248-6.249-16.379-6.249-22.628 0L216 308.118l-70.059-70.059c-6.248-6.248-16.379-6.248-22.628 0l-22.627 22.627c-6.248 6.248-6.248 16.379 0 22.627l104 104c6.249 6.249 16.379 6.249 22.628.001z\"><\/path><\/svg>\t\t\t\t\t\t<\/span>\n\t\t\t\t\t\t\t\t\t\t<span class=\"elementor-icon-list-text\"><b>Th\u00f4ng tin chi ti\u1ebft v\u1ec1 g\u1eafn k\u1ebft nh\u00f3m<\/b> \u2013 Gi\u1ea3i quy\u1ebft xung \u0111\u1ed9t v\u00e0 t\u0103ng c\u01b0\u1eddng s\u1ef1 h\u1ee3p t\u00e1c<\/span>\n\t\t\t\t\t\t\t\t\t<\/li>\n\t\t\t\t\t\t\t\t<li class=\"elementor-icon-list-item\">\n\t\t\t\t\t\t\t\t\t\t\t<span class=\"elementor-icon-list-icon\">\n\t\t\t\t\t\t\t<svg aria-hidden=\"true\" class=\"e-font-icon-svg e-fas-check-circle\" viewbox=\"0 0 512 512\" xmlns=\"http:\/\/www.w3.org\/2000\/svg\"><path d=\"M504 256c0 136.967-111.033 248-248 248S8 392.967 8 256 119.033 8 256 8s248 111.033 248 248zM227.314 387.314l184-184c6.248-6.248 6.248-16.379 0-22.627l-22.627-22.627c-6.248-6.249-16.379-6.249-22.628 0L216 308.118l-70.059-70.059c-6.248-6.248-16.379-6.248-22.628 0l-22.627 22.627c-6.248 6.248-6.248 16.379 0 22.627l104 104c6.249 6.249 16.379 6.249 22.628.001z\"><\/path><\/svg>\t\t\t\t\t\t<\/span>\n\t\t\t\t\t\t\t\t\t\t<span class=\"elementor-icon-list-text\"><b>Chi\u1ebfn l\u01b0\u1ee3c t\u01b0\u01a1ng t\u00e1c<\/b> \u2013 \u0110\u1ed9ng l\u1ef1c d\u1ef1a tr\u00ean \u0111\u1ed9ng l\u1ef1c n\u1ed9i t\u1ea1i<\/span>\n\t\t\t\t\t\t\t\t\t<\/li>\n\t\t\t\t\t\t\t\t<li class=\"elementor-icon-list-item\">\n\t\t\t\t\t\t\t\t\t\t\t<span class=\"elementor-icon-list-icon\">\n\t\t\t\t\t\t\t<svg aria-hidden=\"true\" class=\"e-font-icon-svg e-fas-check-circle\" viewbox=\"0 0 512 512\" xmlns=\"http:\/\/www.w3.org\/2000\/svg\"><path d=\"M504 256c0 136.967-111.033 248-248 248S8 392.967 8 256 119.033 8 256 8s248 111.033 248 248zM227.314 387.314l184-184c6.248-6.248 6.248-16.379 0-22.627l-22.627-22.627c-6.248-6.249-16.379-6.249-22.628 0L216 308.118l-70.059-70.059c-6.248-6.248-16.379-6.248-22.628 0l-22.627 22.627c-6.248 6.248-6.248 16.379 0 22.627l104 104c6.249 6.249 16.379 6.249 22.628.001z\"><\/path><\/svg>\t\t\t\t\t\t<\/span>\n\t\t\t\t\t\t\t\t\t\t<span class=\"elementor-icon-list-text\"><b>Kh\u1ea3 n\u0103ng t\u01b0\u01a1ng th\u00edch tr\u01b0\u1edbc khi tuy\u1ec3n d\u1ee5ng<\/b> \u2013 \u0110\u00e1nh gi\u00e1 s\u1ef1 ph\u00f9 h\u1ee3p v\u1ec1 v\u0103n h\u00f3a v\u00e0 vai tr\u00f2 tr\u01b0\u1edbc khi tuy\u1ec3n d\u1ee5ng<\/span>\n\t\t\t\t\t\t\t\t\t<\/li>\n\t\t\t\t\t\t<\/ul>\n\t\t\t\t\t\t<\/div>\n\t\t\t\t<\/div>\n\t\t\t\t\t<\/div>\n\t\t\t\t<\/div>\n\t\t<div class=\"elementor-element elementor-element-e5d3c7b animated-slow e-flex e-con-boxed elementor-invisible e-con e-child\" data-id=\"e5d3c7b\" data-element_type=\"container\" data-settings=\"{&quot;background_background&quot;:&quot;gradient&quot;,&quot;animation&quot;:&quot;fadeIn&quot;,&quot;animation_delay&quot;:300}\">\n\t\t\t\t\t<div class=\"e-con-inner\">\n\t\t\t\t<div class=\"elementor-element elementor-element-559ccae elementor-widget elementor-widget-image-box\" data-id=\"559ccae\" data-element_type=\"widget\" data-widget_type=\"image-box.default\">\n\t\t\t\t<div class=\"elementor-widget-container\">\n\t\t\t\t\t<div class=\"elementor-image-box-wrapper\"><div class=\"elementor-image-box-content\"><h4 class=\"elementor-image-box-title\">T\u1ea1i sao c\u00e1c t\u1ed5 ch\u1ee9c c\u1ea7n \u0111i\u1ec1u n\u00e0y:<\/h4><\/div><\/div>\t\t\t\t<\/div>\n\t\t\t\t<\/div>\n\t\t\t\t<div class=\"elementor-element elementor-element-26aea12 elementor-mobile-align-left elementor-icon-list--layout-traditional elementor-list-item-link-full_width elementor-widget elementor-widget-icon-list\" data-id=\"26aea12\" data-element_type=\"widget\" data-widget_type=\"icon-list.default\">\n\t\t\t\t<div class=\"elementor-widget-container\">\n\t\t\t\t\t\t\t<ul class=\"elementor-icon-list-items\">\n\t\t\t\t\t\t\t<li class=\"elementor-icon-list-item\">\n\t\t\t\t\t\t\t\t\t\t\t<span class=\"elementor-icon-list-icon\">\n\t\t\t\t\t\t\t<svg aria-hidden=\"true\" class=\"e-font-icon-svg e-fas-check-circle\" viewbox=\"0 0 512 512\" xmlns=\"http:\/\/www.w3.org\/2000\/svg\"><path d=\"M504 256c0 136.967-111.033 248-248 248S8 392.967 8 256 119.033 8 256 8s248 111.033 248 248zM227.314 387.314l184-184c6.248-6.248 6.248-16.379 0-22.627l-22.627-22.627c-6.248-6.249-16.379-6.249-22.628 0L216 308.118l-70.059-70.059c-6.248-6.248-16.379-6.248-22.628 0l-22.627 22.627c-6.248 6.248-6.248 16.379 0 22.627l104 104c6.249 6.249 16.379 6.249 22.628.001z\"><\/path><\/svg>\t\t\t\t\t\t<\/span>\n\t\t\t\t\t\t\t\t\t\t<span class=\"elementor-icon-list-text\"><b>Tuy\u1ec3n d\u1ee5ng th\u00f4ng minh<\/b>: Gi\u1ea3m t\u1ef7 l\u1ec7 lu\u00e2n chuy\u1ec3n lao \u0111\u1ed9ng b\u1eb1ng c\u00e1ch ph\u00f9 h\u1ee3p h\u01a1n v\u1edbi vai tr\u00f2<\/span>\n\t\t\t\t\t\t\t\t\t<\/li>\n\t\t\t\t\t\t\t\t<li class=\"elementor-icon-list-item\">\n\t\t\t\t\t\t\t\t\t\t\t<span class=\"elementor-icon-list-icon\">\n\t\t\t\t\t\t\t<svg aria-hidden=\"true\" class=\"e-font-icon-svg e-fas-check-circle\" viewbox=\"0 0 512 512\" xmlns=\"http:\/\/www.w3.org\/2000\/svg\"><path d=\"M504 256c0 136.967-111.033 248-248 248S8 392.967 8 256 119.033 8 256 8s248 111.033 248 248zM227.314 387.314l184-184c6.248-6.248 6.248-16.379 0-22.627l-22.627-22.627c-6.248-6.249-16.379-6.249-22.628 0L216 308.118l-70.059-70.059c-6.248-6.248-16.379-6.248-22.628 0l-22.627 22.627c-6.248 6.248-6.248 16.379 0 22.627l104 104c6.249 6.249 16.379 6.249 22.628.001z\"><\/path><\/svg>\t\t\t\t\t\t<\/span>\n\t\t\t\t\t\t\t\t\t\t<span class=\"elementor-icon-list-text\"><b>C\u00e1c nh\u00e0 l\u00e3nh \u0111\u1ea1o m\u1ea1nh m\u1ebd h\u01a1n<\/b>: Ph\u00e1t tri\u1ec3n nh\u1eefng nh\u00e0 qu\u1ea3n l\u00fd l\u00e3nh \u0111\u1ea1o \u0111\u00edch th\u1ef1c<\/span>\n\t\t\t\t\t\t\t\t\t<\/li>\n\t\t\t\t\t\t\t\t<li class=\"elementor-icon-list-item\">\n\t\t\t\t\t\t\t\t\t\t\t<span class=\"elementor-icon-list-icon\">\n\t\t\t\t\t\t\t<svg aria-hidden=\"true\" class=\"e-font-icon-svg e-fas-check-circle\" viewbox=\"0 0 512 512\" xmlns=\"http:\/\/www.w3.org\/2000\/svg\"><path d=\"M504 256c0 136.967-111.033 248-248 248S8 392.967 8 256 119.033 8 256 8s248 111.033 248 248zM227.314 387.314l184-184c6.248-6.248 6.248-16.379 0-22.627l-22.627-22.627c-6.248-6.249-16.379-6.249-22.628 0L216 308.118l-70.059-70.059c-6.248-6.248-16.379-6.248-22.628 0l-22.627 22.627c-6.248 6.248-6.248 16.379 0 22.627l104 104c6.249 6.249 16.379 6.249 22.628.001z\"><\/path><\/svg>\t\t\t\t\t\t<\/span>\n\t\t\t\t\t\t\t\t\t\t<span class=\"elementor-icon-list-text\"><b>S\u1ef1 tham gia cao h\u01a1n<\/b>: T\u1ea1o ra n\u01a1i l\u00e0m vi\u1ec7c n\u01a1i m\u1ecdi ng\u01b0\u1eddi ph\u00e1t tri\u1ec3n m\u1ea1nh m\u1ebd<\/span>\n\t\t\t\t\t\t\t\t\t<\/li>\n\t\t\t\t\t\t\t\t<li class=\"elementor-icon-list-item\">\n\t\t\t\t\t\t\t\t\t\t\t<span class=\"elementor-icon-list-icon\">\n\t\t\t\t\t\t\t<svg aria-hidden=\"true\" class=\"e-font-icon-svg e-fas-check-circle\" viewbox=\"0 0 512 512\" xmlns=\"http:\/\/www.w3.org\/2000\/svg\"><path d=\"M504 256c0 136.967-111.033 248-248 248S8 392.967 8 256 119.033 8 256 8s248 111.033 248 248zM227.314 387.314l184-184c6.248-6.248 6.248-16.379 0-22.627l-22.627-22.627c-6.248-6.249-16.379-6.249-22.628 0L216 308.118l-70.059-70.059c-6.248-6.248-16.379-6.248-22.628 0l-22.627 22.627c-6.248 6.248-6.248 16.379 0 22.627l104 104c6.249 6.249 16.379 6.249 22.628.001z\"><\/path><\/svg>\t\t\t\t\t\t<\/span>\n\t\t\t\t\t\t\t\t\t\t<span class=\"elementor-icon-list-text\"><b>Giao ti\u1ebfp li\u1ec1n m\u1ea1ch<\/b>: Thu h\u1eb9p kho\u1ea3ng c\u00e1ch gi\u1eefa c\u00e1c phong c\u00e1ch l\u00e0m vi\u1ec7c<\/span>\n\t\t\t\t\t\t\t\t\t<\/li>\n\t\t\t\t\t\t<\/ul>\n\t\t\t\t\t\t<\/div>\n\t\t\t\t<\/div>\n\t\t\t\t\t<\/div>\n\t\t\t\t<\/div>\n\t\t\t\t\t<\/div>\n\t\t\t\t<\/div>\n\t\t\t\t<div class=\"elementor-element elementor-element-8ae057f elementor-widget__width-initial elementor-absolute elementor-widget elementor-widget-image\" data-id=\"8ae057f\" data-element_type=\"widget\" data-settings=\"{&quot;_position&quot;:&quot;absolute&quot;}\" data-widget_type=\"image.default\">\n\t\t\t\t<div class=\"elementor-widget-container\">\n\t\t\t\t\t\t\t\t\t\t\t\t\t\t\t<img decoding=\"async\" width=\"412\" height=\"180\" src=\"https:\/\/brillianaire.sg\/wp-content\/uploads\/2025\/09\/Ornament-Aicademy-v1.png\" class=\"attachment-full size-full wp-image-10045\" alt=\"\" srcset=\"https:\/\/brillianaire.sg\/wp-content\/uploads\/2025\/09\/Ornament-Aicademy-v1.png 412w, https:\/\/brillianaire.sg\/wp-content\/uploads\/2025\/09\/Ornament-Aicademy-v1-300x131.png 300w, https:\/\/brillianaire.sg\/wp-content\/uploads\/2025\/09\/Ornament-Aicademy-v1-18x8.png 18w\" sizes=\"(max-width: 412px) 100vw, 412px\" \/>\t\t\t\t\t\t\t\t\t\t\t\t\t\t\t<\/div>\n\t\t\t\t<\/div>\n\t\t\t\t<\/div>\n\t\t\t\t\t<\/div>\n\t\t\t\t<\/div>\n\t\t\t\t<\/div>","protected":false},"excerpt":{"rendered":"<p>Teamsona DISC for Teams &amp; Organizations Great teams don\u2019t just happen\u2014they\u2019re built by design. Teamsona leverages behavioral science to optimize hiring, leadership, and collaboration for peak performance. Build Teams That Thrive Unlock each member\u2019s work style, boost collaboration, and design high-performing teams with science-backed insights. Delivers Inborn DISC Profiles \u2013 Each member\u2019s natural work style&#8230;<\/p>","protected":false},"author":1,"featured_media":0,"parent":10228,"menu_order":0,"comment_status":"closed","ping_status":"closed","template":"elementor_header_footer","meta":{"_kad_post_transparent":"","_kad_post_title":"hide","_kad_post_layout":"fullwidth","_kad_post_sidebar_id":"","_kad_post_content_style":"unboxed","_kad_post_vertical_padding":"hide","_kad_post_feature":"hide","_kad_post_feature_position":"","_kad_post_header":false,"_kad_post_footer":false,"footnotes":""},"class_list":["post-10309","page","type-page","status-publish","hentry"],"aioseo_notices":[],"_links":{"self":[{"href":"https:\/\/brillianaire.sg\/vi\/wp-json\/wp\/v2\/pages\/10309","targetHints":{"allow":["GET"]}}],"collection":[{"href":"https:\/\/brillianaire.sg\/vi\/wp-json\/wp\/v2\/pages"}],"about":[{"href":"https:\/\/brillianaire.sg\/vi\/wp-json\/wp\/v2\/types\/page"}],"author":[{"embeddable":true,"href":"https:\/\/brillianaire.sg\/vi\/wp-json\/wp\/v2\/users\/1"}],"replies":[{"embeddable":true,"href":"https:\/\/brillianaire.sg\/vi\/wp-json\/wp\/v2\/comments?post=10309"}],"version-history":[{"count":13,"href":"https:\/\/brillianaire.sg\/vi\/wp-json\/wp\/v2\/pages\/10309\/revisions"}],"predecessor-version":[{"id":10764,"href":"https:\/\/brillianaire.sg\/vi\/wp-json\/wp\/v2\/pages\/10309\/revisions\/10764"}],"up":[{"embeddable":true,"href":"https:\/\/brillianaire.sg\/vi\/wp-json\/wp\/v2\/pages\/10228"}],"wp:attachment":[{"href":"https:\/\/brillianaire.sg\/vi\/wp-json\/wp\/v2\/media?parent=10309"}],"curies":[{"name":"wp","href":"https:\/\/api.w.org\/{rel}","templated":true}]}}