{"id":10293,"date":"2025-09-17T16:11:07","date_gmt":"2025-09-17T16:11:07","guid":{"rendered":"https:\/\/brillianaire.sg\/?page_id=10293"},"modified":"2025-09-20T18:19:26","modified_gmt":"2025-09-20T18:19:26","slug":"workshops","status":"publish","type":"page","link":"https:\/\/brillianaire.sg\/vi\/workshops\/","title":{"rendered":"H\u1ed9i th\u1ea3o"},"content":{"rendered":"<div data-elementor-type=\"wp-page\" data-elementor-id=\"10293\" class=\"elementor elementor-10293\">\n\t\t\t\t<div class=\"elementor-element elementor-element-f592f77 e-flex e-con-boxed e-con e-parent\" data-id=\"f592f77\" data-element_type=\"container\">\n\t\t\t\t\t<div class=\"e-con-inner\">\n\t\t<div class=\"elementor-element elementor-element-cdb67ca e-con-full e-flex e-con e-child\" data-id=\"cdb67ca\" data-element_type=\"container\">\n\t\t\t\t<div class=\"elementor-element elementor-element-c9be61e elementor-widget__width-inherit animated-slow elementor-invisible elementor-widget elementor-widget-heading\" data-id=\"c9be61e\" data-element_type=\"widget\" data-settings=\"{&quot;_animation&quot;:&quot;fadeIn&quot;}\" data-widget_type=\"heading.default\">\n\t\t\t\t<div class=\"elementor-widget-container\">\n\t\t\t\t\t<h2 class=\"elementor-heading-title elementor-size-default\">H\u1ed9i th\u1ea3o<\/h2>\t\t\t\t<\/div>\n\t\t\t\t<\/div>\n\t\t\t\t<\/div>\n\t\t\t\t\t<\/div>\n\t\t\t\t<\/div>\n\t\t<div class=\"elementor-element elementor-element-54112dae e-flex e-con-boxed e-con e-parent\" data-id=\"54112dae\" data-element_type=\"container\">\n\t\t\t\t\t<div class=\"e-con-inner\">\n\t\t<div class=\"elementor-element elementor-element-f8d0de8 e-con-full e-flex e-con e-child\" data-id=\"f8d0de8\" data-element_type=\"container\">\n\t\t<div class=\"elementor-element elementor-element-231d3ec1 e-con-full animated-slow e-flex elementor-invisible e-con e-child\" data-id=\"231d3ec1\" data-element_type=\"container\" data-settings=\"{&quot;animation&quot;:&quot;fadeIn&quot;}\">\n\t\t\t\t<div class=\"elementor-element elementor-element-13aae614 elementor-widget-mobile__width-initial elementor-widget elementor-widget-heading\" data-id=\"13aae614\" data-element_type=\"widget\" data-widget_type=\"heading.default\">\n\t\t\t\t<div class=\"elementor-widget-container\">\n\t\t\t\t\t<h2 class=\"elementor-heading-title elementor-size-default\">H\u1ecdc h\u1ecfi. Ph\u00e1t tri\u1ec3n. Chuy\u1ec3n \u0111\u1ed5i.\n<\/h2>\t\t\t\t<\/div>\n\t\t\t\t<\/div>\n\t\t\t\t<div class=\"elementor-element elementor-element-22f7ba88 elementor-widget__width-initial elementor-widget elementor-widget-text-editor\" data-id=\"22f7ba88\" data-element_type=\"widget\" data-widget_type=\"text-editor.default\">\n\t\t\t\t<div class=\"elementor-widget-container\">\n\t\t\t\t\t\t\t\t\tC\u00e1c h\u1ed9i th\u1ea3o c\u1ee7a ch\u00fang t\u00f4i \u0111\u01b0\u1ee3c thi\u1ebft k\u1ebf \u0111\u1ec3 bi\u1ebfn khoa h\u1ecdc v\u00e0 kh\u00e1m ph\u00e1 b\u1ea3n th\u00e2n tr\u1edf n\u00ean thi\u1ebft th\u1ef1c, th\u00fa v\u1ecb v\u00e0 mang t\u00ednh chuy\u1ec3n h\u00f3a. T\u1eeb nh\u1eefng hi\u1ec3u bi\u1ebft s\u00e2u s\u1eafc v\u1ec1 khoa h\u1ecdc th\u1ea7n kinh \u0111\u1ebfn tr\u00ed tu\u1ec7 c\u1ea3m x\u00fac v\u00e0 c\u00e1c c\u00f4ng c\u1ee5 ch\u0103m s\u00f3c s\u1ee9c kh\u1ecfe, ch\u00fang t\u00f4i gi\u00fap tr\u1ebb em, thanh thi\u1ebfu ni\u00ean v\u00e0 ng\u01b0\u1eddi l\u1edbn khai ph\u00e1 ti\u1ec1m n\u0103ng c\u1ee7a m\u00ecnh trong cu\u1ed9c s\u1ed1ng h\u00e0ng ng\u00e0y.\t\t\t\t\t\t\t\t<\/div>\n\t\t\t\t<\/div>\n\t\t\t\t<\/div>\n\t\t<div class=\"elementor-element elementor-element-5f893e2e e-grid e-con-boxed e-con e-child\" data-id=\"5f893e2e\" data-element_type=\"container\">\n\t\t\t\t\t<div class=\"e-con-inner\">\n\t\t<div class=\"elementor-element elementor-element-4f29b234 animated-slow e-flex e-con-boxed elementor-invisible e-con e-child\" data-id=\"4f29b234\" data-element_type=\"container\" data-settings=\"{&quot;animation&quot;:&quot;fadeIn&quot;,&quot;animation_delay&quot;:100}\">\n\t\t\t\t\t<div class=\"e-con-inner\">\n\t\t\t\t<div class=\"elementor-element elementor-element-392c8ea1 elementor-widget elementor-widget-image\" data-id=\"392c8ea1\" data-element_type=\"widget\" data-widget_type=\"image.default\">\n\t\t\t\t<div class=\"elementor-widget-container\">\n\t\t\t\t\t\t\t\t\t\t\t\t\t\t\t<img fetchpriority=\"high\" decoding=\"async\" width=\"1600\" height=\"896\" src=\"https:\/\/brillianaire.sg\/wp-content\/uploads\/2025\/09\/bf529798-9e24-4ccc-9311-adc890a811d6.jpg\" class=\"attachment-full size-full wp-image-10547\" alt=\"\" srcset=\"https:\/\/brillianaire.sg\/wp-content\/uploads\/2025\/09\/bf529798-9e24-4ccc-9311-adc890a811d6.jpg 1600w, https:\/\/brillianaire.sg\/wp-content\/uploads\/2025\/09\/bf529798-9e24-4ccc-9311-adc890a811d6-300x168.jpg 300w, https:\/\/brillianaire.sg\/wp-content\/uploads\/2025\/09\/bf529798-9e24-4ccc-9311-adc890a811d6-1024x573.jpg 1024w, https:\/\/brillianaire.sg\/wp-content\/uploads\/2025\/09\/bf529798-9e24-4ccc-9311-adc890a811d6-768x430.jpg 768w, https:\/\/brillianaire.sg\/wp-content\/uploads\/2025\/09\/bf529798-9e24-4ccc-9311-adc890a811d6-1536x860.jpg 1536w, https:\/\/brillianaire.sg\/wp-content\/uploads\/2025\/09\/bf529798-9e24-4ccc-9311-adc890a811d6-18x10.jpg 18w\" sizes=\"(max-width: 1600px) 100vw, 1600px\" \/>\t\t\t\t\t\t\t\t\t\t\t\t\t\t\t<\/div>\n\t\t\t\t<\/div>\n\t\t<div class=\"elementor-element elementor-element-f126081 e-con-full e-flex e-con e-child\" data-id=\"f126081\" data-element_type=\"container\">\n\t\t\t\t<div class=\"elementor-element elementor-element-127fb50a elementor-widget elementor-widget-heading\" data-id=\"127fb50a\" data-element_type=\"widget\" data-widget_type=\"heading.default\">\n\t\t\t\t<div class=\"elementor-widget-container\">\n\t\t\t\t\t<h2 class=\"elementor-heading-title elementor-size-default\">H\u1ed9i th\u1ea3o khoa h\u1ecdc th\u1ea7n kinh<\/h2>\t\t\t\t<\/div>\n\t\t\t\t<\/div>\n\t\t\t\t<div class=\"elementor-element elementor-element-f9abaf5 elementor-widget elementor-widget-text-editor\" data-id=\"f9abaf5\" data-element_type=\"widget\" data-widget_type=\"text-editor.default\">\n\t\t\t\t<div class=\"elementor-widget-container\">\n\t\t\t\t\t\t\t\t\t<p>Gi\u1ea3i ph\u00f3ng b\u1ed9 n\u00e3o c\u1ee7a b\u1ea1n: H\u1ed9i th\u1ea3o khoa h\u1ecdc th\u1ea7n kinh d\u00e0nh cho thanh thi\u1ebfu ni\u00ean v\u00e0 chuy\u00ean gia<\/p>\t\t\t\t\t\t\t\t<\/div>\n\t\t\t\t<\/div>\n\t\t\t\t<div class=\"elementor-element elementor-element-7c6d2d0 elementor-align-justify elementor-mobile-align-justify elementor-widget-mobile__width-inherit elementor-widget elementor-widget-button\" data-id=\"7c6d2d0\" data-element_type=\"widget\" data-widget_type=\"button.default\">\n\t\t\t\t<div class=\"elementor-widget-container\">\n\t\t\t\t\t\t\t\t\t<div class=\"elementor-button-wrapper\">\n\t\t\t\t\t<a class=\"elementor-button elementor-button-link elementor-size-sm\" href=\"https:\/\/brillianaire.sg\/vi\/workshops\/neuroscience-workshop\/\">\n\t\t\t\t\t\t<span class=\"elementor-button-content-wrapper\">\n\t\t\t\t\t\t\t\t\t<span class=\"elementor-button-text\">T\u00ecm hi\u1ec3u th\u00eam<\/span>\n\t\t\t\t\t<\/span>\n\t\t\t\t\t<\/a>\n\t\t\t\t<\/div>\n\t\t\t\t\t\t\t\t<\/div>\n\t\t\t\t<\/div>\n\t\t\t\t<\/div>\n\t\t\t\t\t<\/div>\n\t\t\t\t<\/div>\n\t\t<div class=\"elementor-element elementor-element-21b57a45 animated-slow e-flex e-con-boxed elementor-invisible e-con e-child\" data-id=\"21b57a45\" data-element_type=\"container\" data-settings=\"{&quot;animation&quot;:&quot;fadeIn&quot;,&quot;animation_delay&quot;:200}\">\n\t\t\t\t\t<div class=\"e-con-inner\">\n\t\t\t\t<div class=\"elementor-element elementor-element-4691c4c9 elementor-widget elementor-widget-image\" data-id=\"4691c4c9\" data-element_type=\"widget\" data-widget_type=\"image.default\">\n\t\t\t\t<div class=\"elementor-widget-container\">\n\t\t\t\t\t\t\t\t\t\t\t\t\t\t\t<img decoding=\"async\" width=\"1600\" height=\"742\" src=\"https:\/\/brillianaire.sg\/wp-content\/uploads\/2025\/09\/601c7d70-cd4b-4747-87bd-f655563f5dcf.jpg\" class=\"attachment-full size-full wp-image-10539\" alt=\"\" srcset=\"https:\/\/brillianaire.sg\/wp-content\/uploads\/2025\/09\/601c7d70-cd4b-4747-87bd-f655563f5dcf.jpg 1600w, https:\/\/brillianaire.sg\/wp-content\/uploads\/2025\/09\/601c7d70-cd4b-4747-87bd-f655563f5dcf-300x139.jpg 300w, https:\/\/brillianaire.sg\/wp-content\/uploads\/2025\/09\/601c7d70-cd4b-4747-87bd-f655563f5dcf-1024x475.jpg 1024w, https:\/\/brillianaire.sg\/wp-content\/uploads\/2025\/09\/601c7d70-cd4b-4747-87bd-f655563f5dcf-768x356.jpg 768w, https:\/\/brillianaire.sg\/wp-content\/uploads\/2025\/09\/601c7d70-cd4b-4747-87bd-f655563f5dcf-1536x712.jpg 1536w, https:\/\/brillianaire.sg\/wp-content\/uploads\/2025\/09\/601c7d70-cd4b-4747-87bd-f655563f5dcf-18x8.jpg 18w\" sizes=\"(max-width: 1600px) 100vw, 1600px\" \/>\t\t\t\t\t\t\t\t\t\t\t\t\t\t\t<\/div>\n\t\t\t\t<\/div>\n\t\t<div class=\"elementor-element elementor-element-123e730e e-con-full e-flex e-con e-child\" data-id=\"123e730e\" data-element_type=\"container\">\n\t\t\t\t<div class=\"elementor-element elementor-element-27d3e74a elementor-widget elementor-widget-heading\" data-id=\"27d3e74a\" data-element_type=\"widget\" data-widget_type=\"heading.default\">\n\t\t\t\t<div class=\"elementor-widget-container\">\n\t\t\t\t\t<h2 class=\"elementor-heading-title elementor-size-default\">L\u00e0m b\u1ea1n v\u1edbi c\u1ea3m x\u00fac c\u1ee7a b\u1ea1n<\/h2>\t\t\t\t<\/div>\n\t\t\t\t<\/div>\n\t\t\t\t<div class=\"elementor-element elementor-element-2a9492b elementor-widget elementor-widget-text-editor\" data-id=\"2a9492b\" data-element_type=\"widget\" data-widget_type=\"text-editor.default\">\n\t\t\t\t<div class=\"elementor-widget-container\">\n\t\t\t\t\t\t\t\t\tH\u1ed9i th\u1ea3o d\u00e0nh cho tr\u1ebb em v\u00e0 thanh thi\u1ebfu ni\u00ean\t\t\t\t\t\t\t\t<\/div>\n\t\t\t\t<\/div>\n\t\t\t\t<div class=\"elementor-element elementor-element-1cc1043 elementor-align-justify elementor-mobile-align-justify elementor-widget-mobile__width-inherit elementor-widget elementor-widget-button\" data-id=\"1cc1043\" data-element_type=\"widget\" data-widget_type=\"button.default\">\n\t\t\t\t<div class=\"elementor-widget-container\">\n\t\t\t\t\t\t\t\t\t<div class=\"elementor-button-wrapper\">\n\t\t\t\t\t<a class=\"elementor-button elementor-button-link elementor-size-sm\" href=\"https:\/\/brillianaire.sg\/vi\/workshops\/befriend-your-emotions\/\">\n\t\t\t\t\t\t<span class=\"elementor-button-content-wrapper\">\n\t\t\t\t\t\t\t\t\t<span class=\"elementor-button-text\">T\u00ecm hi\u1ec3u th\u00eam<\/span>\n\t\t\t\t\t<\/span>\n\t\t\t\t\t<\/a>\n\t\t\t\t<\/div>\n\t\t\t\t\t\t\t\t<\/div>\n\t\t\t\t<\/div>\n\t\t\t\t<\/div>\n\t\t\t\t\t<\/div>\n\t\t\t\t<\/div>\n\t\t<div class=\"elementor-element elementor-element-72fac7ab animated-slow e-flex e-con-boxed elementor-invisible e-con e-child\" data-id=\"72fac7ab\" data-element_type=\"container\" data-settings=\"{&quot;animation&quot;:&quot;fadeIn&quot;,&quot;animation_delay&quot;:400}\">\n\t\t\t\t\t<div class=\"e-con-inner\">\n\t\t\t\t<div class=\"elementor-element elementor-element-6a130987 elementor-widget elementor-widget-image\" data-id=\"6a130987\" data-element_type=\"widget\" data-widget_type=\"image.default\">\n\t\t\t\t<div class=\"elementor-widget-container\">\n\t\t\t\t\t\t\t\t\t\t\t\t\t\t\t<img decoding=\"async\" width=\"1600\" height=\"1066\" src=\"https:\/\/brillianaire.sg\/wp-content\/uploads\/2025\/09\/313e56ad-8da1-47d2-9e4b-5e4b2ea3e0ce.jpg\" class=\"attachment-full size-full wp-image-10538\" alt=\"\" srcset=\"https:\/\/brillianaire.sg\/wp-content\/uploads\/2025\/09\/313e56ad-8da1-47d2-9e4b-5e4b2ea3e0ce.jpg 1600w, https:\/\/brillianaire.sg\/wp-content\/uploads\/2025\/09\/313e56ad-8da1-47d2-9e4b-5e4b2ea3e0ce-300x200.jpg 300w, https:\/\/brillianaire.sg\/wp-content\/uploads\/2025\/09\/313e56ad-8da1-47d2-9e4b-5e4b2ea3e0ce-1024x682.jpg 1024w, https:\/\/brillianaire.sg\/wp-content\/uploads\/2025\/09\/313e56ad-8da1-47d2-9e4b-5e4b2ea3e0ce-768x512.jpg 768w, https:\/\/brillianaire.sg\/wp-content\/uploads\/2025\/09\/313e56ad-8da1-47d2-9e4b-5e4b2ea3e0ce-1536x1023.jpg 1536w, https:\/\/brillianaire.sg\/wp-content\/uploads\/2025\/09\/313e56ad-8da1-47d2-9e4b-5e4b2ea3e0ce-18x12.jpg 18w\" sizes=\"(max-width: 1600px) 100vw, 1600px\" \/>\t\t\t\t\t\t\t\t\t\t\t\t\t\t\t<\/div>\n\t\t\t\t<\/div>\n\t\t<div class=\"elementor-element elementor-element-37bde9b8 e-con-full e-flex e-con e-child\" data-id=\"37bde9b8\" data-element_type=\"container\">\n\t\t\t\t<div class=\"elementor-element elementor-element-7f7ebaa0 elementor-widget elementor-widget-heading\" data-id=\"7f7ebaa0\" data-element_type=\"widget\" data-widget_type=\"heading.default\">\n\t\t\t\t<div class=\"elementor-widget-container\">\n\t\t\t\t\t<h2 class=\"elementor-heading-title elementor-size-default\">H\u1ed9i th\u1ea3o N\u00e3o b\u1ed9 vui v\u1ebb<\/h2>\t\t\t\t<\/div>\n\t\t\t\t<\/div>\n\t\t\t\t<div class=\"elementor-element elementor-element-13c56f0 elementor-widget elementor-widget-text-editor\" data-id=\"13c56f0\" data-element_type=\"widget\" data-widget_type=\"text-editor.default\">\n\t\t\t\t<div class=\"elementor-widget-container\">\n\t\t\t\t\t\t\t\t\tD\u00e0nh cho tr\u1ebb em!\t\t\t\t\t\t\t\t<\/div>\n\t\t\t\t<\/div>\n\t\t\t\t<div class=\"elementor-element elementor-element-59d957a elementor-align-justify elementor-mobile-align-justify elementor-widget-mobile__width-inherit elementor-widget elementor-widget-button\" data-id=\"59d957a\" data-element_type=\"widget\" data-widget_type=\"button.default\">\n\t\t\t\t<div class=\"elementor-widget-container\">\n\t\t\t\t\t\t\t\t\t<div class=\"elementor-button-wrapper\">\n\t\t\t\t\t<a class=\"elementor-button elementor-button-link elementor-size-sm\" href=\"https:\/\/brillianaire.sg\/vi\/workshops\/happy-brain-workshop\/\">\n\t\t\t\t\t\t<span class=\"elementor-button-content-wrapper\">\n\t\t\t\t\t\t\t\t\t<span class=\"elementor-button-text\">T\u00ecm hi\u1ec3u th\u00eam<\/span>\n\t\t\t\t\t<\/span>\n\t\t\t\t\t<\/a>\n\t\t\t\t<\/div>\n\t\t\t\t\t\t\t\t<\/div>\n\t\t\t\t<\/div>\n\t\t\t\t<\/div>\n\t\t\t\t\t<\/div>\n\t\t\t\t<\/div>\n\t\t<div class=\"elementor-element elementor-element-b5e6b7c animated-slow e-flex e-con-boxed elementor-invisible e-con e-child\" data-id=\"b5e6b7c\" data-element_type=\"container\" data-settings=\"{&quot;animation&quot;:&quot;fadeIn&quot;,&quot;animation_delay&quot;:400}\">\n\t\t\t\t\t<div class=\"e-con-inner\">\n\t\t\t\t<div class=\"elementor-element elementor-element-ffa652f elementor-widget elementor-widget-image\" data-id=\"ffa652f\" data-element_type=\"widget\" data-widget_type=\"image.default\">\n\t\t\t\t<div class=\"elementor-widget-container\">\n\t\t\t\t\t\t\t\t\t\t\t\t\t\t\t<img loading=\"lazy\" decoding=\"async\" width=\"1600\" height=\"896\" src=\"https:\/\/brillianaire.sg\/wp-content\/uploads\/2025\/09\/d8a04e60-13f0-426e-a9c7-f0f873e463e1.jpg\" class=\"attachment-full size-full wp-image-10549\" alt=\"\" srcset=\"https:\/\/brillianaire.sg\/wp-content\/uploads\/2025\/09\/d8a04e60-13f0-426e-a9c7-f0f873e463e1.jpg 1600w, https:\/\/brillianaire.sg\/wp-content\/uploads\/2025\/09\/d8a04e60-13f0-426e-a9c7-f0f873e463e1-300x168.jpg 300w, https:\/\/brillianaire.sg\/wp-content\/uploads\/2025\/09\/d8a04e60-13f0-426e-a9c7-f0f873e463e1-1024x573.jpg 1024w, https:\/\/brillianaire.sg\/wp-content\/uploads\/2025\/09\/d8a04e60-13f0-426e-a9c7-f0f873e463e1-768x430.jpg 768w, https:\/\/brillianaire.sg\/wp-content\/uploads\/2025\/09\/d8a04e60-13f0-426e-a9c7-f0f873e463e1-1536x860.jpg 1536w, https:\/\/brillianaire.sg\/wp-content\/uploads\/2025\/09\/d8a04e60-13f0-426e-a9c7-f0f873e463e1-18x10.jpg 18w\" sizes=\"(max-width: 1600px) 100vw, 1600px\" \/>\t\t\t\t\t\t\t\t\t\t\t\t\t\t\t<\/div>\n\t\t\t\t<\/div>\n\t\t<div class=\"elementor-element elementor-element-226f44d e-con-full e-flex e-con e-child\" data-id=\"226f44d\" data-element_type=\"container\">\n\t\t\t\t<div class=\"elementor-element elementor-element-c3f1904 elementor-widget elementor-widget-heading\" data-id=\"c3f1904\" data-element_type=\"widget\" data-widget_type=\"heading.default\">\n\t\t\t\t<div class=\"elementor-widget-container\">\n\t\t\t\t\t<h2 class=\"elementor-heading-title elementor-size-default\">H\u1ed9i th\u1ea3o S\u1ee9c kh\u1ecfe<\/h2>\t\t\t\t<\/div>\n\t\t\t\t<\/div>\n\t\t\t\t<div class=\"elementor-element elementor-element-977f105 elementor-widget elementor-widget-text-editor\" data-id=\"977f105\" data-element_type=\"widget\" data-widget_type=\"text-editor.default\">\n\t\t\t\t<div class=\"elementor-widget-container\">\n\t\t\t\t\t\t\t\t\t\u0110\u1ea7u t\u01b0 v\u00e0o b\u1ea1n\t\t\t\t\t\t\t\t<\/div>\n\t\t\t\t<\/div>\n\t\t\t\t<div class=\"elementor-element elementor-element-f1b2ae9 elementor-align-justify elementor-mobile-align-justify elementor-widget-mobile__width-inherit elementor-widget elementor-widget-button\" data-id=\"f1b2ae9\" data-element_type=\"widget\" data-widget_type=\"button.default\">\n\t\t\t\t<div class=\"elementor-widget-container\">\n\t\t\t\t\t\t\t\t\t<div class=\"elementor-button-wrapper\">\n\t\t\t\t\t<a class=\"elementor-button elementor-button-link elementor-size-sm\" href=\"https:\/\/brillianaire.sg\/vi\/workshops\/wellness-workshop\/\">\n\t\t\t\t\t\t<span class=\"elementor-button-content-wrapper\">\n\t\t\t\t\t\t\t\t\t<span class=\"elementor-button-text\">T\u00ecm hi\u1ec3u th\u00eam<\/span>\n\t\t\t\t\t<\/span>\n\t\t\t\t\t<\/a>\n\t\t\t\t<\/div>\n\t\t\t\t\t\t\t\t<\/div>\n\t\t\t\t<\/div>\n\t\t\t\t<\/div>\n\t\t\t\t\t<\/div>\n\t\t\t\t<\/div>\n\t\t\t\t\t<\/div>\n\t\t\t\t<\/div>\n\t\t\t\t<\/div>\n\t\t\t\t\t<\/div>\n\t\t\t\t<\/div>\n\t\t\t\t<\/div>","protected":false},"excerpt":{"rendered":"<p>Workshops Learn. Grow. Transform. Our workshops are designed to make science and self-discovery practical, fun, and transformative. From neuroscience insights to emotional intelligence and wellness tools, we help kids, teens, and adults unlock their potential in everyday life. Neuroscience Workshop Unlock Your Brain: A Neuroscience Workshop for Young Adults &amp; Professionals Learn More Befriend Your&#8230;<\/p>","protected":false},"author":1,"featured_media":0,"parent":0,"menu_order":0,"comment_status":"closed","ping_status":"closed","template":"elementor_header_footer","meta":{"_kad_post_transparent":"","_kad_post_title":"hide","_kad_post_layout":"fullwidth","_kad_post_sidebar_id":"","_kad_post_content_style":"unboxed","_kad_post_vertical_padding":"hide","_kad_post_feature":"hide","_kad_post_feature_position":"","_kad_post_header":false,"_kad_post_footer":false,"footnotes":""},"class_list":["post-10293","page","type-page","status-publish","hentry"],"aioseo_notices":[],"_links":{"self":[{"href":"https:\/\/brillianaire.sg\/vi\/wp-json\/wp\/v2\/pages\/10293","targetHints":{"allow":["GET"]}}],"collection":[{"href":"https:\/\/brillianaire.sg\/vi\/wp-json\/wp\/v2\/pages"}],"about":[{"href":"https:\/\/brillianaire.sg\/vi\/wp-json\/wp\/v2\/types\/page"}],"author":[{"embeddable":true,"href":"https:\/\/brillianaire.sg\/vi\/wp-json\/wp\/v2\/users\/1"}],"replies":[{"embeddable":true,"href":"https:\/\/brillianaire.sg\/vi\/wp-json\/wp\/v2\/comments?post=10293"}],"version-history":[{"count":19,"href":"https:\/\/brillianaire.sg\/vi\/wp-json\/wp\/v2\/pages\/10293\/revisions"}],"predecessor-version":[{"id":10676,"href":"https:\/\/brillianaire.sg\/vi\/wp-json\/wp\/v2\/pages\/10293\/revisions\/10676"}],"wp:attachment":[{"href":"https:\/\/brillianaire.sg\/vi\/wp-json\/wp\/v2\/media?parent=10293"}],"curies":[{"name":"wp","href":"https:\/\/api.w.org\/{rel}","templated":true}]}}