{"id":10244,"date":"2025-09-17T11:32:31","date_gmt":"2025-09-17T11:32:31","guid":{"rendered":"https:\/\/brillianaire.sg\/?page_id=10244"},"modified":"2025-09-20T16:21:34","modified_gmt":"2025-09-20T16:21:34","slug":"programmes","status":"publish","type":"page","link":"https:\/\/brillianaire.sg\/vi\/programmes\/","title":{"rendered":"Ch\u01b0\u01a1ng tr\u00ecnh"},"content":{"rendered":"<div data-elementor-type=\"wp-page\" data-elementor-id=\"10244\" class=\"elementor elementor-10244\">\n\t\t\t\t<div class=\"elementor-element elementor-element-b7a1aee e-flex e-con-boxed e-con e-parent\" data-id=\"b7a1aee\" data-element_type=\"container\">\n\t\t\t\t\t<div class=\"e-con-inner\">\n\t\t<div class=\"elementor-element elementor-element-26974b9 e-con-full e-flex e-con e-child\" data-id=\"26974b9\" data-element_type=\"container\">\n\t\t\t\t<div class=\"elementor-element elementor-element-fae55cd elementor-widget__width-inherit animated-slow elementor-invisible elementor-widget elementor-widget-heading\" data-id=\"fae55cd\" data-element_type=\"widget\" data-settings=\"{&quot;_animation&quot;:&quot;fadeIn&quot;}\" data-widget_type=\"heading.default\">\n\t\t\t\t<div class=\"elementor-widget-container\">\n\t\t\t\t\t<h2 class=\"elementor-heading-title elementor-size-default\">Ch\u01b0\u01a1ng tr\u00ecnh<\/h2>\t\t\t\t<\/div>\n\t\t\t\t<\/div>\n\t\t\t\t<\/div>\n\t\t\t\t\t<\/div>\n\t\t\t\t<\/div>\n\t\t<div class=\"elementor-element elementor-element-a996ed1 e-flex e-con-boxed e-con e-parent\" data-id=\"a996ed1\" data-element_type=\"container\">\n\t\t\t\t\t<div class=\"e-con-inner\">\n\t\t<div class=\"elementor-element elementor-element-c5e54b6 e-con-full e-flex e-con e-child\" data-id=\"c5e54b6\" data-element_type=\"container\">\n\t\t<div class=\"elementor-element elementor-element-391adaa e-con-full animated-slow e-flex elementor-invisible e-con e-child\" data-id=\"391adaa\" data-element_type=\"container\" data-settings=\"{&quot;animation&quot;:&quot;fadeIn&quot;}\">\n\t\t<div class=\"elementor-element elementor-element-dacc144 e-con-full e-flex e-con e-child\" data-id=\"dacc144\" data-element_type=\"container\">\n\t\t\t\t<div class=\"elementor-element elementor-element-dc30af8 elementor-widget__width-initial elementor-widget elementor-widget-heading\" data-id=\"dc30af8\" data-element_type=\"widget\" data-widget_type=\"heading.default\">\n\t\t\t\t<div class=\"elementor-widget-container\">\n\t\t\t\t\t<h2 class=\"elementor-heading-title elementor-size-default\">Gia \u0111\u00ecnh n\u0103ng \u0111\u1ed9ng<\/h2>\t\t\t\t<\/div>\n\t\t\t\t<\/div>\n\t\t\t\t<div class=\"elementor-element elementor-element-c92af3a elementor-widget__width-initial elementor-widget elementor-widget-text-editor\" data-id=\"c92af3a\" data-element_type=\"widget\" data-widget_type=\"text-editor.default\">\n\t\t\t\t<div class=\"elementor-widget-container\">\n\t\t\t\t\t\t\t\t\t<p><strong>T\u0103ng c\u01b0\u1eddng li\u00ean k\u1ebft, khai ph\u00e1 ti\u1ec1m n\u0103ng<\/strong><\/p><p>G\u1eafn k\u1ebft gia \u0111\u00ecnh b\u1ea1n h\u01a1n v\u1edbi ch\u01b0\u01a1ng tr\u00ecnh \u0111\u01b0\u1ee3c thi\u1ebft k\u1ebf \u0111\u1ec3 hi\u1ec3u \u0111\u01b0\u1ee3c \u0111i\u1ec3m m\u1ea1nh ri\u00eang c\u1ee7a t\u1eebng th\u00e0nh vi\u00ean v\u00e0 c\u1ea3i thi\u1ec7n m\u1ed1i quan h\u1ec7 th\u00f4ng qua nh\u1eefng hi\u1ec3u bi\u1ebft chung v\u00e0 h\u01b0\u1edbng d\u1eabn hu\u1ea5n luy\u1ec7n.<\/p>\t\t\t\t\t\t\t\t<\/div>\n\t\t\t\t<\/div>\n\t\t\t\t<div class=\"elementor-element elementor-element-ca154c1 elementor-icon-list--layout-traditional elementor-list-item-link-full_width elementor-widget elementor-widget-icon-list\" data-id=\"ca154c1\" data-element_type=\"widget\" data-widget_type=\"icon-list.default\">\n\t\t\t\t<div class=\"elementor-widget-container\">\n\t\t\t\t\t\t\t<ul class=\"elementor-icon-list-items\">\n\t\t\t\t\t\t\t<li class=\"elementor-icon-list-item\">\n\t\t\t\t\t\t\t\t\t\t\t<span class=\"elementor-icon-list-icon\">\n\t\t\t\t\t\t\t<svg aria-hidden=\"true\" class=\"e-font-icon-svg e-fas-check-circle\" viewbox=\"0 0 512 512\" xmlns=\"http:\/\/www.w3.org\/2000\/svg\"><path d=\"M504 256c0 136.967-111.033 248-248 248S8 392.967 8 256 119.033 8 256 8s248 111.033 248 248zM227.314 387.314l184-184c6.248-6.248 6.248-16.379 0-22.627l-22.627-22.627c-6.248-6.249-16.379-6.249-22.628 0L216 308.118l-70.059-70.059c-6.248-6.248-16.379-6.248-22.628 0l-22.627 22.627c-6.248 6.248-6.248 16.379 0 22.627l104 104c6.249 6.249 16.379 6.249 22.628.001z\"><\/path><\/svg>\t\t\t\t\t\t<\/span>\n\t\t\t\t\t\t\t\t\t\t<span class=\"elementor-icon-list-text\">1 Ph\u00e2n t\u00edch c\u00e1 nh\u00e2n \u0111\u1ec3 t\u1ed5ng quan v\u1ec1 gia \u0111\u00ecnh<\/span>\n\t\t\t\t\t\t\t\t\t<\/li>\n\t\t\t\t\t\t\t\t<li class=\"elementor-icon-list-item\">\n\t\t\t\t\t\t\t\t\t\t\t<span class=\"elementor-icon-list-icon\">\n\t\t\t\t\t\t\t<svg aria-hidden=\"true\" class=\"e-font-icon-svg e-fas-check-circle\" viewbox=\"0 0 512 512\" xmlns=\"http:\/\/www.w3.org\/2000\/svg\"><path d=\"M504 256c0 136.967-111.033 248-248 248S8 392.967 8 256 119.033 8 256 8s248 111.033 248 248zM227.314 387.314l184-184c6.248-6.248 6.248-16.379 0-22.627l-22.627-22.627c-6.248-6.249-16.379-6.249-22.628 0L216 308.118l-70.059-70.059c-6.248-6.248-16.379-6.248-22.628 0l-22.627 22.627c-6.248 6.248-6.248 16.379 0 22.627l104 104c6.249 6.249 16.379 6.249 22.628.001z\"><\/path><\/svg>\t\t\t\t\t\t<\/span>\n\t\t\t\t\t\t\t\t\t\t<span class=\"elementor-icon-list-text\">2 Ph\u00e2n t\u00edch Indivisona d\u00e0nh cho cha m\u1eb9 ho\u1eb7c ng\u01b0\u1eddi l\u1edbn<\/span>\n\t\t\t\t\t\t\t\t\t<\/li>\n\t\t\t\t\t\t\t\t<li class=\"elementor-icon-list-item\">\n\t\t\t\t\t\t\t\t\t\t\t<span class=\"elementor-icon-list-icon\">\n\t\t\t\t\t\t\t<svg aria-hidden=\"true\" class=\"e-font-icon-svg e-fas-check-circle\" viewbox=\"0 0 512 512\" xmlns=\"http:\/\/www.w3.org\/2000\/svg\"><path d=\"M504 256c0 136.967-111.033 248-248 248S8 392.967 8 256 119.033 8 256 8s248 111.033 248 248zM227.314 387.314l184-184c6.248-6.248 6.248-16.379 0-22.627l-22.627-22.627c-6.248-6.249-16.379-6.249-22.628 0L216 308.118l-70.059-70.059c-6.248-6.248-16.379-6.248-22.628 0l-22.627 22.627c-6.248 6.248-6.248 16.379 0 22.627l104 104c6.249 6.249 16.379 6.249 22.628.001z\"><\/path><\/svg>\t\t\t\t\t\t<\/span>\n\t\t\t\t\t\t\t\t\t\t<span class=\"elementor-icon-list-text\">3 bu\u1ed5i hu\u1ea5n luy\u1ec7n c\u00e1 nh\u00e2n<\/span>\n\t\t\t\t\t\t\t\t\t<\/li>\n\t\t\t\t\t\t\t\t<li class=\"elementor-icon-list-item\">\n\t\t\t\t\t\t\t\t\t\t\t<span class=\"elementor-icon-list-icon\">\n\t\t\t\t\t\t\t<svg aria-hidden=\"true\" class=\"e-font-icon-svg e-fas-check-circle\" viewbox=\"0 0 512 512\" xmlns=\"http:\/\/www.w3.org\/2000\/svg\"><path d=\"M504 256c0 136.967-111.033 248-248 248S8 392.967 8 256 119.033 8 256 8s248 111.033 248 248zM227.314 387.314l184-184c6.248-6.248 6.248-16.379 0-22.627l-22.627-22.627c-6.248-6.249-16.379-6.249-22.628 0L216 308.118l-70.059-70.059c-6.248-6.248-16.379-6.248-22.628 0l-22.627 22.627c-6.248 6.248-6.248 16.379 0 22.627l104 104c6.249 6.249 16.379 6.249 22.628.001z\"><\/path><\/svg>\t\t\t\t\t\t<\/span>\n\t\t\t\t\t\t\t\t\t\t<span class=\"elementor-icon-list-text\">C\u00e1c chi\u1ebfn l\u01b0\u1ee3c th\u01b0 gi\u00e3n v\u00e0 gi\u1ea3m c\u0103ng th\u1eb3ng thi\u1ebft th\u1ef1c cho c\u1ea3 gia \u0111\u00ecnh<\/span>\n\t\t\t\t\t\t\t\t\t<\/li>\n\t\t\t\t\t\t<\/ul>\n\t\t\t\t\t\t<\/div>\n\t\t\t\t<\/div>\n\t\t\t\t<\/div>\n\t\t\t\t<\/div>\n\t\t<div class=\"elementor-element elementor-element-6afc522 e-con-full animated-slow e-flex elementor-invisible e-con e-child\" data-id=\"6afc522\" data-element_type=\"container\" data-settings=\"{&quot;animation&quot;:&quot;fadeIn&quot;,&quot;animation_delay&quot;:200}\">\n\t\t\t\t<div class=\"elementor-element elementor-element-670b905 elementor-widget elementor-widget-image\" data-id=\"670b905\" data-element_type=\"widget\" data-widget_type=\"image.default\">\n\t\t\t\t<div class=\"elementor-widget-container\">\n\t\t\t\t\t\t\t\t\t\t\t\t\t\t\t<img fetchpriority=\"high\" decoding=\"async\" width=\"1024\" height=\"682\" src=\"https:\/\/brillianaire.sg\/wp-content\/uploads\/2025\/09\/d9e84b4d-0592-4929-930c-297a2edfcae3-1024x682.jpg\" class=\"attachment-large size-large wp-image-10550\" alt=\"\" srcset=\"https:\/\/brillianaire.sg\/wp-content\/uploads\/2025\/09\/d9e84b4d-0592-4929-930c-297a2edfcae3-1024x682.jpg 1024w, https:\/\/brillianaire.sg\/wp-content\/uploads\/2025\/09\/d9e84b4d-0592-4929-930c-297a2edfcae3-300x200.jpg 300w, https:\/\/brillianaire.sg\/wp-content\/uploads\/2025\/09\/d9e84b4d-0592-4929-930c-297a2edfcae3-768x512.jpg 768w, https:\/\/brillianaire.sg\/wp-content\/uploads\/2025\/09\/d9e84b4d-0592-4929-930c-297a2edfcae3-1536x1023.jpg 1536w, https:\/\/brillianaire.sg\/wp-content\/uploads\/2025\/09\/d9e84b4d-0592-4929-930c-297a2edfcae3-18x12.jpg 18w, https:\/\/brillianaire.sg\/wp-content\/uploads\/2025\/09\/d9e84b4d-0592-4929-930c-297a2edfcae3.jpg 1600w\" sizes=\"(max-width: 1024px) 100vw, 1024px\" \/>\t\t\t\t\t\t\t\t\t\t\t\t\t\t\t<\/div>\n\t\t\t\t<\/div>\n\t\t\t\t<\/div>\n\t\t\t\t<\/div>\n\t\t\t\t\t<\/div>\n\t\t\t\t<\/div>\n\t\t<div class=\"elementor-element elementor-element-2c80399 e-flex e-con-boxed e-con e-parent\" data-id=\"2c80399\" data-element_type=\"container\">\n\t\t\t\t\t<div class=\"e-con-inner\">\n\t\t<div class=\"elementor-element elementor-element-d0e3726 e-con-full e-flex e-con e-child\" data-id=\"d0e3726\" data-element_type=\"container\">\n\t\t<div class=\"elementor-element elementor-element-0bedade e-con-full animated-slow e-flex elementor-invisible e-con e-child\" data-id=\"0bedade\" data-element_type=\"container\" data-settings=\"{&quot;animation&quot;:&quot;fadeIn&quot;}\">\n\t\t<div class=\"elementor-element elementor-element-f0bed45 e-con-full e-flex e-con e-child\" data-id=\"f0bed45\" data-element_type=\"container\">\n\t\t\t\t<div class=\"elementor-element elementor-element-3c5e67f elementor-widget__width-initial elementor-widget elementor-widget-heading\" data-id=\"3c5e67f\" data-element_type=\"widget\" data-widget_type=\"heading.default\">\n\t\t\t\t<div class=\"elementor-widget-container\">\n\t\t\t\t\t<h2 class=\"elementor-heading-title elementor-size-default\">C\u00e1 nh\u00e2n n\u0103ng \u0111\u1ed9ng<\/h2>\t\t\t\t<\/div>\n\t\t\t\t<\/div>\n\t\t\t\t<div class=\"elementor-element elementor-element-46e9729 elementor-widget__width-initial elementor-widget elementor-widget-text-editor\" data-id=\"46e9729\" data-element_type=\"widget\" data-widget_type=\"text-editor.default\">\n\t\t\t\t<div class=\"elementor-widget-container\">\n\t\t\t\t\t\t\t\t\t<p><strong>Kh\u00e1m ph\u00e1 b\u1ea3n th\u00e2n, ph\u00e1t tri\u1ec3n c\u00f9ng s\u1ef1 h\u01b0\u1edbng d\u1eabn<\/strong><\/p><p>M\u1ed9t ch\u01b0\u01a1ng tr\u00ecnh t\u1eadp trung d\u00e0nh cho nh\u1eefng c\u00e1 nh\u00e2n t\u00ecm ki\u1ebfm s\u1ef1 r\u00f5 r\u00e0ng, t\u1ef1 tin v\u00e0 c\u00e2n b\u1eb1ng trong cu\u1ed9c s\u1ed1ng th\u00f4ng qua ph\u00e2n t\u00edch v\u00e0 hu\u1ea5n luy\u1ec7n c\u00e1 nh\u00e2n.<\/p>\t\t\t\t\t\t\t\t<\/div>\n\t\t\t\t<\/div>\n\t\t\t\t<div class=\"elementor-element elementor-element-09c41b6 elementor-icon-list--layout-traditional elementor-list-item-link-full_width elementor-widget elementor-widget-icon-list\" data-id=\"09c41b6\" data-element_type=\"widget\" data-widget_type=\"icon-list.default\">\n\t\t\t\t<div class=\"elementor-widget-container\">\n\t\t\t\t\t\t\t<ul class=\"elementor-icon-list-items\">\n\t\t\t\t\t\t\t<li class=\"elementor-icon-list-item\">\n\t\t\t\t\t\t\t\t\t\t\t<span class=\"elementor-icon-list-icon\">\n\t\t\t\t\t\t\t<svg aria-hidden=\"true\" class=\"e-font-icon-svg e-fas-check-circle\" viewbox=\"0 0 512 512\" xmlns=\"http:\/\/www.w3.org\/2000\/svg\"><path d=\"M504 256c0 136.967-111.033 248-248 248S8 392.967 8 256 119.033 8 256 8s248 111.033 248 248zM227.314 387.314l184-184c6.248-6.248 6.248-16.379 0-22.627l-22.627-22.627c-6.248-6.249-16.379-6.249-22.628 0L216 308.118l-70.059-70.059c-6.248-6.248-16.379-6.248-22.628 0l-22.627 22.627c-6.248 6.248-6.248 16.379 0 22.627l104 104c6.249 6.249 16.379 6.249 22.628.001z\"><\/path><\/svg>\t\t\t\t\t\t<\/span>\n\t\t\t\t\t\t\t\t\t\t<span class=\"elementor-icon-list-text\">1 Ph\u00e2n t\u00edch c\u00e1 nh\u00e2n \u0111\u1ec3 l\u1eadp b\u1ea3n \u0111\u1ed3 c\u00e1c \u0111i\u1ec3m m\u1ea1nh \u0111\u1ed9c \u0111\u00e1o c\u1ee7a b\u1ea1n<\/span>\n\t\t\t\t\t\t\t\t\t<\/li>\n\t\t\t\t\t\t\t\t<li class=\"elementor-icon-list-item\">\n\t\t\t\t\t\t\t\t\t\t\t<span class=\"elementor-icon-list-icon\">\n\t\t\t\t\t\t\t<svg aria-hidden=\"true\" class=\"e-font-icon-svg e-fas-check-circle\" viewbox=\"0 0 512 512\" xmlns=\"http:\/\/www.w3.org\/2000\/svg\"><path d=\"M504 256c0 136.967-111.033 248-248 248S8 392.967 8 256 119.033 8 256 8s248 111.033 248 248zM227.314 387.314l184-184c6.248-6.248 6.248-16.379 0-22.627l-22.627-22.627c-6.248-6.249-16.379-6.249-22.628 0L216 308.118l-70.059-70.059c-6.248-6.248-16.379-6.248-22.628 0l-22.627 22.627c-6.248 6.248-6.248 16.379 0 22.627l104 104c6.249 6.249 16.379 6.249 22.628.001z\"><\/path><\/svg>\t\t\t\t\t\t<\/span>\n\t\t\t\t\t\t\t\t\t\t<span class=\"elementor-icon-list-text\">3 bu\u1ed5i hu\u1ea5n luy\u1ec7n \u0111\u01b0\u1ee3c thi\u1ebft k\u1ebf ri\u00eang \u0111\u1ec3 ph\u00e1t tri\u1ec3n v\u00e0 ph\u1ee5c h\u1ed3i<\/span>\n\t\t\t\t\t\t\t\t\t<\/li>\n\t\t\t\t\t\t\t\t<li class=\"elementor-icon-list-item\">\n\t\t\t\t\t\t\t\t\t\t\t<span class=\"elementor-icon-list-icon\">\n\t\t\t\t\t\t\t<svg aria-hidden=\"true\" class=\"e-font-icon-svg e-fas-check-circle\" viewbox=\"0 0 512 512\" xmlns=\"http:\/\/www.w3.org\/2000\/svg\"><path d=\"M504 256c0 136.967-111.033 248-248 248S8 392.967 8 256 119.033 8 256 8s248 111.033 248 248zM227.314 387.314l184-184c6.248-6.248 6.248-16.379 0-22.627l-22.627-22.627c-6.248-6.249-16.379-6.249-22.628 0L216 308.118l-70.059-70.059c-6.248-6.248-16.379-6.248-22.628 0l-22.627 22.627c-6.248 6.248-6.248 16.379 0 22.627l104 104c6.249 6.249 16.379 6.249 22.628.001z\"><\/path><\/svg>\t\t\t\t\t\t<\/span>\n\t\t\t\t\t\t\t\t\t\t<span class=\"elementor-icon-list-text\">C\u00e1c c\u00f4ng c\u1ee5 gi\u1ea3m c\u0103ng th\u1eb3ng v\u00e0 th\u01b0 gi\u00e3n \u0111\u1ec3 c\u00e2n b\u1eb1ng cu\u1ed9c s\u1ed1ng h\u00e0ng ng\u00e0y<\/span>\n\t\t\t\t\t\t\t\t\t<\/li>\n\t\t\t\t\t\t<\/ul>\n\t\t\t\t\t\t<\/div>\n\t\t\t\t<\/div>\n\t\t\t\t<\/div>\n\t\t\t\t<\/div>\n\t\t<div class=\"elementor-element elementor-element-f47f7bd e-con-full animated-slow e-flex elementor-invisible e-con e-child\" data-id=\"f47f7bd\" data-element_type=\"container\" data-settings=\"{&quot;animation&quot;:&quot;fadeIn&quot;,&quot;animation_delay&quot;:200}\">\n\t\t\t\t<div class=\"elementor-element elementor-element-8745f0a elementor-widget elementor-widget-image\" data-id=\"8745f0a\" data-element_type=\"widget\" data-widget_type=\"image.default\">\n\t\t\t\t<div class=\"elementor-widget-container\">\n\t\t\t\t\t\t\t\t\t\t\t\t\t\t\t<img decoding=\"async\" width=\"1024\" height=\"576\" src=\"https:\/\/brillianaire.sg\/wp-content\/uploads\/2022\/06\/confidence-1536x864-1-1024x576.jpg\" class=\"attachment-large size-large wp-image-9575\" alt=\"\" srcset=\"https:\/\/brillianaire.sg\/wp-content\/uploads\/2022\/06\/confidence-1536x864-1-1024x576.jpg 1024w, https:\/\/brillianaire.sg\/wp-content\/uploads\/2022\/06\/confidence-1536x864-1-300x169.jpg 300w, https:\/\/brillianaire.sg\/wp-content\/uploads\/2022\/06\/confidence-1536x864-1-768x432.jpg 768w, https:\/\/brillianaire.sg\/wp-content\/uploads\/2022\/06\/confidence-1536x864-1.jpg 1536w\" sizes=\"(max-width: 1024px) 100vw, 1024px\" \/>\t\t\t\t\t\t\t\t\t\t\t\t\t\t\t<\/div>\n\t\t\t\t<\/div>\n\t\t\t\t<\/div>\n\t\t\t\t<\/div>\n\t\t\t\t\t<\/div>\n\t\t\t\t<\/div>\n\t\t<div class=\"elementor-element elementor-element-191503b e-flex e-con-boxed e-con e-parent\" data-id=\"191503b\" data-element_type=\"container\">\n\t\t\t\t\t<div class=\"e-con-inner\">\n\t\t<div class=\"elementor-element elementor-element-b3808f3 e-con-full e-flex e-con e-child\" data-id=\"b3808f3\" data-element_type=\"container\">\n\t\t<div class=\"elementor-element elementor-element-beba702 e-con-full animated-slow e-flex elementor-invisible e-con e-child\" data-id=\"beba702\" data-element_type=\"container\" data-settings=\"{&quot;animation&quot;:&quot;fadeIn&quot;}\">\n\t\t<div class=\"elementor-element elementor-element-588bbaa e-con-full e-flex e-con e-child\" data-id=\"588bbaa\" data-element_type=\"container\">\n\t\t\t\t<div class=\"elementor-element elementor-element-51c794b elementor-widget__width-initial elementor-widget elementor-widget-heading\" data-id=\"51c794b\" data-element_type=\"widget\" data-widget_type=\"heading.default\">\n\t\t\t\t<div class=\"elementor-widget-container\">\n\t\t\t\t\t<h2 class=\"elementor-heading-title elementor-size-default\">S\u1ee9c kh\u1ecfe<\/h2>\t\t\t\t<\/div>\n\t\t\t\t<\/div>\n\t\t\t\t<div class=\"elementor-element elementor-element-f4fa4de elementor-widget__width-initial elementor-widget elementor-widget-text-editor\" data-id=\"f4fa4de\" data-element_type=\"widget\" data-widget_type=\"text-editor.default\">\n\t\t\t\t<div class=\"elementor-widget-container\">\n\t\t\t\t\t\t\t\t\t<p><strong>T\u0103ng c\u01b0\u1eddng s\u1ee9c kh\u1ecfe c\u1ee7a b\u1ea1n, c\u1ea3 b\u00ean trong l\u1eabn b\u00ean ngo\u00e0i<\/strong><\/p><p>\u0110\u01b0\u1ee3c thi\u1ebft k\u1ebf \u0111\u1ec3 h\u1ed7 tr\u1ee3 c\u1ea3 v\u1ec1 tinh th\u1ea7n v\u00e0 th\u1ec3 ch\u1ea5t, ch\u01b0\u01a1ng tr\u00ecnh n\u00e0y cung c\u1ea5p c\u00e1i nh\u00ecn s\u00e2u s\u1eafc v\u1ec1 t\u00ednh c\u00e1ch c\u1ee7a b\u1ea1n \u0111\u1ed3ng th\u1eddi cung c\u1ea5p cho b\u1ea1n c\u00e1c c\u00f4ng c\u1ee5 \u0111\u1ec3 nu\u00f4i d\u01b0\u1ee1ng s\u1ee9c kh\u1ecfe l\u00e2u d\u00e0i.<\/p>\t\t\t\t\t\t\t\t<\/div>\n\t\t\t\t<\/div>\n\t\t\t\t<div class=\"elementor-element elementor-element-579c7c9 elementor-icon-list--layout-traditional elementor-list-item-link-full_width elementor-widget elementor-widget-icon-list\" data-id=\"579c7c9\" data-element_type=\"widget\" data-widget_type=\"icon-list.default\">\n\t\t\t\t<div class=\"elementor-widget-container\">\n\t\t\t\t\t\t\t<ul class=\"elementor-icon-list-items\">\n\t\t\t\t\t\t\t<li class=\"elementor-icon-list-item\">\n\t\t\t\t\t\t\t\t\t\t\t<span class=\"elementor-icon-list-icon\">\n\t\t\t\t\t\t\t<svg aria-hidden=\"true\" class=\"e-font-icon-svg e-fas-check-circle\" viewbox=\"0 0 512 512\" xmlns=\"http:\/\/www.w3.org\/2000\/svg\"><path d=\"M504 256c0 136.967-111.033 248-248 248S8 392.967 8 256 119.033 8 256 8s248 111.033 248 248zM227.314 387.314l184-184c6.248-6.248 6.248-16.379 0-22.627l-22.627-22.627c-6.248-6.249-16.379-6.249-22.628 0L216 308.118l-70.059-70.059c-6.248-6.248-16.379-6.248-22.628 0l-22.627 22.627c-6.248 6.248-6.248 16.379 0 22.627l104 104c6.249 6.249 16.379 6.249 22.628.001z\"><\/path><\/svg>\t\t\t\t\t\t<\/span>\n\t\t\t\t\t\t\t\t\t\t<span class=\"elementor-icon-list-text\">1 Ph\u00e2n t\u00edch Indivisona \u0111\u1ec3 kh\u00e1m ph\u00e1 \u0111i\u1ec3m m\u1ea1nh v\u00e0 l\u0129nh v\u1ef1c t\u0103ng tr\u01b0\u1edfng<\/span>\n\t\t\t\t\t\t\t\t\t<\/li>\n\t\t\t\t\t\t\t\t<li class=\"elementor-icon-list-item\">\n\t\t\t\t\t\t\t\t\t\t\t<span class=\"elementor-icon-list-icon\">\n\t\t\t\t\t\t\t<svg aria-hidden=\"true\" class=\"e-font-icon-svg e-fas-check-circle\" viewbox=\"0 0 512 512\" xmlns=\"http:\/\/www.w3.org\/2000\/svg\"><path d=\"M504 256c0 136.967-111.033 248-248 248S8 392.967 8 256 119.033 8 256 8s248 111.033 248 248zM227.314 387.314l184-184c6.248-6.248 6.248-16.379 0-22.627l-22.627-22.627c-6.248-6.249-16.379-6.249-22.628 0L216 308.118l-70.059-70.059c-6.248-6.248-16.379-6.248-22.628 0l-22.627 22.627c-6.248 6.248-6.248 16.379 0 22.627l104 104c6.249 6.249 16.379 6.249 22.628.001z\"><\/path><\/svg>\t\t\t\t\t\t<\/span>\n\t\t\t\t\t\t\t\t\t\t<span class=\"elementor-icon-list-text\">1 Ch\u01b0\u01a1ng tr\u00ecnh Happy Brain t\u00f9y ch\u1ec9nh<\/span>\n\t\t\t\t\t\t\t\t\t<\/li>\n\t\t\t\t\t\t\t\t<li class=\"elementor-icon-list-item\">\n\t\t\t\t\t\t\t\t\t\t\t<span class=\"elementor-icon-list-icon\">\n\t\t\t\t\t\t\t<svg aria-hidden=\"true\" class=\"e-font-icon-svg e-fas-check-circle\" viewbox=\"0 0 512 512\" xmlns=\"http:\/\/www.w3.org\/2000\/svg\"><path d=\"M504 256c0 136.967-111.033 248-248 248S8 392.967 8 256 119.033 8 256 8s248 111.033 248 248zM227.314 387.314l184-184c6.248-6.248 6.248-16.379 0-22.627l-22.627-22.627c-6.248-6.249-16.379-6.249-22.628 0L216 308.118l-70.059-70.059c-6.248-6.248-16.379-6.248-22.628 0l-22.627 22.627c-6.248 6.248-6.248 16.379 0 22.627l104 104c6.249 6.249 16.379 6.249 22.628.001z\"><\/path><\/svg>\t\t\t\t\t\t<\/span>\n\t\t\t\t\t\t\t\t\t\t<span class=\"elementor-icon-list-text\">Gi\u1ea3i ph\u00e1p th\u01b0 gi\u00e3n v\u00e0 gi\u1ea3m c\u0103ng th\u1eb3ng thi\u1ebft th\u1ef1c<\/span>\n\t\t\t\t\t\t\t\t\t<\/li>\n\t\t\t\t\t\t<\/ul>\n\t\t\t\t\t\t<\/div>\n\t\t\t\t<\/div>\n\t\t\t\t<\/div>\n\t\t\t\t<\/div>\n\t\t<div class=\"elementor-element elementor-element-4ec9787 e-con-full animated-slow e-flex elementor-invisible e-con e-child\" data-id=\"4ec9787\" data-element_type=\"container\" data-settings=\"{&quot;animation&quot;:&quot;fadeIn&quot;,&quot;animation_delay&quot;:200}\">\n\t\t\t\t<div class=\"elementor-element elementor-element-b708b4d elementor-widget elementor-widget-image\" data-id=\"b708b4d\" data-element_type=\"widget\" data-widget_type=\"image.default\">\n\t\t\t\t<div class=\"elementor-widget-container\">\n\t\t\t\t\t\t\t\t\t\t\t\t\t\t\t<img decoding=\"async\" src=\"https:\/\/brillianaire.sg\/wp-content\/uploads\/elementor\/thumbs\/WhatsApp-Image-2024-11-05-at-11.10.29-qxdzcrx348fx9vyp878sh7snvrsjsa5se83utchodc.jpeg\" title=\"H\u00ecnh \u1ea3nh WhatsApp 2024-11-05 l\u00fac 11.10.29\" alt=\"WhatsApp Image 2024-11-05 at 11.10.29\" loading=\"lazy\" \/>\t\t\t\t\t\t\t\t\t\t\t\t\t\t\t<\/div>\n\t\t\t\t<\/div>\n\t\t\t\t<\/div>\n\t\t\t\t<\/div>\n\t\t\t\t\t<\/div>\n\t\t\t\t<\/div>\n\t\t\t\t<\/div>","protected":false},"excerpt":{"rendered":"<p>Programmes Family Dynamic Strengthen Bonds, Unlock Potential Bring your family closer with a program designed to understand each member\u2019s unique strengths and improve relationships through shared insights and guided coaching. 1 Unividual analysis for the family overview 2 Indivisona analyses for parents or adults 3 personalized coaching sessions Practical stress-relief &amp; relaxation strategies for the&#8230;<\/p>","protected":false},"author":1,"featured_media":0,"parent":0,"menu_order":0,"comment_status":"closed","ping_status":"closed","template":"elementor_header_footer","meta":{"_kad_post_transparent":"","_kad_post_title":"hide","_kad_post_layout":"fullwidth","_kad_post_sidebar_id":"","_kad_post_content_style":"unboxed","_kad_post_vertical_padding":"hide","_kad_post_feature":"hide","_kad_post_feature_position":"","_kad_post_header":false,"_kad_post_footer":false,"footnotes":""},"class_list":["post-10244","page","type-page","status-publish","hentry"],"aioseo_notices":[],"_links":{"self":[{"href":"https:\/\/brillianaire.sg\/vi\/wp-json\/wp\/v2\/pages\/10244","targetHints":{"allow":["GET"]}}],"collection":[{"href":"https:\/\/brillianaire.sg\/vi\/wp-json\/wp\/v2\/pages"}],"about":[{"href":"https:\/\/brillianaire.sg\/vi\/wp-json\/wp\/v2\/types\/page"}],"author":[{"embeddable":true,"href":"https:\/\/brillianaire.sg\/vi\/wp-json\/wp\/v2\/users\/1"}],"replies":[{"embeddable":true,"href":"https:\/\/brillianaire.sg\/vi\/wp-json\/wp\/v2\/comments?post=10244"}],"version-history":[{"count":22,"href":"https:\/\/brillianaire.sg\/vi\/wp-json\/wp\/v2\/pages\/10244\/revisions"}],"predecessor-version":[{"id":10635,"href":"https:\/\/brillianaire.sg\/vi\/wp-json\/wp\/v2\/pages\/10244\/revisions\/10635"}],"wp:attachment":[{"href":"https:\/\/brillianaire.sg\/vi\/wp-json\/wp\/v2\/media?parent=10244"}],"curies":[{"name":"wp","href":"https:\/\/api.w.org\/{rel}","templated":true}]}}